{"id":147,"date":"2009-05-22T16:39:02","date_gmt":"2009-05-22T21:39:02","guid":{"rendered":"http:\/\/blog.espol.edu.ec\/hadoop\/?page_id=147"},"modified":"2009-05-29T13:17:00","modified_gmt":"2009-05-29T18:17:00","slug":"actividades","status":"publish","type":"page","link":"https:\/\/blog.espol.edu.ec\/hadoop\/materia-de-graduacion\/actividades\/","title":{"rendered":"Actividades"},"content":{"rendered":"<p>Hasta el viernes 5 de junio:<\/p>\n<ul>\n<li>Terminar el laboratorio (LineIndexer) iniciado en la clase del 29 de mayo. Enviarme screenshots u otra documentaci\u00f3n que muestre la ejecuci\u00f3n del LineIndexer.<\/li>\n<li>Completar el <a href=\"http:\/\/blog.espol.edu.ec\/hadoop\/files\/2009\/05\/avance_01.docx\">documento adjunto<\/a> sobre objetivos\/alcance\/etc. y envi\u00e1rmelo (de ser posible hasta el lunes 1) \u00a0por email.<\/li>\n<li>Avanzar con el proyecto conforme al cronograma de trabajo de cada grupo y leer al menos un paper de la bibliograf\u00eda del grupo.<\/li>\n<li>(puede que surja algo m\u00e1s durante la semana...)<\/li>\n<\/ul>\n<p>Hasta el viernes 29 de mayo:<\/p>\n<ul>\n<li>Instalar una<a href=\"http:\/\/blog.espol.edu.ec\/hadoop\/2009\/05\/20\/version-de-hadoop-que-usaremos\/\"> m\u00e1quina virtual con Hadoop<\/a>.<\/li>\n<li>Preparar un documento con: nombre del proyecto (pueden modificar el planteado), integrantes, objetivo, alcance, y cronograma de trabajo. El cronograma debe incluir un responsable de las actividades y una indicaci\u00f3n de qu\u00e9 se entregar\u00e1 en cada uno de los avances indicados en el <a href=\"http:\/\/blog.espol.edu.ec\/hadoop\/files\/2009\/05\/ig1002_procesamiento-masivo-y-escalable-de-datos.doc\">syllabus<\/a>.<\/li>\n<li>Investigar un poco del tema del proyecto y empezar con la revisi\u00f3n de la literatura. Compilar una lista de al menos 10 art\u00edculos\/papers\/etc. que ser\u00e1n revisados por los miembros del grupo como parte de la revisi\u00f3n de la literatura. Un buen punto de partida es usar <a href=\"scholar.google.com\">scholar.google.com<\/a>. Yo tengo acceso a la biblioteca digital de la ACM y la de la IEEE, as\u00ed que los puedo ayudar consiguiendo ciertos papers con acceso restringido.<\/li>\n<li>Leer el paper <a href=\"http:\/\/blog.espol.edu.ec\/hadoop\/2009\/05\/22\/\u00bfmoriran-las-datawarehouses\/\">MAD Skills: New Analysis Practices for Big Data<\/a>, que ser\u00e1 discutido en clase.<\/li>\n<li>\u00a1No olviden <a href=\"http:\/\/blog.espol.edu.ec\/hadoop\/feed\/\">subscribirse<\/a> al blog!<\/li>\n<\/ul>\n","protected":false},"excerpt":{"rendered":"<p>Hasta el viernes 5 de junio: Terminar el laboratorio (LineIndexer) iniciado en la clase del 29 de mayo. Enviarme screenshots u otra documentaci\u00f3n que muestre la ejecuci\u00f3n del LineIndexer. Completar el documento adjunto sobre objetivos\/alcance\/etc. y envi\u00e1rmelo (de ser posible hasta el lunes 1) \u00a0por email. Avanzar con el proyecto conforme al cronograma de trabajo [&hellip;]<\/p>\n","protected":false},"author":1510,"featured_media":0,"parent":42,"menu_order":0,"comment_status":"open","ping_status":"open","template":"","meta":{"footnotes":""},"class_list":["post-147","page","type-page","status-publish","hentry"],"_links":{"self":[{"href":"https:\/\/blog.espol.edu.ec\/hadoop\/wp-json\/wp\/v2\/pages\/147","targetHints":{"allow":["GET"]}}],"collection":[{"href":"https:\/\/blog.espol.edu.ec\/hadoop\/wp-json\/wp\/v2\/pages"}],"about":[{"href":"https:\/\/blog.espol.edu.ec\/hadoop\/wp-json\/wp\/v2\/types\/page"}],"author":[{"embeddable":true,"href":"https:\/\/blog.espol.edu.ec\/hadoop\/wp-json\/wp\/v2\/users\/1510"}],"replies":[{"embeddable":true,"href":"https:\/\/blog.espol.edu.ec\/hadoop\/wp-json\/wp\/v2\/comments?post=147"}],"version-history":[{"count":7,"href":"https:\/\/blog.espol.edu.ec\/hadoop\/wp-json\/wp\/v2\/pages\/147\/revisions"}],"predecessor-version":[{"id":151,"href":"https:\/\/blog.espol.edu.ec\/hadoop\/wp-json\/wp\/v2\/pages\/147\/revisions\/151"}],"up":[{"embeddable":true,"href":"https:\/\/blog.espol.edu.ec\/hadoop\/wp-json\/wp\/v2\/pages\/42"}],"wp:attachment":[{"href":"https:\/\/blog.espol.edu.ec\/hadoop\/wp-json\/wp\/v2\/media?parent=147"}],"curies":[{"name":"wp","href":"https:\/\/api.w.org\/{rel}","templated":true}]}}