{"id":182,"date":"2009-05-26T10:48:26","date_gmt":"2009-05-26T15:48:26","guid":{"rendered":"http:\/\/blog.espol.edu.ec\/hadoop\/?page_id=182"},"modified":"2009-05-26T10:57:28","modified_gmt":"2009-05-26T15:57:28","slug":"referencias-bibliograficas","status":"publish","type":"page","link":"https:\/\/blog.espol.edu.ec\/hadoop\/materia-de-graduacion\/referencias-bibliograficas\/","title":{"rendered":"Referencias bibliogr\u00e1ficas"},"content":{"rendered":"<p>La siguiente es una lista de referencias bibliogr\u00e1ficas que le servir\u00e1 a la mayor\u00eda de los grupos durante la elaboraci\u00f3n de la documentaci\u00f3n del proyecto. Para cada referencia he redactado un par de l\u00edneas describiendo el contexto en el que dicha referencia les puede servir.<\/p>\n<p>Ghemawat, S., Gobioff, H., y Leung, S. \"<a href=\"http:\/\/labs.google.com\/papers\/gfs.html\">The Google File System<\/a>\". En <em>Memorias del\u00a019th ACM Symposium on Operating Systems Principles<\/em>.\u00a0Lake George, NY-EE.UU., Octubre, 2003.<\/p>\n<p style=\"padding-left: 30px\">Describe las justificaciones de dise\u00f1o del sistema de archivos distribuido GFS, en el cual se inspira el HDFS (Hadoop Distributed File System).<\/p>\n<p>Dean, J. y\u00a0Ghemawat, S. \"<a href=\"http:\/\/labs.google.com\/papers\/mapreduce.html\">MapReduce: Simplified Data Processing on Large Clusters<\/a>\". En <em>Memorias del\u00a0Sixth Symposium on Operating System Design and Implementation (OSDI 2004)<\/em>.\u00a0San Francisco, CA-EE.UU.. Diciembre, 2004.<\/p>\n<p style=\"padding-left: 30px\">Describe el modelo de programaci\u00f3n MapReduce y la implementaci\u00f3n de una infraestructura para procesamiento masivo de datos utilizando dicho modelo.<\/p>\n<p>Klems, M., Nimis, J., y Tai, S. \"<a href=\"http:\/\/www.cca08.org\/papers\/Poster12-Markus-Klems.pdf\">Do Clouds Compute? A Framework for Estimating the Value of Cloud Computing<\/a>\". En <em>Memorias del\u00a07th Workshop on e-Business<\/em>. Par\u00eds, Francia. Diciembre, 2008.<\/p>\n<p style=\"padding-left: 30px\">Presenta un framework que busca ayudar en la toma de decisiones sobre si es m\u00e1s conveniente usar cloud computing o soluciones IT convencionales, para empresas o proyectos espec\u00edficos. El uso del framework est\u00e1 ilustrado con dos casos de estudio.<\/p>\n","protected":false},"excerpt":{"rendered":"<p>La siguiente es una lista de referencias bibliogr\u00e1ficas que le servir\u00e1 a la mayor\u00eda de los grupos durante la elaboraci\u00f3n de la documentaci\u00f3n del proyecto. Para cada referencia he redactado un par de l\u00edneas describiendo el contexto en el que dicha referencia les puede servir. Ghemawat, S., Gobioff, H., y Leung, S. \"The Google File [&hellip;]<\/p>\n","protected":false},"author":1510,"featured_media":0,"parent":42,"menu_order":0,"comment_status":"open","ping_status":"open","template":"","meta":{"footnotes":""},"class_list":["post-182","page","type-page","status-publish","hentry"],"_links":{"self":[{"href":"https:\/\/blog.espol.edu.ec\/hadoop\/wp-json\/wp\/v2\/pages\/182","targetHints":{"allow":["GET"]}}],"collection":[{"href":"https:\/\/blog.espol.edu.ec\/hadoop\/wp-json\/wp\/v2\/pages"}],"about":[{"href":"https:\/\/blog.espol.edu.ec\/hadoop\/wp-json\/wp\/v2\/types\/page"}],"author":[{"embeddable":true,"href":"https:\/\/blog.espol.edu.ec\/hadoop\/wp-json\/wp\/v2\/users\/1510"}],"replies":[{"embeddable":true,"href":"https:\/\/blog.espol.edu.ec\/hadoop\/wp-json\/wp\/v2\/comments?post=182"}],"version-history":[{"count":3,"href":"https:\/\/blog.espol.edu.ec\/hadoop\/wp-json\/wp\/v2\/pages\/182\/revisions"}],"predecessor-version":[{"id":184,"href":"https:\/\/blog.espol.edu.ec\/hadoop\/wp-json\/wp\/v2\/pages\/182\/revisions\/184"}],"up":[{"embeddable":true,"href":"https:\/\/blog.espol.edu.ec\/hadoop\/wp-json\/wp\/v2\/pages\/42"}],"wp:attachment":[{"href":"https:\/\/blog.espol.edu.ec\/hadoop\/wp-json\/wp\/v2\/media?parent=182"}],"curies":[{"name":"wp","href":"https:\/\/api.w.org\/{rel}","templated":true}]}}