{"id":42,"date":"2009-04-27T10:21:36","date_gmt":"2009-04-27T15:21:36","guid":{"rendered":"http:\/\/blog.espol.edu.ec\/hadoop\/?page_id=42"},"modified":"2009-10-13T10:51:25","modified_gmt":"2009-10-13T15:51:25","slug":"materia-de-graduacion","status":"publish","type":"page","link":"https:\/\/blog.espol.edu.ec\/hadoop\/materia-de-graduacion\/","title":{"rendered":"Materia de Graduaci\u00f3n"},"content":{"rendered":"<p>Materia: \"Procesamiento Masivo y Escalable de Datos\"<\/p>\n<p>Profesor: <a href=\"http:\/\/www.fiec.espol.edu.ec\/index.php\/Personal-Docente\/msc-cristina-abad-r.html\">Ing. Cristina Abad Robalino<\/a><\/p>\n<p>Duraci\u00f3n: 1 semestre (<a href=\"http:\/\/www.espol.edu.ec\/espol\/main.jsp?urlpage=calendario.jsp\">II T\u00e9rmino 2009-2010<\/a>)<\/p>\n<p>Horario: Viernes de 7h30 a 11h30 (FIEC)<\/p>\n<p>Para m\u00e1s informaci\u00f3n sobre la materia, visite la secci\u00f3n de <a href=\"http:\/\/blog.espol.edu.ec\/hadoop\/materia-de-graduacion\/recursos\/\">Recursos<\/a>.<\/p>\n<p>Esta materia de graduaci\u00f3n es auspiciada generosamente por los Amazon Web Services (AWS in Education Grant).<br \/>\n<img decoding=\"async\" src=\"http:\/\/media.amazonwebservices.com\/logo_aws.gif\" alt=\"Amazon Web Services\" \/><\/p>\n","protected":false},"excerpt":{"rendered":"<p>Materia: \"Procesamiento Masivo y Escalable de Datos\" Profesor: Ing. Cristina Abad Robalino Duraci\u00f3n: 1 semestre (II T\u00e9rmino 2009-2010) Horario: Viernes de 7h30 a 11h30 (FIEC) Para m\u00e1s informaci\u00f3n sobre la materia, visite la secci\u00f3n de Recursos. Esta materia de graduaci\u00f3n es auspiciada generosamente por los Amazon Web Services (AWS in Education Grant).<\/p>\n","protected":false},"author":1510,"featured_media":0,"parent":0,"menu_order":0,"comment_status":"open","ping_status":"open","template":"","meta":{"footnotes":""},"class_list":["post-42","page","type-page","status-publish","hentry"],"_links":{"self":[{"href":"https:\/\/blog.espol.edu.ec\/hadoop\/wp-json\/wp\/v2\/pages\/42","targetHints":{"allow":["GET"]}}],"collection":[{"href":"https:\/\/blog.espol.edu.ec\/hadoop\/wp-json\/wp\/v2\/pages"}],"about":[{"href":"https:\/\/blog.espol.edu.ec\/hadoop\/wp-json\/wp\/v2\/types\/page"}],"author":[{"embeddable":true,"href":"https:\/\/blog.espol.edu.ec\/hadoop\/wp-json\/wp\/v2\/users\/1510"}],"replies":[{"embeddable":true,"href":"https:\/\/blog.espol.edu.ec\/hadoop\/wp-json\/wp\/v2\/comments?post=42"}],"version-history":[{"count":8,"href":"https:\/\/blog.espol.edu.ec\/hadoop\/wp-json\/wp\/v2\/pages\/42\/revisions"}],"predecessor-version":[{"id":58,"href":"https:\/\/blog.espol.edu.ec\/hadoop\/wp-json\/wp\/v2\/pages\/42\/revisions\/58"}],"wp:attachment":[{"href":"https:\/\/blog.espol.edu.ec\/hadoop\/wp-json\/wp\/v2\/media?parent=42"}],"curies":[{"name":"wp","href":"https:\/\/api.w.org\/{rel}","templated":true}]}}