{"id":45,"date":"2009-04-27T10:23:23","date_gmt":"2009-04-27T15:23:23","guid":{"rendered":"http:\/\/blog.espol.edu.ec\/hadoop\/materia-de-graduacion\/recursos\/"},"modified":"2009-10-13T10:58:20","modified_gmt":"2009-10-13T15:58:20","slug":"recursos","status":"publish","type":"page","link":"https:\/\/blog.espol.edu.ec\/hadoop\/materia-de-graduacion\/recursos\/","title":{"rendered":"Recursos"},"content":{"rendered":"<p>Recursos para estudiantes interesados en tomar la materia de graduaci\u00f3n:<\/p>\n<ul>\n<li><a href=\"http:\/\/blog.espol.edu.ec\/hadoop\/files\/2009\/10\/ig1002_procesamiento-masivo-y-escalable-de-datos.doc\">Programa de la materia de graduaci\u00f3n<\/a><\/li>\n<li><a href=\"http:\/\/ecua.com\/PMED\/foro\/viewtopic.php?f=6&amp;t=21\">Formato de la documentaci\u00f3n<\/a><\/li>\n<li><a href=\"http:\/\/blog.espol.edu.ec\/hadoop\/files\/2009\/10\/faq2.docx\">Preguntas frecuentes<\/a><\/li>\n<li><a href=\"http:\/\/blog.espol.edu.ec\/hadoop\/files\/2009\/10\/proyectos_aprobados.docx\">Lista de los proyectos aprobados<\/a><\/li>\n<li>Descargas:<a href=\"http:\/\/blog.espol.edu.ec\/hadoop\/2009\/05\/20\/version-de-hadoop-que-usaremos\/\"><\/a>\n<ul>\n<li><a href=\"http:\/\/blog.espol.edu.ec\/hadoop\/2009\/05\/20\/version-de-hadoop-que-usaremos\/\">M\u00e1quina virtual con Hadoop instalado<\/a><\/li>\n<\/ul>\n<\/li>\n<\/ul>\n","protected":false},"excerpt":{"rendered":"<p>Recursos para estudiantes interesados en tomar la materia de graduaci\u00f3n: Programa de la materia de graduaci\u00f3n Formato de la documentaci\u00f3n Preguntas frecuentes Lista de los proyectos aprobados Descargas: M\u00e1quina virtual con Hadoop instalado<\/p>\n","protected":false},"author":1510,"featured_media":0,"parent":42,"menu_order":0,"comment_status":"open","ping_status":"open","template":"","meta":{"footnotes":""},"class_list":["post-45","page","type-page","status-publish","hentry"],"_links":{"self":[{"href":"https:\/\/blog.espol.edu.ec\/hadoop\/wp-json\/wp\/v2\/pages\/45","targetHints":{"allow":["GET"]}}],"collection":[{"href":"https:\/\/blog.espol.edu.ec\/hadoop\/wp-json\/wp\/v2\/pages"}],"about":[{"href":"https:\/\/blog.espol.edu.ec\/hadoop\/wp-json\/wp\/v2\/types\/page"}],"author":[{"embeddable":true,"href":"https:\/\/blog.espol.edu.ec\/hadoop\/wp-json\/wp\/v2\/users\/1510"}],"replies":[{"embeddable":true,"href":"https:\/\/blog.espol.edu.ec\/hadoop\/wp-json\/wp\/v2\/comments?post=45"}],"version-history":[{"count":15,"href":"https:\/\/blog.espol.edu.ec\/hadoop\/wp-json\/wp\/v2\/pages\/45\/revisions"}],"predecessor-version":[{"id":55,"href":"https:\/\/blog.espol.edu.ec\/hadoop\/wp-json\/wp\/v2\/pages\/45\/revisions\/55"}],"up":[{"embeddable":true,"href":"https:\/\/blog.espol.edu.ec\/hadoop\/wp-json\/wp\/v2\/pages\/42"}],"wp:attachment":[{"href":"https:\/\/blog.espol.edu.ec\/hadoop\/wp-json\/wp\/v2\/media?parent=45"}],"curies":[{"name":"wp","href":"https:\/\/api.w.org\/{rel}","templated":true}]}}