{"id":39,"date":"2016-10-23T21:17:34","date_gmt":"2016-10-24T02:17:34","guid":{"rendered":"http:\/\/blog.espol.edu.ec\/haperez\/?page_id=39"},"modified":"2016-10-25T07:47:13","modified_gmt":"2016-10-25T12:47:13","slug":"about-me","status":"publish","type":"page","link":"https:\/\/blog.espol.edu.ec\/haperez\/about-me\/","title":{"rendered":"About me"},"content":{"rendered":"<p>Mi nombre es Henry P\u00e9rez, de peque\u00f1o me decian Calancho jaja es gracioso la verdad, estudio en la Escuela Superior Polit\u00e9cnica del Litoral, estudio la carrera de Ingenieria Quimica en la Facultad de Ciencias Naturales y Matem\u00e1ticas, aspir\u00f3 a graduarme de ingeniero qu\u00edmico. Me gusta el f\u00fatbol, soy hincha de Barcelona SC desde peque\u00f1o, me gusta todo tipo de m\u00fasica pero que sea agradable, soy algo sociable y me considero alguien tranquilo pero no lo soy tanto jaja.<\/p>\n<p>Twitter: <a href=\"https:\/\/twitter.com\/henry95perez\" target=\"_blank\">Henry95Perez<\/a><br \/>\nFacebook: <a href=\"https:\/\/www.facebook.com\/Henryalexander.Perezalvarado\" target=\"_blank\">Henry P\u00e9rez<\/a> <iframe loading=\"lazy\" src=\"\/\/www.slideshare.net\/slideshow\/embed_code\/key\/mqNlesCt2itvX8\" width=\"595\" height=\"485\" frameborder=\"0\" allowfullscreen=\"allowfullscreen\"> <\/iframe><\/p>\n<div style=\"margin-bottom: 5px\"><strong> <a title=\"Mi biograf\u00eda\" href=\"\/\/www.slideshare.net\/HenryPrez4\/mi-biografa-67562631\" target=\"_blank\">Mi biograf\u00eda<\/a> <\/strong> from <strong><a href=\"\/\/www.slideshare.net\/HenryPrez4\" target=\"_blank\">Henry P\u00e9rez<\/a><\/strong><\/div>\n","protected":false},"excerpt":{"rendered":"<p>Mi nombre es Henry P\u00e9rez, de peque\u00f1o me decian Calancho jaja es gracioso la verdad, estudio en la Escuela Superior Polit\u00e9cnica del Litoral, estudio la carrera de Ingenieria Quimica en la Facultad de Ciencias Naturales y Matem\u00e1ticas, aspir\u00f3 a graduarme de ingeniero qu\u00edmico. Me gusta el f\u00fatbol, soy hincha de Barcelona SC desde peque\u00f1o, me [&hellip;]<\/p>\n","protected":false},"author":10538,"featured_media":0,"parent":0,"menu_order":0,"comment_status":"closed","ping_status":"closed","template":"","meta":{"footnotes":""},"class_list":["post-39","page","type-page","status-publish","hentry"],"_links":{"self":[{"href":"https:\/\/blog.espol.edu.ec\/haperez\/wp-json\/wp\/v2\/pages\/39","targetHints":{"allow":["GET"]}}],"collection":[{"href":"https:\/\/blog.espol.edu.ec\/haperez\/wp-json\/wp\/v2\/pages"}],"about":[{"href":"https:\/\/blog.espol.edu.ec\/haperez\/wp-json\/wp\/v2\/types\/page"}],"author":[{"embeddable":true,"href":"https:\/\/blog.espol.edu.ec\/haperez\/wp-json\/wp\/v2\/users\/10538"}],"replies":[{"embeddable":true,"href":"https:\/\/blog.espol.edu.ec\/haperez\/wp-json\/wp\/v2\/comments?post=39"}],"version-history":[{"count":3,"href":"https:\/\/blog.espol.edu.ec\/haperez\/wp-json\/wp\/v2\/pages\/39\/revisions"}],"predecessor-version":[{"id":61,"href":"https:\/\/blog.espol.edu.ec\/haperez\/wp-json\/wp\/v2\/pages\/39\/revisions\/61"}],"wp:attachment":[{"href":"https:\/\/blog.espol.edu.ec\/haperez\/wp-json\/wp\/v2\/media?parent=39"}],"curies":[{"name":"wp","href":"https:\/\/api.w.org\/{rel}","templated":true}]}}