{"id":30,"date":"2016-06-01T05:02:15","date_gmt":"2016-06-01T05:02:15","guid":{"rendered":"http:\/\/blog.espol.edu.ec\/hatiaga\/?page_id=30"},"modified":"2016-06-01T05:08:28","modified_gmt":"2016-06-01T05:08:28","slug":"historia","status":"publish","type":"page","link":"https:\/\/blog.espol.edu.ec\/hatiaga\/historia\/","title":{"rendered":"HISTORIA"},"content":{"rendered":"<p style=\"text-align: center\"><strong>La Historia del\u00a0F\u00fatbol\u00a0Ingles<\/strong><\/p>\n<p style=\"text-align: center\"><img decoding=\"async\" class=\"aligncenter\" src=\"https:\/\/image.freepik.com\/foto-gratis\/uk-grunge-antigua-bandera_19-142046.jpg\" alt=\"\" \/><\/p>\n<p>El f\u00fatbol \u200b\u200bha tenido durante mucho tiempo un lugar importante en la cultura inglesa. Si bien no es el \u00fanico deporte nacional, a menudo es el evento deportivo m\u00e1s visto en el pa\u00eds. Inglaterra puede reclamar varios \"primeros\" en la historia del f\u00fatbol, como el primer partido y las primeras reglas oficiales.<\/p>\n<p><strong>Edad Media<\/strong><br \/>\nLa historia del f\u00fatbol se remonta a la Edad Media en Inglaterra. Las primeras rese\u00f1as de un deporte parecido al f\u00fatbol pueden encontrarse en registros del a\u00f1o 1280. Algunos juegos fueron prohibidos cuando la acci\u00f3n se torn\u00f3 violenta en ese momento y el rey Enrique IV declar\u00f3 que era ilegal apostar en partidos de f\u00fatbol. Sin embargo, se convirti\u00f3 en un deporte popular entre la clase reinante y adinerada inglesa.<\/p>\n<p><strong>Desarrollo de las reglas<\/strong><br \/>\nEn el siglo XIX, varios conjuntos de reglas surgieron para regular los partidos. Las reglas de Cambridge llegaron por primera vez en 1848. Seg\u00fan el sitio web soccer-fans-info.com, las reglas actuales no eran conocidas pero \"supuestamente son la base sobre la cuales las \"Reglas del Juego\" se construyeron mas adelante\". Cuando la Asociaci\u00f3n de F\u00fatbol (FA por sus siglas en ingl\u00e9s) se form\u00f3 en 1863, sus miembros redactaron su propio conjunto de reglas que avanzaron m\u00e1s hacia las llamadas reglas que el f\u00fatbol utiliza todav\u00eda.<br \/>\n<strong>Profesionales<\/strong><br \/>\nEl equipo ingl\u00e9s Sheffield F.C., \u200b\u200bcreado en 1857, es considerado como el primer equipo de f\u00fatbol profesional en el mundo. Los equipos de los clubes siguieron dominando el juego ingl\u00e9s hasta 1888, cuando se form\u00f3 la primera liga profesional. La Liga de F\u00fatbol ten\u00eda 12 equipos en el primer a\u00f1o. En 1892 se a\u00f1adi\u00f3 una segunda divisi\u00f3n y se dio una mayor expansi\u00f3n. En el 2010, la liga ten\u00eda 72 equipos en cuatro niveles diferentes de juego.<\/p>\n<p><strong>Selecci\u00f3n nacional de Inglaterra<\/strong><br \/>\nInglaterra se enfrent\u00f3 a Escocia en marzo de 1870 en un partido considerado como el primer encuentro entre selecciones nacionales. El equipo nacional ingl\u00e9s se uni\u00f3 a la FIFA, que rige el f\u00fatbol a nivel internacional, en 1906. Inglaterra apareci\u00f3 en su primera Copa del Mundo en 1950. El equipo ingl\u00e9s gan\u00f3 la Copa Mundial de 1966 y qued\u00f3 en cuarto lugar en 1990.<\/p>\n<p><strong>Individuos destacados<\/strong><br \/>\nAlgunas de las m\u00e1s grandes personalidades del f\u00fatbol son de Inglaterra, incluyendo a William McGregor, quien cre\u00f3 la primera liga de f\u00fatbol. Algunos jugadores estrellas son George Best, Frank Lampard y sobre todo para fan\u00e1ticos posteriores al a\u00f1o 2000, David Beckham. En su mejor momento, Beckham fue capit\u00e1n del equipo nacional y su fama en Inglaterra no era igualada por ning\u00fan otro atleta. Su sorprendente capacidad era tan conocida que sirvi\u00f3 como t\u00edtulo de una pel\u00edcula en el a\u00f1o 2002, \"Bend it like Beckman\" (Quiero ser como Beckham). El personaje principal de la pel\u00edcula idolatraba a Beckham.<\/p>\n<p><img decoding=\"async\" class=\"aligncenter\" src=\"https:\/\/tripapp.me\/wp-content\/uploads\/2016\/01\/wembley.jpg\" alt=\"\" \/><\/p>\n<p style=\"text-align: right\">-Estadio de F\u00fatbol de la selecci\u00f3n Inglesa, Wembley Stadium.<\/p>\n","protected":false},"excerpt":{"rendered":"<p>La Historia del\u00a0F\u00fatbol\u00a0Ingles El f\u00fatbol \u200b\u200bha tenido durante mucho tiempo un lugar importante en la cultura inglesa. Si bien no es el \u00fanico deporte nacional, a menudo es el evento deportivo m\u00e1s visto en el pa\u00eds. Inglaterra puede reclamar varios \"primeros\" en la historia del f\u00fatbol, como el primer partido y las primeras reglas oficiales. [&hellip;]<\/p>\n","protected":false},"author":10411,"featured_media":0,"parent":0,"menu_order":0,"comment_status":"closed","ping_status":"closed","template":"","meta":{"footnotes":""},"class_list":["post-30","page","type-page","status-publish","hentry"],"_links":{"self":[{"href":"https:\/\/blog.espol.edu.ec\/hatiaga\/wp-json\/wp\/v2\/pages\/30","targetHints":{"allow":["GET"]}}],"collection":[{"href":"https:\/\/blog.espol.edu.ec\/hatiaga\/wp-json\/wp\/v2\/pages"}],"about":[{"href":"https:\/\/blog.espol.edu.ec\/hatiaga\/wp-json\/wp\/v2\/types\/page"}],"author":[{"embeddable":true,"href":"https:\/\/blog.espol.edu.ec\/hatiaga\/wp-json\/wp\/v2\/users\/10411"}],"replies":[{"embeddable":true,"href":"https:\/\/blog.espol.edu.ec\/hatiaga\/wp-json\/wp\/v2\/comments?post=30"}],"version-history":[{"count":4,"href":"https:\/\/blog.espol.edu.ec\/hatiaga\/wp-json\/wp\/v2\/pages\/30\/revisions"}],"predecessor-version":[{"id":35,"href":"https:\/\/blog.espol.edu.ec\/hatiaga\/wp-json\/wp\/v2\/pages\/30\/revisions\/35"}],"wp:attachment":[{"href":"https:\/\/blog.espol.edu.ec\/hatiaga\/wp-json\/wp\/v2\/media?parent=30"}],"curies":[{"name":"wp","href":"https:\/\/api.w.org\/{rel}","templated":true}]}}