{"id":73,"date":"2016-06-01T07:13:18","date_gmt":"2016-06-01T07:13:18","guid":{"rendered":"http:\/\/blog.espol.edu.ec\/hatiaga\/?page_id=73"},"modified":"2016-06-01T07:16:25","modified_gmt":"2016-06-01T07:16:25","slug":"ecuatorianos","status":"publish","type":"page","link":"https:\/\/blog.espol.edu.ec\/hatiaga\/ecuatorianos\/","title":{"rendered":"ECUATORIANOS"},"content":{"rendered":"<p><img loading=\"lazy\" decoding=\"async\" class=\"aligncenter\" src=\"http:\/\/previews.123rf.com\/images\/daboost\/daboost1312\/daboost131200018\/24440470-Bal-n-de-f-tbol-3D-con-la-bandera-del-equipo-Ecuador-Copa-Mundial-de-F-tbol-Brasil-2014-Foto-de-archivo.jpg\" alt=\"\" width=\"379\" height=\"252\" \/><\/p>\n<p>Durante los \u00faltimos a\u00f1os ha habido una gran cantidad de jugadores ecuatorianos que tienen la oportunidad de jugar para los grandes de Inglaterra, as\u00ed mismo se han echo a conocer en varios equipos de todo el pa\u00eds ingles. Actualmente hay 4 jugadores que juegan en el pa\u00eds ingles, que sin lugar a dudas tienen un puesto titular indiscutible con la casaca ecuatoriana.<\/p>\n<p><strong>Enner Valencia (Westa Ham United)<\/strong><\/p>\n<p><img decoding=\"async\" class=\"aligncenter\" src=\"http:\/\/www.ecuavisa.com\/sites\/default\/files\/fotos\/2015\/03\/12\/12-03-2015-enner-valencia.jpg\" alt=\"\" \/><\/p>\n<p><strong>Antonio Valencia (Manchester United)<\/strong><\/p>\n<p><img decoding=\"async\" class=\"aligncenter\" src=\"http:\/\/latactica.com.ec\/wp-content\/uploads\/2015\/06\/antonio-valencia.jpg\" alt=\"\" \/><\/p>\n<p><strong>Jefferson Montero (Swansea City)<\/strong><\/p>\n<p><img decoding=\"async\" class=\"aligncenter\" src=\"http:\/\/i4.mirror.co.uk\/incoming\/article5624643.ece\/ALTERNATES\/s1227b\/Swansea-v-Stoke.jpg\" alt=\"\" \/><\/p>\n<p><strong>Juan Carlos Paredes (Watford)<\/strong><\/p>\n<p><img decoding=\"async\" class=\"aligncenter\" src=\"http:\/\/www.radiopositiva.com.ec\/www\/wp-content\/uploads\/2015\/01\/juan-carlos-paredes-1.jpg\" alt=\"\" \/><\/p>\n","protected":false},"excerpt":{"rendered":"<p>Durante los \u00faltimos a\u00f1os ha habido una gran cantidad de jugadores ecuatorianos que tienen la oportunidad de jugar para los grandes de Inglaterra, as\u00ed mismo se han echo a conocer en varios equipos de todo el pa\u00eds ingles. Actualmente hay 4 jugadores que juegan en el pa\u00eds ingles, que sin lugar a dudas tienen un [&hellip;]<\/p>\n","protected":false},"author":10411,"featured_media":0,"parent":0,"menu_order":0,"comment_status":"closed","ping_status":"closed","template":"","meta":{"footnotes":""},"class_list":["post-73","page","type-page","status-publish","hentry"],"_links":{"self":[{"href":"https:\/\/blog.espol.edu.ec\/hatiaga\/wp-json\/wp\/v2\/pages\/73","targetHints":{"allow":["GET"]}}],"collection":[{"href":"https:\/\/blog.espol.edu.ec\/hatiaga\/wp-json\/wp\/v2\/pages"}],"about":[{"href":"https:\/\/blog.espol.edu.ec\/hatiaga\/wp-json\/wp\/v2\/types\/page"}],"author":[{"embeddable":true,"href":"https:\/\/blog.espol.edu.ec\/hatiaga\/wp-json\/wp\/v2\/users\/10411"}],"replies":[{"embeddable":true,"href":"https:\/\/blog.espol.edu.ec\/hatiaga\/wp-json\/wp\/v2\/comments?post=73"}],"version-history":[{"count":2,"href":"https:\/\/blog.espol.edu.ec\/hatiaga\/wp-json\/wp\/v2\/pages\/73\/revisions"}],"predecessor-version":[{"id":76,"href":"https:\/\/blog.espol.edu.ec\/hatiaga\/wp-json\/wp\/v2\/pages\/73\/revisions\/76"}],"wp:attachment":[{"href":"https:\/\/blog.espol.edu.ec\/hatiaga\/wp-json\/wp\/v2\/media?parent=73"}],"curies":[{"name":"wp","href":"https:\/\/api.w.org\/{rel}","templated":true}]}}