{"id":15,"date":"2010-06-14T14:57:06","date_gmt":"2010-06-14T14:57:06","guid":{"rendered":"http:\/\/blog.espol.edu.ec\/hbarros\/?page_id=15"},"modified":"2010-06-14T15:01:04","modified_gmt":"2010-06-14T15:01:04","slug":"barcelona","status":"publish","type":"page","link":"https:\/\/blog.espol.edu.ec\/hbarros\/barcelona\/","title":{"rendered":"Barcelona"},"content":{"rendered":"<table border=\"0\" cellspacing=\"0\" cellpadding=\"0\" width=\"570\">\n<tbody>\n<tr>\n<td>\u00a0<\/td>\n<td>\u00a0<\/td>\n<td>\u00a0<\/td>\n<td>\u00a0<\/td>\n<td>\u00a0<\/td>\n<td>\u00a0<\/td>\n<td>\u00a0<\/td>\n<\/tr>\n<tr>\n<td height=\"194\">\u00a0<\/td>\n<td colspan=\"5\" valign=\"top\">\n<table border=\"0\" cellspacing=\"0\" cellpadding=\"0\" width=\"100%\"><!--DWLayoutTable--><\/p>\n<tbody>\n<tr><strong>Duelo de entrenadores, Llop vs Sampaoli<\/strong><\/tr>\n<tr>2010-06-12<\/tr>\n<tr>Las estrategias estar\u00e1n en ambas bancas, pues tanto el profesor Llop como el\u00a0entrenador Sampaoli, har\u00e1n lo mejor de su trabajo para salir avante en este Cl\u00e1sico.<\/p>\n<p>En dialogo sostenido con la prensa el \"Chocho\" ha manifestado: <strong>Lo importante es que Barcelona siga sumando y ese ser\u00e1 nuestro objetivo, este partido va alineado con lo que pase despu\u00e9s.<\/strong><\/p>\n<p>Por su parte el entrenador azul cree que si\u00a0Barcelona se ha mantenido en la punta es por los meritos que ha hecho a lo largo de este a\u00f1o.<\/p>\n<p><strong>Enfrentamos a un rival consolidado en el tiempo., algunos dicen que Barcelona no merece estar en la punta, pero yo creo que si se ha mantenido tanto tiempo all\u00ed es porque hizo m\u00e9ritos.<br \/>\n<\/strong><\/p>\n<table border=\"0\" cellspacing=\"0\" cellpadding=\"0\" width=\"100%\">\n<tbody>\n<tr><strong>Amarillos y azules asisten masivamente a las boleter\u00edas<\/strong><\/tr>\n<tr>2010-06-10<\/tr>\n<tr>Desde este jueves los hinchas de ambos equipos se hicieron presentes en las boleter\u00edas para adquirir sus entradas, pues ninguno se quiere perder el vibrante y apasionante Cl\u00e1sico del astillero.En los diferentes lugares donde se venden las entradas hubo gran afluencia de p\u00fablico, en el estadio modelo estuvieron los amarillos y en el parque forestal (piscina) estuvieron los azules.La venta de boletos seguir\u00e1 este viernes, esperamos que los hinchas sigan acerc\u00e1ndose a comprar su entrada con tiempo y as\u00ed tenga asegurado un espacio en el estadio el s\u00e1bado.\u00a0<\/tr>\n<\/tbody>\n<\/table>\n<p>\u00a0<\/tr>\n<\/tbody>\n<\/table>\n<\/td>\n<td>\u00a0<\/td>\n<td>\u00a0<\/td>\n<\/tr>\n<tr>\n<td height=\"10\">\u00a0<\/td>\n<\/tr>\n<\/tbody>\n<\/table>\n","protected":false},"excerpt":{"rendered":"<p>\u00a0 \u00a0 \u00a0 \u00a0 \u00a0 \u00a0 \u00a0 \u00a0 Duelo de entrenadores, Llop vs Sampaoli 2010-06-12 Las estrategias estar\u00e1n en ambas bancas, pues tanto el profesor Llop como el\u00a0entrenador Sampaoli, har\u00e1n lo mejor de su trabajo para salir avante en este Cl\u00e1sico. En dialogo sostenido con la prensa el \"Chocho\" ha manifestado: Lo importante es que [&hellip;]<\/p>\n","protected":false},"author":4438,"featured_media":0,"parent":0,"menu_order":0,"comment_status":"open","ping_status":"open","template":"","meta":{"footnotes":""},"class_list":["post-15","page","type-page","status-publish","hentry"],"_links":{"self":[{"href":"https:\/\/blog.espol.edu.ec\/hbarros\/wp-json\/wp\/v2\/pages\/15","targetHints":{"allow":["GET"]}}],"collection":[{"href":"https:\/\/blog.espol.edu.ec\/hbarros\/wp-json\/wp\/v2\/pages"}],"about":[{"href":"https:\/\/blog.espol.edu.ec\/hbarros\/wp-json\/wp\/v2\/types\/page"}],"author":[{"embeddable":true,"href":"https:\/\/blog.espol.edu.ec\/hbarros\/wp-json\/wp\/v2\/users\/4438"}],"replies":[{"embeddable":true,"href":"https:\/\/blog.espol.edu.ec\/hbarros\/wp-json\/wp\/v2\/comments?post=15"}],"version-history":[{"count":3,"href":"https:\/\/blog.espol.edu.ec\/hbarros\/wp-json\/wp\/v2\/pages\/15\/revisions"}],"predecessor-version":[{"id":17,"href":"https:\/\/blog.espol.edu.ec\/hbarros\/wp-json\/wp\/v2\/pages\/15\/revisions\/17"}],"wp:attachment":[{"href":"https:\/\/blog.espol.edu.ec\/hbarros\/wp-json\/wp\/v2\/media?parent=15"}],"curies":[{"name":"wp","href":"https:\/\/api.w.org\/{rel}","templated":true}]}}