{"id":10,"date":"2009-10-29T16:09:12","date_gmt":"2009-10-29T21:09:12","guid":{"rendered":"http:\/\/blog.espol.edu.ec\/hbazurto\/?page_id=10"},"modified":"2010-11-16T10:56:54","modified_gmt":"2010-11-16T15:56:54","slug":"deportes","status":"publish","type":"page","link":"https:\/\/blog.espol.edu.ec\/hbazurto\/deportes\/","title":{"rendered":"DEPORTES"},"content":{"rendered":"<p><object style=\"height: 390px;width: 640px\" classid=\"clsid:d27cdb6e-ae6d-11cf-96b8-444553540000\" width=\"100\" height=\"100\"><param name=\"allowFullScreen\" value=\"true\" \/><param name=\"allowScriptAccess\" value=\"always\" \/><param name=\"src\" value=\"http:\/\/www.youtube.com\/v\/xMGioMac6FQ?version=3\" \/><param name=\"allowfullscreen\" value=\"true\" \/><embed style=\"height: 390px;width: 640px\" type=\"application\/x-shockwave-flash\" width=\"100\" height=\"100\" src=\"http:\/\/www.youtube.com\/v\/xMGioMac6FQ?version=3\" allowscriptaccess=\"always\" allowfullscreen=\"true\"><\/embed><\/object><\/p>\n<p>Manchester.- El estadio de Old Trafford vivi\u00f3 ayer martes una de sus noches m\u00e1s dram\u00e1ticas, que nada tuvo que ver con el resultado (0-0) ante los Rangers de Glasgow en Champions League. La estrella ecuatoriana del Manchester United, Antonio Valencia, sufri\u00f3 una espeluznante lesi\u00f3n en un encontronazo con Kirk Broadfoot. Valencia sali\u00f3 del estadio con el tobillo izquierdo roto, en camilla y con respiraci\u00f3n asistida.<\/p>\n<p>En el minuto 57, Broadfoot intent\u00f3 cortarle el paso a Antonio Valencia, m\u00e1s conocido como \u2018To\u00f1o\u2019, mientras este se desplazaba desde la banda derecha con el bal\u00f3n. Cay\u00f3 al suelo con el pie izquierdo en alto y el tobillo completamente torcido. Sin perder un segundo, Broadfoot pidi\u00f3 con gestos a los servicios m\u00e9dicos que intervinieran en el campo al darse cuenta de la gravedad de la lesi\u00f3n.<\/p>\n<p>Tanto los jugadores de ambos combinados como el p\u00fablico vivieron unos terribles minutos y Old Trafford qued\u00f3 consternado. Finalmente, Antonio Valencia sali\u00f3 en camilla del estadio y con respiraci\u00f3n asistida despedido por una gran ovaci\u00f3n.<\/p>\n<p>\u201cPor el golpe que sufri\u00f3 se afectaron el mal\u00e9olo interno y externo. Lo primero que deb\u00eda realizar el m\u00e9dico es intentar colocar los huesos en su lugar manualmente, luego de suministrar anestesia\u201d, coment\u00f3 H\u00e9ctor Boh\u00f3rquez, m\u00e9dico de la selecci\u00f3n ecuatoriana, mientras Valencia era asistido. \u201cEste tipo de lesiones generan mucho impacto en el deportista que ve como sus huesos se desprenden. Hay que apoyarlo continuamente\u201d, a\u00f1adi\u00f3.<\/p>\n<form id=\"vozme_form_a545768e92fee47b3c0e85157b1bc777\" method=\"post\" name=\"vozme_form_a545768e92fee47b3c0e85157b1bc777\" target=\"a545768e92fee47b3c0e85157b1bc777\" action=\"http:\/\/vozme.com\/text2voice.php\"><input name=\"text\" type=\"hidden\" value=\"DEPORTES. \nManchester.- El estadio de Old Trafford vivi\u00f3 ayer martes una de sus noches m\u00e1s dram\u00e1ticas, que nada tuvo que ver con el resultado (0-0) ante los Rangers de Glasgow en Champions League. La estrella ecuatoriana del Manchester United, Antonio Valencia, sufri\u00f3 una espeluznante lesi\u00f3n en un encontronazo con Kirk Broadfoot. Valencia sali\u00f3 del estadio con el tobillo izquierdo roto, en camilla y con respiraci\u00f3n asistida.\nEn el minuto 57, Broadfoot intent\u00f3 cortarle el paso a Antonio Valencia, m\u00e1s conocido como \u2018To\u00f1o\u2019, mientras este se desplazaba desde la banda derecha con el bal\u00f3n. Cay\u00f3 al suelo con el pie izquierdo en alto y el tobillo completamente torcido. Sin perder un segundo, Broadfoot pidi\u00f3 con gestos a los servicios m\u00e9dicos que intervinieran en el campo al darse cuenta de la gravedad de la lesi\u00f3n.\nTanto los jugadores de ambos combinados como el p\u00fablico vivieron unos terribles minutos y Old Trafford qued\u00f3 consternado. Finalmente, Antonio Valencia sali\u00f3 en camilla del estadio y con respiraci\u00f3n asistida despedido por una gran ovaci\u00f3n.\n\u201cPor el golpe que sufri\u00f3 se afectaron el mal\u00e9olo interno y externo. Lo primero que deb\u00eda realizar el m\u00e9dico es intentar colocar los huesos en su lugar manualmente, luego de suministrar anestesia\u201d, coment\u00f3 H\u00e9ctor Boh\u00f3rquez, m\u00e9dico de la selecci\u00f3n ecuatoriana, mientras Valencia era asistido. \u201cEste tipo de lesiones generan mucho impacto en el deportista que ve como sus huesos se desprenden. Hay que apoyarlo continuamente\u201d, a\u00f1adi\u00f3.\n\" \/><input name=\"lang\" type=\"hidden\" value=\"en\" \/><input name=\"gn\" type=\"hidden\" value=\"ml\" \/><input type=\"hidden\" id=\"interface\" name=\"interface\" value=\"full\" \/>\n\t\t\t<div style=\"margin-left:40%;\">\n\t\t\t\n\t\t\t\t<input style=\"float:left;\" type=\"image\" width=\"40\" height=\"40\" src=\"http:\/\/blog.espol.edu.ec\/hbazurto\/wp-content\/plugins\/vozme\/img\/megaphone40x40w.gif\" alt=\"Hear this post\" onclick=\"window.open('', 'a545768e92fee47b3c0e85157b1bc777', 'width=600,height=370,scrollbars=yes,location=yes,menubar=yes,resizable=yes,status=yes,toolbar=yes');\">\n\t\t\t\t<div style=\"margin-left:48px; text-align:left;\"><a style=\"font-size:12px;\" href=\"javascript:void(0);\" onclick=\"window.open('', 'a545768e92fee47b3c0e85157b1bc777', 'width=600,height=370,scrollbars=yes,location=yes,menubar=yes,resizable=yes,status=yes,toolbar=yes'); document.getElementById('vozme_form_a545768e92fee47b3c0e85157b1bc777').submit();\">Hear<br\/>this post<\/a><\/div>\n\t\t\t<\/div><\/form>","protected":false},"excerpt":{"rendered":"<p>Manchester.- El estadio de Old Trafford vivi\u00f3 ayer martes una de sus noches m\u00e1s dram\u00e1ticas, que nada tuvo que ver con el resultado (0-0) ante los Rangers de Glasgow en Champions League. La estrella ecuatoriana del Manchester United, Antonio Valencia, sufri\u00f3 una espeluznante lesi\u00f3n en un encontronazo con Kirk Broadfoot. Valencia sali\u00f3 del estadio con [&hellip;]<\/p>\n","protected":false},"author":3187,"featured_media":0,"parent":0,"menu_order":0,"comment_status":"open","ping_status":"open","template":"","meta":{"footnotes":""},"class_list":["post-10","page","type-page","status-publish","hentry"],"_links":{"self":[{"href":"https:\/\/blog.espol.edu.ec\/hbazurto\/wp-json\/wp\/v2\/pages\/10","targetHints":{"allow":["GET"]}}],"collection":[{"href":"https:\/\/blog.espol.edu.ec\/hbazurto\/wp-json\/wp\/v2\/pages"}],"about":[{"href":"https:\/\/blog.espol.edu.ec\/hbazurto\/wp-json\/wp\/v2\/types\/page"}],"author":[{"embeddable":true,"href":"https:\/\/blog.espol.edu.ec\/hbazurto\/wp-json\/wp\/v2\/users\/3187"}],"replies":[{"embeddable":true,"href":"https:\/\/blog.espol.edu.ec\/hbazurto\/wp-json\/wp\/v2\/comments?post=10"}],"version-history":[{"count":5,"href":"https:\/\/blog.espol.edu.ec\/hbazurto\/wp-json\/wp\/v2\/pages\/10\/revisions"}],"predecessor-version":[{"id":12,"href":"https:\/\/blog.espol.edu.ec\/hbazurto\/wp-json\/wp\/v2\/pages\/10\/revisions\/12"}],"wp:attachment":[{"href":"https:\/\/blog.espol.edu.ec\/hbazurto\/wp-json\/wp\/v2\/media?parent=10"}],"curies":[{"name":"wp","href":"https:\/\/api.w.org\/{rel}","templated":true}]}}