{"id":114,"date":"2009-11-23T20:31:06","date_gmt":"2009-11-24T01:31:06","guid":{"rendered":"http:\/\/blog.espol.edu.ec\/hbejegue\/?page_id=114"},"modified":"2009-12-11T15:57:58","modified_gmt":"2009-12-11T20:57:58","slug":"surfing","status":"publish","type":"page","link":"https:\/\/blog.espol.edu.ec\/hbejegue\/surfing\/","title":{"rendered":"Surfing"},"content":{"rendered":"<p><object width=\"445\" height=\"364\"><param name=\"movie\" value=\"http:\/\/www.youtube.com\/v\/TLylmtlmKNA&amp;hl=es_ES&amp;fs=1&amp;color1=0x234900&amp;color2=0x4e9e00&amp;border=1\"><\/param><param name=\"allowFullScreen\" value=\"true\"><\/param><param name=\"allowscriptaccess\" value=\"always\"><\/param><embed src=\"http:\/\/www.youtube.com\/v\/TLylmtlmKNA&amp;hl=es_ES&amp;fs=1&amp;color1=0x234900&amp;color2=0x4e9e00&amp;border=1\" type=\"application\/x-shockwave-flash\" width=\"445\" height=\"364\"><\/embed><\/object><\/p>\n<p>Considerada la capital del Surf en Ecuador, en Monta\u00f1ita existen dos tipos de rompientes:<\/p>\n<p>La Punta (Point) Ola de derecha de tipo point-break con fondo de coral. En su extrema derecha tenemos a la famosa formaci\u00f3n rocosa llamada \"La Punta de Monta\u00f1ita\" donde tambi\u00f3n tenemos un fondo rocoso. Esta Punta da a esta ola un recorrido bastante amplio y en el mismo Point tenemos pr\u00e1cticamente asegurada siempre una ola.<br \/>\nEn los d\u00edas en que nos favorece el oleaje podemos tener olas verdaderamente potente y altas (3 metros ~= 10 feet) solo recomendadas para surfistas experimentados.<\/p>\n<p>Beach-Break Entre la punta y el centro de Monta\u00f1ita, se encuentran olas r\u00e1pidas (izquierda y derecha) apropiadas tanto para surfistas principiantes como para experimentados.<br \/>\nSalen picos por toda la playa y cuando esta glass verdaderamente puedes tener una ola alta y potente.<\/p>\n<p> Surf en <a href='http:\/\/www.calipto.com\/montanita\/'>monta\u00f1ita<\/a><\/p>\n<p>En Monta\u00f1ita se puede aprender a surfear, ya que el oleaje as\u00ed lo permite en ciertos momentos del d\u00eda y buscando tambien la ubicaci\u00f3n precisa.<br \/>\nExisten distintas escuelas de surf con profesores que hablan ingl\u00f3s, tambi\u00f3n se puede alquilar tablas por horas, medio d\u00eda o bien para todo el d\u00eda. <\/p>\n<p><a href=\"http:\/\/www.flickr.com\/photos\/44728240@N02\/4177468034\/\" title=\"surfing\" target=\"_blank\" class=\"flickr-image aligncenter\" rel=\"flickr-mgr\"><img decoding=\"async\" src=\"http:\/\/farm3.static.flickr.com\/2703\/4177468034_7479d10def.jpg\" alt=\"surfing\" class=\"flickr-large\" \/><\/a><\/p>\n","protected":false},"excerpt":{"rendered":"<p>Considerada la capital del Surf en Ecuador, en Monta\u00f1ita existen dos tipos de rompientes: La Punta (Point) Ola de derecha de tipo point-break con fondo de coral. En su extrema derecha tenemos a la famosa formaci\u00f3n rocosa llamada \"La Punta de Monta\u00f1ita\" donde tambi\u00f3n tenemos un fondo rocoso. Esta Punta da a esta ola un [&hellip;]<\/p>\n","protected":false},"author":3072,"featured_media":0,"parent":0,"menu_order":0,"comment_status":"open","ping_status":"open","template":"","meta":{"_monsterinsights_skip_tracking":false,"_monsterinsights_sitenote_active":false,"_monsterinsights_sitenote_note":"","_monsterinsights_sitenote_category":0,"footnotes":""},"class_list":["post-114","page","type-page","status-publish","hentry"],"_links":{"self":[{"href":"https:\/\/blog.espol.edu.ec\/hbejegue\/wp-json\/wp\/v2\/pages\/114","targetHints":{"allow":["GET"]}}],"collection":[{"href":"https:\/\/blog.espol.edu.ec\/hbejegue\/wp-json\/wp\/v2\/pages"}],"about":[{"href":"https:\/\/blog.espol.edu.ec\/hbejegue\/wp-json\/wp\/v2\/types\/page"}],"author":[{"embeddable":true,"href":"https:\/\/blog.espol.edu.ec\/hbejegue\/wp-json\/wp\/v2\/users\/3072"}],"replies":[{"embeddable":true,"href":"https:\/\/blog.espol.edu.ec\/hbejegue\/wp-json\/wp\/v2\/comments?post=114"}],"version-history":[{"count":16,"href":"https:\/\/blog.espol.edu.ec\/hbejegue\/wp-json\/wp\/v2\/pages\/114\/revisions"}],"predecessor-version":[{"id":129,"href":"https:\/\/blog.espol.edu.ec\/hbejegue\/wp-json\/wp\/v2\/pages\/114\/revisions\/129"}],"wp:attachment":[{"href":"https:\/\/blog.espol.edu.ec\/hbejegue\/wp-json\/wp\/v2\/media?parent=114"}],"curies":[{"name":"wp","href":"https:\/\/api.w.org\/{rel}","templated":true}]}}