{"id":137,"date":"2009-11-25T15:57:03","date_gmt":"2009-11-25T20:57:03","guid":{"rendered":"http:\/\/blog.espol.edu.ec\/hbejegue\/?page_id=137"},"modified":"2009-12-16T15:46:36","modified_gmt":"2009-12-16T20:46:36","slug":"proyecto-csect","status":"publish","type":"page","link":"https:\/\/blog.espol.edu.ec\/hbejegue\/proyecto-csect\/","title":{"rendered":"Proyecto CSECT"},"content":{"rendered":"<p><a href='http:\/\/blog.espol.edu.ec\/hbejegue\/files\/2009\/12\/proyecto-de-quimica.docx'>proyecto-de-quimica<\/a><\/p>\n<p><a href=\"http:\/\/www.flickr.com\/photos\/44728240@N02\/4133573009\/\" title=\"php8EX6HA\" target=\"_blank\" class=\"flickr-image aligncenter\" rel=\"flickr-mgr\"><img decoding=\"async\" src=\"http:\/\/farm3.static.flickr.com\/2526\/4133573009_1c170d216d.jpg\" alt=\"php8EX6HA\" class=\"flickr-large\" \/><\/a><\/p>\n<p> En esta actividad los estudiantes hacen un pl\u00e1stico de almid\u00f3n de papa y de investigar el efecto que la adici\u00f3n de un \"plastificante\" tiene sobre las propiedades del pol\u00edmero que hacer. <\/p>\n<p>LECCION DE ORGANIZACIoN<br \/>\n Los estudiantes pueden comenzar ya sea con patatas o con comercialmente comprado la f\u00e9cula de patata.  La pr\u00e1ctica es sencilla, el principal peligro es la mezcla de ebullici\u00f3n seco.<br \/>\n Extraer el almid\u00f3n tarda unos 15-20 minutos y hacer la pel\u00edcula de pl\u00e1stico alrededor de 20 minutos.<br \/>\n Un gran mortero que se necesita para extraer el almid\u00f3n suficiente para hacer suficiente pl\u00e1stico para cubrir una placa de Petri.  Si estos no est\u00e1n disponibles, los estudiantes pueden hacer uso de un menor y un principio hasta que el extracto de almid\u00f3n disponible comercialmente con la f\u00e9cula de patata.<br \/>\n Aparatos y productos qu\u00edmicos<br \/>\n Protecci\u00f3n de los ojos<br \/>\n* Cada grupo de trabajo requiere:<br \/>\n Extracci\u00f3n de f\u00e9cula de patata<br \/>\n Patatas (100 g)<br \/>\n Rallador<br \/>\n Vasos de vidrio (400 cm 3), 4<br \/>\n Gran mortero<br \/>\n Acceso a:<br \/>\n Colador de t\u00e9<br \/>\n Agua destilada<br \/>\n Hacer la pel\u00edcula de pl\u00e1stico<br \/>\n Vaso (250 cm 3)<br \/>\n Gran vidrio de reloj<br \/>\n Mechero Bunsen<br \/>\n Resistente al calor MAT<br \/>\n Tr\u00edpode<br \/>\n Gasas<br \/>\n Agitaci\u00f3n vara<br \/>\n Placa de Petri o de baldosas blancas<br \/>\n Papel indicador universal<br \/>\n Pez\u00f3n pipetas<br \/>\n Medici\u00f3n de cilindro (25 cm 3)<br \/>\n Medici\u00f3n de cilindro (10 cm 3)<br \/>\n Acceso a:<br \/>\n Saldo (no es esencial, ver nota 1)<br \/>\n De f\u00e9cula de patata - ya sea extra\u00eddo en la primera parte o comprado 2,5 g de f\u00e9cula de patata (v\u00e9ase la nota 2)<br \/>\n Colorante de alimentos<br \/>\n Propano-1 ,2,3-triol (glicerol)<br \/>\n \u00c1cido clorh\u00eddrico diluido, 0,1 mol dm-3 (de escaso riesgo en esta concentraci\u00f3n)<br \/>\n Diluir de hidr\u00f3xido de sodio, 0,1 mol dm-3 (irritativa en esta concentraci\u00f3n)<br \/>\n Notas t\u00e9cnicas<br \/>\n \u00c1cido clorh\u00eddrico diluido (en peligro de baja concentraci\u00f3n utilizada) se refieren a CLEAPSS Hazcard 47 y Receta tarjeta de 31<br \/>\n Diluir de hidr\u00f3xido de sodio (irritante utilizado en la concentraci\u00f3n) se refieren a CLEAPSS Hazcard 91 y Receta tarjeta de 65<br \/>\n 1 Si el acceso a un equilibrio es dif\u00edcil llegar a los estudiantes a usar una esp\u00e1tula colmada de f\u00e9cula en lugar de 2,5 g.<br \/>\n 2 Incluso si los estudiantes son la extracci\u00f3n de su propio almid\u00f3n, vale la pena tener algunos comerciales de f\u00e9cula de patata disponibles en caso de que no extraen suficiente.<br \/>\n 3 Si un gabinete de secado est\u00e1 disponible, es \u00fatil para el secado de las pel\u00edculas de pl\u00e1stico.  Se tarda unos 90 minutos a 100 \u00b0 C. <\/p>\n<p><a href=\"http:\/\/blog.espol.edu.ec\/hbejegue\/files\/2009\/12\/maiz.jpg\"><img loading=\"lazy\" decoding=\"async\" src=\"http:\/\/blog.espol.edu.ec\/hbejegue\/files\/2009\/12\/maiz.jpg\" alt=\"maiz\" width=\"520\" height=\"357\" class=\"aligncenter size-full wp-image-226\" srcset=\"https:\/\/blog.espol.edu.ec\/hbejegue\/files\/2009\/12\/maiz.jpg 520w, https:\/\/blog.espol.edu.ec\/hbejegue\/files\/2009\/12\/maiz-300x205.jpg 300w\" sizes=\"auto, (max-width: 520px) 100vw, 520px\" \/><\/a><\/p>\n<p> Procedimiento<br \/>\n SALUD Y SEGURIDAD: Use protecci\u00f3n para los ojos<br \/>\n Extraer el almid\u00f3n<br \/>\n una reja alrededor de 100 g de patata.  La papa no necesita ser pelado, sino que debe estar limpia.  Pon la patata en el mortero.<br \/>\n b A\u00f1adir alrededor de 100 cm 3 de agua destilada para el mortero, moler y la patata con cuidado.<br \/>\n c Verter el l\u00edquido fuera a trav\u00e9s de la colador de t\u00e9 en el vaso de precipitados, dejando detr\u00e1s de la patata en el mortero.<br \/>\n d Repita los pasos B y C dos veces m\u00e1s.<br \/>\n d Deje la mezcla a asentarse en el vaso de precipitados durante 5 minutos.<br \/>\n e Decantar el agua del vaso de precipitados, dejando atr\u00e1s el blanco de almid\u00f3n que se han asentado en la parte inferior.  Ponga alrededor de 100 cm 3 de agua destilada con el almid\u00f3n y revuelva suavemente.  Deje a resolver de nuevo y luego decantar el agua, dejando detr\u00e1s de la f\u00e9cula.<br \/>\n Hacer la pel\u00edcula de pl\u00e1stico<br \/>\n Ponga una de 22 cm 3 de agua en el vaso y a\u00f1adir 4 g de f\u00e9cula de patata purines de el paso anterior (o 25 cm 3 de agua y 2,5 g de f\u00e9cula de patata comercial), 3 cm 3 de \u00e1cido clorh\u00eddrico y 2 cm 3 de propano -1,2,3-Triol.<br \/>\n b Ponga el vidrio de reloj sobre el vaso y calentar la mezcla usando el mechero Bunsen.  Lleve cuidadosamente a ebullici\u00f3n y, a continuaci\u00f3n, hervir suavemente durante 15 minutos.  No hervir seco.  Si parece que tal vez, deje de calefacci\u00f3n.<br \/>\n c Sumerja la varilla de vidrio en la mezcla y el punto que en el papel indicador para medir el pH.  Agregar suficiente soluci\u00f3n de hidr\u00f3xido de sodio para neutralizar la mezcla, las pruebas despu\u00e9s de cada adici\u00f3n con papel indicador.  Usted probablemente necesitar\u00e1 a\u00f1adir aproximadamente la misma cantidad como lo hizo de \u00e1cido en el comienzo (3 cm 3).<br \/>\n d A continuaci\u00f3n, puede a\u00f1adir una gota de colorante de alimentos y mezclar bien.<br \/>\n e Vierta la mezcla en una placa de Petri etiquetados o blanco de azulejos, baldosas y empuje que con alrededor de la varilla de vidrio de modo que hay incluso una cobertura.<br \/>\n f Repita el proceso, pero dejar de lado el propano-1 ,2,3-triol.<br \/>\n g Etiqueta la mezcla y dejar que seque.  Se tarda aproximadamente un d\u00eda en el radiador o un alf\u00e9izar soleado, o dos d\u00edas a temperatura ambiente.  Alternativamente, use un gabinete de secado.  Se tarda unos 90 minutos a 100\u00b0C. <\/p>\n<p>NOTAS:<br \/>\n Esta actividad puede ser utilizado simplemente como una pr\u00e1ctica para mejorar la ense\u00f1anza de los pol\u00edmeros o pl\u00e1sticos.  Se puede utilizar para introducir nuevos trabajos sobre los biopol\u00edmeros y biopl\u00e1sticos y \/ o puede ser utilizado como un ejemplo de los efectos de los plastificantes.  Un proceso similar se utiliza en la industria para extraer el almid\u00f3n, que luego se utilizar\u00e1 en una serie de productos, incluidos alimentos y envases.<br \/>\n Si los estudiantes extraer sus propias f\u00e9cula de patata, entonces que puede utilizar.  Es una papilla h\u00fameda en lugar de un polvo seco por lo que necesitan alrededor de 4 g con alrededor de 22 cm 3 de agua.  Si no tienen suficiente, entonces puede a\u00f1adir un poco de f\u00e9cula de patata compr\u00f3 a la mezcla.<br \/>\n Si el acceso a un equilibrio es dif\u00edcil y, a continuaci\u00f3n, a los estudiantes a obtener una amontonada la utilizaci\u00f3n de la esp\u00e1tula el almid\u00f3n en lugar de 2,5 g.<br \/>\n Si el acceso a 10 cm 3 cilindros de medici\u00f3n es dif\u00edcil y, a continuaci\u00f3n, obtener los estudiantes a usar cuatro squirts pipeta de \u00e1cido clorh\u00eddrico y tres squirts de propano-1 ,2,3-triol.<br \/>\n Si usted tiene un gabinete de secado, la mezcla debe secar en unos 90 minutos a 100 \u00b0 C.<br \/>\n Avisar de los estudiantes no permitir que la mezcla hierva seca, o \"aparece\" y tiene una tendencia a saltar fuera del vaso.  Por esta raz\u00f3n, los estudiantes deben usar protecci\u00f3n para los ojos en todas las etapas.<br \/>\n Si bien la utilizaci\u00f3n de colorantes de alimentos es opcional, que hace mejorar el producto y el color que da hace que la pel\u00edcula de pl\u00e1stico de aspecto parecido a pl\u00e1stico.  S\u00f3lo una ca\u00edda o se necesita la pel\u00edcula es demasiado oscura.<br \/>\n Si los estudiantes utilizar demasiada agua a continuaci\u00f3n, su pol\u00edmero no solidificar y sigue siendo un l\u00edquido.<br \/>\n El almid\u00f3n est\u00e1 hecho de largas cadenas de mol\u00e9culas de glucosa unidas.  En sentido estricto que contiene dos pol\u00edmeros: amilosa que es recto-encadenados y amilopectina que es ramificado.  Cuando el almid\u00f3n se seca a partir de una soluci\u00f3n acuosa que forma una pel\u00edcula de hidr\u00f3geno debido a la uni\u00f3n entre las cadenas.  Sin embargo, la amilopectina inhibe la formaci\u00f3n de la pel\u00edcula.  Reaccionar el almid\u00f3n con \u00e1cido clorh\u00eddrico se rompe la amilopectina, la formaci\u00f3n de pel\u00edcula m\u00e1s satisfactoria.  Este es el producto de hacer que los estudiantes sin propano-1 ,2,3-triol.  La recta cadenas del almid\u00f3n o la f\u00e9cula (amilosa) puede alinear juntos, y aunque esto hace una buena pel\u00edcula, es fr\u00e1gil, porque las cadenas son demasiado buenos en fila.  \u00c1reas de la pel\u00edcula puede convertirse en cristalino, lo que provoca la fragilidad. <\/p>\n<p><a href='http:\/\/blog.espol.edu.ec\/hbejegue\/files\/2009\/12\/proyecto-de-quimica.docx'>proyecto-de-quimica<\/a><\/p>\n","protected":false},"excerpt":{"rendered":"<p>proyecto-de-quimica En esta actividad los estudiantes hacen un pl\u00e1stico de almid\u00f3n de papa y de investigar el efecto que la adici\u00f3n de un \"plastificante\" tiene sobre las propiedades del pol\u00edmero que hacer. LECCION DE ORGANIZACIoN Los estudiantes pueden comenzar ya sea con patatas o con comercialmente comprado la f\u00e9cula de patata. La pr\u00e1ctica es sencilla, [&hellip;]<\/p>\n","protected":false},"author":3072,"featured_media":0,"parent":0,"menu_order":0,"comment_status":"open","ping_status":"open","template":"","meta":{"_monsterinsights_skip_tracking":false,"_monsterinsights_sitenote_active":false,"_monsterinsights_sitenote_note":"","_monsterinsights_sitenote_category":0,"footnotes":""},"class_list":["post-137","page","type-page","status-publish","hentry"],"_links":{"self":[{"href":"https:\/\/blog.espol.edu.ec\/hbejegue\/wp-json\/wp\/v2\/pages\/137","targetHints":{"allow":["GET"]}}],"collection":[{"href":"https:\/\/blog.espol.edu.ec\/hbejegue\/wp-json\/wp\/v2\/pages"}],"about":[{"href":"https:\/\/blog.espol.edu.ec\/hbejegue\/wp-json\/wp\/v2\/types\/page"}],"author":[{"embeddable":true,"href":"https:\/\/blog.espol.edu.ec\/hbejegue\/wp-json\/wp\/v2\/users\/3072"}],"replies":[{"embeddable":true,"href":"https:\/\/blog.espol.edu.ec\/hbejegue\/wp-json\/wp\/v2\/comments?post=137"}],"version-history":[{"count":13,"href":"https:\/\/blog.espol.edu.ec\/hbejegue\/wp-json\/wp\/v2\/pages\/137\/revisions"}],"predecessor-version":[{"id":231,"href":"https:\/\/blog.espol.edu.ec\/hbejegue\/wp-json\/wp\/v2\/pages\/137\/revisions\/231"}],"wp:attachment":[{"href":"https:\/\/blog.espol.edu.ec\/hbejegue\/wp-json\/wp\/v2\/media?parent=137"}],"curies":[{"name":"wp","href":"https:\/\/api.w.org\/{rel}","templated":true}]}}