{"id":76,"date":"2009-11-22T16:58:43","date_gmt":"2009-11-22T21:58:43","guid":{"rendered":"http:\/\/blog.espol.edu.ec\/hbejegue\/?page_id=76"},"modified":"2009-11-23T11:22:17","modified_gmt":"2009-11-23T16:22:17","slug":"la-ruta-del-sol","status":"publish","type":"page","link":"https:\/\/blog.espol.edu.ec\/hbejegue\/la-ruta-del-sol\/","title":{"rendered":"La Ruta del Sol"},"content":{"rendered":"<p><a href=\"http:\/\/www.aturismoecuador.com\/cnt\/lugares_turisticos_puntos_de_intere.html\"><\/a><a href=\"http:\/\/www.flickr.com\/photos\/44728240@N02\/4128372792\/\" title=\"ruta spondylus\" target=\"_blank\" class=\"flickr-image alignleft\" rel=\"flickr-mgr\"><img decoding=\"async\" src=\"http:\/\/farm3.static.flickr.com\/2631\/4128372792_c7e91603f5_m.jpg\" alt=\"ruta spondylus\" class=\"flickr-large\" \/><\/a>La Ruta del Sol es una carretera a orillas del Mar Ecuatoriano, que delinea la mayor parte de la costa de Ecuador. Con un recorrido total de 748 km comienza en Mataje, poblaci\u00f3n localizada en la frontera con Colombia, en la provincia de Esmeraldas; y termina en Salinas, en la provincia de Santa Elena.<br \/>\nUna cimbreante y c\u00e1lida ruta que recorre los para\u00edsos marinos del Ecuador y que le regalara inolvidables d\u00edas de playa, sol, naturaleza, historia y diversi\u00f3n. Una mezcla de factores que har\u00e1n de su verano el mejor de todos, si coge la mochila y se anima a seguir la Ruta del Sol.<br \/>\nEl recorrido por las principales playas de la franja costera del ecuador es sin duda uno de los mejores destinos tur\u00edsticos que ofrece Sudam\u00e9rica. Un viaje que tiene reservado para usted m\u00e1s de una sorpresa, donde las oportunidades de divertirse o aprender un poco sobre la historia de este gran pueblo estar\u00e1 esper\u00e1ndolo en cada alto del camino.<\/p>\n<p>Esta famosa ruta empieza en la Pen\u00ednsula de Santa Elena (Provincia de Guayas) y se extiende hacia el norte hasta Puerto Cayo (Provincia de Manab\u00ed). En su recorrido encontrara incre\u00edbles playas, coloridos pueblos de ancestrales costumbres, un fabuloso Parque Nacional, una cordillera que se detiene casi frente al mar y muchas otras sorpresas que hacen de este, un lugar para no olvidar.<\/p>\n<p>Santa Elena es la puerta de entrada a esta aventura, desde el malec\u00f3n podr\u00e1 tener un vista estupenda de las playas mientras la suave brisa marina le da la bienvenida. En este balneario encontrara todo lo necesario para hacer agradable su estad\u00eda ya que Santa Elena cuenta con buenos, hoteles, restaurantes y centro de diversi\u00f3n.  <\/p>\n","protected":false},"excerpt":{"rendered":"<p>La Ruta del Sol es una carretera a orillas del Mar Ecuatoriano, que delinea la mayor parte de la costa de Ecuador. Con un recorrido total de 748 km comienza en Mataje, poblaci\u00f3n localizada en la frontera con Colombia, en la provincia de Esmeraldas; y termina en Salinas, en la provincia de Santa Elena. Una [&hellip;]<\/p>\n","protected":false},"author":3072,"featured_media":0,"parent":0,"menu_order":0,"comment_status":"open","ping_status":"open","template":"","meta":{"_monsterinsights_skip_tracking":false,"_monsterinsights_sitenote_active":false,"_monsterinsights_sitenote_note":"","_monsterinsights_sitenote_category":0,"footnotes":""},"class_list":["post-76","page","type-page","status-publish","hentry"],"_links":{"self":[{"href":"https:\/\/blog.espol.edu.ec\/hbejegue\/wp-json\/wp\/v2\/pages\/76","targetHints":{"allow":["GET"]}}],"collection":[{"href":"https:\/\/blog.espol.edu.ec\/hbejegue\/wp-json\/wp\/v2\/pages"}],"about":[{"href":"https:\/\/blog.espol.edu.ec\/hbejegue\/wp-json\/wp\/v2\/types\/page"}],"author":[{"embeddable":true,"href":"https:\/\/blog.espol.edu.ec\/hbejegue\/wp-json\/wp\/v2\/users\/3072"}],"replies":[{"embeddable":true,"href":"https:\/\/blog.espol.edu.ec\/hbejegue\/wp-json\/wp\/v2\/comments?post=76"}],"version-history":[{"count":8,"href":"https:\/\/blog.espol.edu.ec\/hbejegue\/wp-json\/wp\/v2\/pages\/76\/revisions"}],"predecessor-version":[{"id":79,"href":"https:\/\/blog.espol.edu.ec\/hbejegue\/wp-json\/wp\/v2\/pages\/76\/revisions\/79"}],"wp:attachment":[{"href":"https:\/\/blog.espol.edu.ec\/hbejegue\/wp-json\/wp\/v2\/media?parent=76"}],"curies":[{"name":"wp","href":"https:\/\/api.w.org\/{rel}","templated":true}]}}