{"id":43,"date":"2016-06-01T21:14:29","date_gmt":"2016-06-01T21:14:29","guid":{"rendered":"http:\/\/blog.espol.edu.ec\/hdamagua\/?page_id=43"},"modified":"2016-06-01T21:14:29","modified_gmt":"2016-06-01T21:14:29","slug":"luffy-vs-cocodrile","status":"publish","type":"page","link":"https:\/\/blog.espol.edu.ec\/hdamagua\/luffy-vs-cocodrile\/","title":{"rendered":"LUFFY VS COCODRILE"},"content":{"rendered":"<p><a class=\"mw-redirect\" title=\"Luffy\" href=\"http:\/\/es.onepiece.wikia.com\/wiki\/Luffy\">Luffy<\/a> consigue llegar a donde se encuentra <a title=\"Crocodile\" href=\"http:\/\/es.onepiece.wikia.com\/wiki\/Crocodile\">Crocodile<\/a> , y estos se enfrentan. <a title=\"Crocodile\" href=\"http:\/\/es.onepiece.wikia.com\/wiki\/Crocodile\">Crocodile<\/a> se queda impresionado al ver que <a class=\"mw-redirect\" title=\"Luffy\" href=\"http:\/\/es.onepiece.wikia.com\/wiki\/Luffy\">Luffy<\/a> puede golpearle pero esto se debe a que <a class=\"mw-redirect\" title=\"Luffy\" href=\"http:\/\/es.onepiece.wikia.com\/wiki\/Luffy\">Luffy<\/a> tiene los brazos llenos de sangre y al parecer la sangre y el agua tienen el mismo efecto ante la arena.<a class=\"mw-redirect\" title=\"Luffy\" href=\"http:\/\/es.onepiece.wikia.com\/wiki\/Luffy\">Luffy<\/a> se aprovecha de esta abatiendolo a golpes. <a title=\"Crocodile\" href=\"http:\/\/es.onepiece.wikia.com\/wiki\/Crocodile\">Crocodile<\/a> se da cuenta de esto, pero el tomo precauciones por si tenia que entablar combate y saca un garfio escondido debajo del original que exuma veneno, y consigue envenenar a <a class=\"mw-redirect\" title=\"Luffy\" href=\"http:\/\/es.onepiece.wikia.com\/wiki\/Luffy\">Luffy<\/a> . Sin embargo este sigue en su fiero intento y consigue tomar la iniciativa en el combate, demostrando que aun a pesar de todo es superior a <a title=\"Crocodile\" href=\"http:\/\/es.onepiece.wikia.com\/wiki\/Crocodile\">Crocodile<\/a> en combate cuerpo a cuerpo.<\/p>\n<p>Tras esto <a class=\"mw-redirect\" title=\"Luffy\" href=\"http:\/\/es.onepiece.wikia.com\/wiki\/Luffy\">Luffy<\/a> golpea a <a title=\"Crocodile\" href=\"http:\/\/es.onepiece.wikia.com\/wiki\/Crocodile\">Crocodile<\/a> con una patada que lo eleva en el aire hacia arriba, y decide terminar el combate con su ataque Gomu Gomu no Storm, que consiste en un Gatoringun impulsado con m\u00e1s potencia ya que se infla y usa el aire de su barriga como propulsi\u00f3n, haciendo un ataque tan devastador que rompi\u00f3 el suelo, los cimientos y los edificios de arriba, llevando a <a title=\"Crocodile\" href=\"http:\/\/es.onepiece.wikia.com\/wiki\/Crocodile\">Crocodile<\/a> hasta la superficie. El intento detener su ataque con Desert Espada, sin embargo este ataque fue atravesado por los pu\u00f1os de <a class=\"mw-redirect\" title=\"Luffy\" href=\"http:\/\/es.onepiece.wikia.com\/wiki\/Luffy\">Luffy<\/a> , que al estar manchados de sangre lo convirtieron en arena. Despu\u00e9s <a class=\"mw-redirect\" title=\"Robin\" href=\"http:\/\/es.onepiece.wikia.com\/wiki\/Robin\">Robin<\/a> le dar\u00eda el ant\u00eddoto para el veneno<\/p>\n","protected":false},"excerpt":{"rendered":"<p>Luffy consigue llegar a donde se encuentra Crocodile , y estos se enfrentan. Crocodile se queda impresionado al ver que Luffy puede golpearle pero esto se debe a que Luffy tiene los brazos llenos de sangre y al parecer la sangre y el agua tienen el mismo efecto ante la arena.Luffy se aprovecha de esta [&hellip;]<\/p>\n","protected":false},"author":10342,"featured_media":0,"parent":0,"menu_order":0,"comment_status":"closed","ping_status":"closed","template":"","meta":{"footnotes":""},"class_list":["post-43","page","type-page","status-publish","hentry"],"_links":{"self":[{"href":"https:\/\/blog.espol.edu.ec\/hdamagua\/wp-json\/wp\/v2\/pages\/43","targetHints":{"allow":["GET"]}}],"collection":[{"href":"https:\/\/blog.espol.edu.ec\/hdamagua\/wp-json\/wp\/v2\/pages"}],"about":[{"href":"https:\/\/blog.espol.edu.ec\/hdamagua\/wp-json\/wp\/v2\/types\/page"}],"author":[{"embeddable":true,"href":"https:\/\/blog.espol.edu.ec\/hdamagua\/wp-json\/wp\/v2\/users\/10342"}],"replies":[{"embeddable":true,"href":"https:\/\/blog.espol.edu.ec\/hdamagua\/wp-json\/wp\/v2\/comments?post=43"}],"version-history":[{"count":1,"href":"https:\/\/blog.espol.edu.ec\/hdamagua\/wp-json\/wp\/v2\/pages\/43\/revisions"}],"predecessor-version":[{"id":44,"href":"https:\/\/blog.espol.edu.ec\/hdamagua\/wp-json\/wp\/v2\/pages\/43\/revisions\/44"}],"wp:attachment":[{"href":"https:\/\/blog.espol.edu.ec\/hdamagua\/wp-json\/wp\/v2\/media?parent=43"}],"curies":[{"name":"wp","href":"https:\/\/api.w.org\/{rel}","templated":true}]}}