{"id":45,"date":"2016-06-01T21:15:25","date_gmt":"2016-06-01T21:15:25","guid":{"rendered":"http:\/\/blog.espol.edu.ec\/hdamagua\/?page_id=45"},"modified":"2016-06-01T21:15:25","modified_gmt":"2016-06-01T21:15:25","slug":"luffy-vs-doflamingo","status":"publish","type":"page","link":"https:\/\/blog.espol.edu.ec\/hdamagua\/luffy-vs-doflamingo\/","title":{"rendered":"LUFFY VS DOFLAMINGO"},"content":{"rendered":"<p>La batalla comienza tras la intervenci\u00f3n de Luffy en la batalla de Kyros contra Doflamingo, en la cual, le salva de ser brutalmente golpeado por este \u00faltimo, mediante una patada que cort\u00f3 el palacio real por la mitad.<\/p>\n<p>Sin pensarselo dos veces, Luffy activa el Gear Seccond y ataca a Doflamingo con Gomu Gomu no Jet Gatling; Doflamingo se protege de esto endureciendo su cuerpo con Busoshoku Haki, y aprovechando la distracci\u00f3n de Luffy, utiliza a su clon para atacar a Luffy por la espalda mientras \u00e9l prepara un pu\u00f1etazo imbuido en Haki que asesta a Luffy, quien se estampa contra una pared, terminando as\u00ed la batalla.<\/p>\n","protected":false},"excerpt":{"rendered":"<p>La batalla comienza tras la intervenci\u00f3n de Luffy en la batalla de Kyros contra Doflamingo, en la cual, le salva de ser brutalmente golpeado por este \u00faltimo, mediante una patada que cort\u00f3 el palacio real por la mitad. Sin pensarselo dos veces, Luffy activa el Gear Seccond y ataca a Doflamingo con Gomu Gomu no [&hellip;]<\/p>\n","protected":false},"author":10342,"featured_media":0,"parent":0,"menu_order":0,"comment_status":"closed","ping_status":"closed","template":"","meta":{"footnotes":""},"class_list":["post-45","page","type-page","status-publish","hentry"],"_links":{"self":[{"href":"https:\/\/blog.espol.edu.ec\/hdamagua\/wp-json\/wp\/v2\/pages\/45","targetHints":{"allow":["GET"]}}],"collection":[{"href":"https:\/\/blog.espol.edu.ec\/hdamagua\/wp-json\/wp\/v2\/pages"}],"about":[{"href":"https:\/\/blog.espol.edu.ec\/hdamagua\/wp-json\/wp\/v2\/types\/page"}],"author":[{"embeddable":true,"href":"https:\/\/blog.espol.edu.ec\/hdamagua\/wp-json\/wp\/v2\/users\/10342"}],"replies":[{"embeddable":true,"href":"https:\/\/blog.espol.edu.ec\/hdamagua\/wp-json\/wp\/v2\/comments?post=45"}],"version-history":[{"count":1,"href":"https:\/\/blog.espol.edu.ec\/hdamagua\/wp-json\/wp\/v2\/pages\/45\/revisions"}],"predecessor-version":[{"id":46,"href":"https:\/\/blog.espol.edu.ec\/hdamagua\/wp-json\/wp\/v2\/pages\/45\/revisions\/46"}],"wp:attachment":[{"href":"https:\/\/blog.espol.edu.ec\/hdamagua\/wp-json\/wp\/v2\/media?parent=45"}],"curies":[{"name":"wp","href":"https:\/\/api.w.org\/{rel}","templated":true}]}}