{"id":48,"date":"2016-06-01T21:21:06","date_gmt":"2016-06-01T21:21:06","guid":{"rendered":"http:\/\/blog.espol.edu.ec\/hdamagua\/?page_id=48"},"modified":"2016-06-01T21:21:06","modified_gmt":"2016-06-01T21:21:06","slug":"luffy-vs-lucci","status":"publish","type":"page","link":"https:\/\/blog.espol.edu.ec\/hdamagua\/luffy-vs-lucci\/","title":{"rendered":"LUFFY VS LUCCI"},"content":{"rendered":"<p><a class=\"mw-redirect\" title=\"Robin\" href=\"http:\/\/es.onepiece.wikia.com\/wiki\/Robin\">Robin<\/a> dice que quiere vivir y <a class=\"mw-redirect\" title=\"Luffy\" href=\"http:\/\/es.onepiece.wikia.com\/wiki\/Luffy\">Luffy<\/a> la va a ayudar pero Lucci se interpone. <a class=\"mw-redirect\" title=\"Luffy\" href=\"http:\/\/es.onepiece.wikia.com\/wiki\/Luffy\">Luffy<\/a> empieza con un Gatoringan pero Lucci esquiva estos golpes con facilidad, la batalla sigui\u00f3 con muchos golpes hasta que Luffy activa el Gear Second, lo cual le da ventaja; cuando Lucci se percata de eso, pasa a su forma h\u00edbrida y as\u00edmismo ataca a Luffy. Luffy sigue intentadolo golpear cuando Lucci lo atrapa con su cola y le hace el Rokuogan (T\u00e9cnica secreta del Rokushiki), Luffy recibe un gran da\u00f1o y queda en el piso; Lucci se da por ganador y se empieza a marchar cuando Luffy se levanta y le hace Un Jet Gatoringan dandole muchos golpes a Lucci y as\u00ed recibi\u00f3 la victoria.<\/p>\n","protected":false},"excerpt":{"rendered":"<p>Robin dice que quiere vivir y Luffy la va a ayudar pero Lucci se interpone. Luffy empieza con un Gatoringan pero Lucci esquiva estos golpes con facilidad, la batalla sigui\u00f3 con muchos golpes hasta que Luffy activa el Gear Second, lo cual le da ventaja; cuando Lucci se percata de eso, pasa a su forma [&hellip;]<\/p>\n","protected":false},"author":10342,"featured_media":0,"parent":0,"menu_order":0,"comment_status":"closed","ping_status":"closed","template":"","meta":{"footnotes":""},"class_list":["post-48","page","type-page","status-publish","hentry"],"_links":{"self":[{"href":"https:\/\/blog.espol.edu.ec\/hdamagua\/wp-json\/wp\/v2\/pages\/48","targetHints":{"allow":["GET"]}}],"collection":[{"href":"https:\/\/blog.espol.edu.ec\/hdamagua\/wp-json\/wp\/v2\/pages"}],"about":[{"href":"https:\/\/blog.espol.edu.ec\/hdamagua\/wp-json\/wp\/v2\/types\/page"}],"author":[{"embeddable":true,"href":"https:\/\/blog.espol.edu.ec\/hdamagua\/wp-json\/wp\/v2\/users\/10342"}],"replies":[{"embeddable":true,"href":"https:\/\/blog.espol.edu.ec\/hdamagua\/wp-json\/wp\/v2\/comments?post=48"}],"version-history":[{"count":1,"href":"https:\/\/blog.espol.edu.ec\/hdamagua\/wp-json\/wp\/v2\/pages\/48\/revisions"}],"predecessor-version":[{"id":49,"href":"https:\/\/blog.espol.edu.ec\/hdamagua\/wp-json\/wp\/v2\/pages\/48\/revisions\/49"}],"wp:attachment":[{"href":"https:\/\/blog.espol.edu.ec\/hdamagua\/wp-json\/wp\/v2\/media?parent=48"}],"curies":[{"name":"wp","href":"https:\/\/api.w.org\/{rel}","templated":true}]}}