{"id":50,"date":"2016-06-01T21:21:45","date_gmt":"2016-06-01T21:21:45","guid":{"rendered":"http:\/\/blog.espol.edu.ec\/hdamagua\/?page_id=50"},"modified":"2016-06-01T21:21:45","modified_gmt":"2016-06-01T21:21:45","slug":"luffy-vs-hody-jones","status":"publish","type":"page","link":"https:\/\/blog.espol.edu.ec\/hdamagua\/luffy-vs-hody-jones\/","title":{"rendered":"LUFFY VS HODY JONES"},"content":{"rendered":"<p><a title=\"Hody Jones\" href=\"http:\/\/es.onepiece.wikia.com\/wiki\/Hody_Jones\">Hody<\/a> se levanta tras recibir el golpe de <a class=\"mw-redirect\" title=\"Luffy\" href=\"http:\/\/es.onepiece.wikia.com\/wiki\/Luffy\">Luffy<\/a>. Todos se sorprenden<a title=\"Hody Jones\" href=\"http:\/\/es.onepiece.wikia.com\/wiki\/Hody_Jones\">Hody<\/a> le pregunta a <a class=\"mw-redirect\" title=\"Luffy\" href=\"http:\/\/es.onepiece.wikia.com\/wiki\/Luffy\">Luffy<\/a> si conoce el <a class=\"mw-redirect\" title=\"Karate Triton\" href=\"http:\/\/es.onepiece.wikia.com\/wiki\/Karate_Triton\">Gyojin karate<\/a>, golpea a <a class=\"mw-redirect\" title=\"Luffy\" href=\"http:\/\/es.onepiece.wikia.com\/wiki\/Luffy\">Luffy<\/a> y este le responde que no funcionar\u00e1 con \u00e9l ya que es de goma. El escuadr\u00f3n de caparazones de tortuga de hierro se preparan para que<a class=\"mw-redirect\" title=\"Luffy\" href=\"http:\/\/es.onepiece.wikia.com\/wiki\/Luffy\">Luffy<\/a> se golpee cuando su cabeza vuelva. <a class=\"mw-redirect\" title=\"Luffy\" href=\"http:\/\/es.onepiece.wikia.com\/wiki\/Luffy\">Luffy<\/a> usa el <a title=\"Haki\" href=\"http:\/\/es.onepiece.wikia.com\/wiki\/Haki\">Haki<\/a> en su frente y destroza los caparazones. <a title=\"Hody Jones\" href=\"http:\/\/es.onepiece.wikia.com\/wiki\/Hody_Jones\">Hody<\/a> intenta golpearle con una patada y<a class=\"mw-redirect\" title=\"Luffy\" href=\"http:\/\/es.onepiece.wikia.com\/wiki\/Luffy\">Luffy<\/a> la detiene con su brazo con <a title=\"Haki\" href=\"http:\/\/es.onepiece.wikia.com\/wiki\/Haki\">Haki<\/a>, prepara una patada con <a title=\"Haki\" href=\"http:\/\/es.onepiece.wikia.com\/wiki\/Haki\">haki <\/a>y le golpea a <a title=\"Hody Jones\" href=\"http:\/\/es.onepiece.wikia.com\/wiki\/Hody_Jones\">Hody<\/a> con un gomu gomu no axe. <a title=\"Hody Jones\" href=\"http:\/\/es.onepiece.wikia.com\/wiki\/Hody_Jones\">Hody<\/a> muy enfadado usa m\u00faltiples yabusame, aunque <a class=\"mw-redirect\" title=\"Luffy\" href=\"http:\/\/es.onepiece.wikia.com\/wiki\/Luffy\">Luffy<\/a> los esquiva todos y golpea a <a title=\"Hody Jones\" href=\"http:\/\/es.onepiece.wikia.com\/wiki\/Hody_Jones\">Hody<\/a>con un pu\u00f1etazo.<\/p>\n","protected":false},"excerpt":{"rendered":"<p>Hody se levanta tras recibir el golpe de Luffy. Todos se sorprendenHody le pregunta a Luffy si conoce el Gyojin karate, golpea a Luffy y este le responde que no funcionar\u00e1 con \u00e9l ya que es de goma. El escuadr\u00f3n de caparazones de tortuga de hierro se preparan para queLuffy se golpee cuando su cabeza [&hellip;]<\/p>\n","protected":false},"author":10342,"featured_media":0,"parent":0,"menu_order":0,"comment_status":"closed","ping_status":"closed","template":"","meta":{"footnotes":""},"class_list":["post-50","page","type-page","status-publish","hentry"],"_links":{"self":[{"href":"https:\/\/blog.espol.edu.ec\/hdamagua\/wp-json\/wp\/v2\/pages\/50","targetHints":{"allow":["GET"]}}],"collection":[{"href":"https:\/\/blog.espol.edu.ec\/hdamagua\/wp-json\/wp\/v2\/pages"}],"about":[{"href":"https:\/\/blog.espol.edu.ec\/hdamagua\/wp-json\/wp\/v2\/types\/page"}],"author":[{"embeddable":true,"href":"https:\/\/blog.espol.edu.ec\/hdamagua\/wp-json\/wp\/v2\/users\/10342"}],"replies":[{"embeddable":true,"href":"https:\/\/blog.espol.edu.ec\/hdamagua\/wp-json\/wp\/v2\/comments?post=50"}],"version-history":[{"count":1,"href":"https:\/\/blog.espol.edu.ec\/hdamagua\/wp-json\/wp\/v2\/pages\/50\/revisions"}],"predecessor-version":[{"id":51,"href":"https:\/\/blog.espol.edu.ec\/hdamagua\/wp-json\/wp\/v2\/pages\/50\/revisions\/51"}],"wp:attachment":[{"href":"https:\/\/blog.espol.edu.ec\/hdamagua\/wp-json\/wp\/v2\/media?parent=50"}],"curies":[{"name":"wp","href":"https:\/\/api.w.org\/{rel}","templated":true}]}}