{"id":52,"date":"2016-06-01T21:22:39","date_gmt":"2016-06-01T21:22:39","guid":{"rendered":"http:\/\/blog.espol.edu.ec\/hdamagua\/?page_id=52"},"modified":"2016-06-01T21:22:39","modified_gmt":"2016-06-01T21:22:39","slug":"luffy-vs-moria-de-las-sombras","status":"publish","type":"page","link":"https:\/\/blog.espol.edu.ec\/hdamagua\/luffy-vs-moria-de-las-sombras\/","title":{"rendered":"LUFFY VS MORIA DE LAS SOMBRAS"},"content":{"rendered":"<p><a class=\"mw-redirect\" title=\"Moriah\" href=\"http:\/\/es.onepiece.wikia.com\/wiki\/Moriah\">Moriah<\/a> consigue absorver 1.000 sombras para crecer y volverse m\u00e1s poderoso, acto seguido, \u00e9ste intenta golpear a <a class=\"mw-redirect\" title=\"Luffy\" href=\"http:\/\/es.onepiece.wikia.com\/wiki\/Luffy\">Luffy<\/a> pero sus lentos movimientos no consiguen alcanzar a \u00e9ste \u00faltimo que hab\u00eda usado<a class=\"mw-redirect\" title=\"Gear Second\" href=\"http:\/\/es.onepiece.wikia.com\/wiki\/Gear_Second\">Gear Second<\/a>, Luffy golpea a Moriah con\u00a0<b>Gomu Gomu no Jet Rocket<\/b>, lo que obliga a Moriah a escupir algunas sombras, este empieza a perder el conocimiento y Luffy vuelve a intentar comenzar otro ataque, pero Moriah le encierra en una caja echa por sombras, acto seguido Moriah aplasta la caja junto con Luffy dentro, despu\u00e9s Luffy consigue librarse de la caja y usa <a class=\"mw-redirect\" title=\"Gear Second\" href=\"http:\/\/es.onepiece.wikia.com\/wiki\/Gear_Second\">Gear Second<\/a> y <a class=\"mw-redirect\" title=\"Gear Third\" href=\"http:\/\/es.onepiece.wikia.com\/wiki\/Gear_Third\">Gear Third<\/a> a la vez, asestando a Moriah el golpe final<\/p>\n","protected":false},"excerpt":{"rendered":"<p>Moriah consigue absorver 1.000 sombras para crecer y volverse m\u00e1s poderoso, acto seguido, \u00e9ste intenta golpear a Luffy pero sus lentos movimientos no consiguen alcanzar a \u00e9ste \u00faltimo que hab\u00eda usadoGear Second, Luffy golpea a Moriah con\u00a0Gomu Gomu no Jet Rocket, lo que obliga a Moriah a escupir algunas sombras, este empieza a perder el [&hellip;]<\/p>\n","protected":false},"author":10342,"featured_media":0,"parent":0,"menu_order":0,"comment_status":"closed","ping_status":"closed","template":"","meta":{"footnotes":""},"class_list":["post-52","page","type-page","status-publish","hentry"],"_links":{"self":[{"href":"https:\/\/blog.espol.edu.ec\/hdamagua\/wp-json\/wp\/v2\/pages\/52","targetHints":{"allow":["GET"]}}],"collection":[{"href":"https:\/\/blog.espol.edu.ec\/hdamagua\/wp-json\/wp\/v2\/pages"}],"about":[{"href":"https:\/\/blog.espol.edu.ec\/hdamagua\/wp-json\/wp\/v2\/types\/page"}],"author":[{"embeddable":true,"href":"https:\/\/blog.espol.edu.ec\/hdamagua\/wp-json\/wp\/v2\/users\/10342"}],"replies":[{"embeddable":true,"href":"https:\/\/blog.espol.edu.ec\/hdamagua\/wp-json\/wp\/v2\/comments?post=52"}],"version-history":[{"count":1,"href":"https:\/\/blog.espol.edu.ec\/hdamagua\/wp-json\/wp\/v2\/pages\/52\/revisions"}],"predecessor-version":[{"id":53,"href":"https:\/\/blog.espol.edu.ec\/hdamagua\/wp-json\/wp\/v2\/pages\/52\/revisions\/53"}],"wp:attachment":[{"href":"https:\/\/blog.espol.edu.ec\/hdamagua\/wp-json\/wp\/v2\/media?parent=52"}],"curies":[{"name":"wp","href":"https:\/\/api.w.org\/{rel}","templated":true}]}}