{"id":56,"date":"2016-06-01T21:26:49","date_gmt":"2016-06-01T21:26:49","guid":{"rendered":"http:\/\/blog.espol.edu.ec\/hdamagua\/?page_id=56"},"modified":"2016-06-01T21:26:49","modified_gmt":"2016-06-01T21:26:49","slug":"luffy-vs-blueno","status":"publish","type":"page","link":"https:\/\/blog.espol.edu.ec\/hdamagua\/luffy-vs-blueno\/","title":{"rendered":"LUFFY VS BLUENO"},"content":{"rendered":"<p><a class=\"mw-redirect\" title=\"Luffy\" href=\"http:\/\/es.onepiece.wikia.com\/wiki\/Luffy\">Luffy<\/a> llega a la cima de las puertas de interiores, donde no es visto por nadie, pero aparece <a title=\"Blueno\" href=\"http:\/\/es.onepiece.wikia.com\/wiki\/Blueno\">Blueno<\/a> gracias a su habilidad. Ya hab\u00edan peleado antes, por lo que Blueno ya esperaba su victoria sencillamente luchando como antes, pero Luffy mostraba su nueva habilidad que estaba desarrollando, Gear Second, aumentando mucho su velocidad y fuerza superando a Blueno. <a title=\"Monkey D. Luffy\" href=\"http:\/\/es.onepiece.wikia.com\/wiki\/Monkey_D._Luffy\">Luffy<\/a> en el estado de su t\u00e9cnica pod\u00eda hasta ver donde aparec\u00eda su oponente, incluso en el caso que entrara en la habitaci\u00f3n que pod\u00eda crear \u00e9l, luego aparecer. Finalmente Luffy termina la batalla golpeando a <a title=\"Blueno\" href=\"http:\/\/es.onepiece.wikia.com\/wiki\/Blueno\">Blueno<\/a> con su Jet Bazooka, en su estomago enfrentando al m\u00e1s fuerte Tekkai de todo el CP9, y gana dejando a Blueno tirado en el suelo.<\/p>\n","protected":false},"excerpt":{"rendered":"<p>Luffy llega a la cima de las puertas de interiores, donde no es visto por nadie, pero aparece Blueno gracias a su habilidad. Ya hab\u00edan peleado antes, por lo que Blueno ya esperaba su victoria sencillamente luchando como antes, pero Luffy mostraba su nueva habilidad que estaba desarrollando, Gear Second, aumentando mucho su velocidad y [&hellip;]<\/p>\n","protected":false},"author":10342,"featured_media":0,"parent":0,"menu_order":0,"comment_status":"closed","ping_status":"closed","template":"","meta":{"footnotes":""},"class_list":["post-56","page","type-page","status-publish","hentry"],"_links":{"self":[{"href":"https:\/\/blog.espol.edu.ec\/hdamagua\/wp-json\/wp\/v2\/pages\/56","targetHints":{"allow":["GET"]}}],"collection":[{"href":"https:\/\/blog.espol.edu.ec\/hdamagua\/wp-json\/wp\/v2\/pages"}],"about":[{"href":"https:\/\/blog.espol.edu.ec\/hdamagua\/wp-json\/wp\/v2\/types\/page"}],"author":[{"embeddable":true,"href":"https:\/\/blog.espol.edu.ec\/hdamagua\/wp-json\/wp\/v2\/users\/10342"}],"replies":[{"embeddable":true,"href":"https:\/\/blog.espol.edu.ec\/hdamagua\/wp-json\/wp\/v2\/comments?post=56"}],"version-history":[{"count":1,"href":"https:\/\/blog.espol.edu.ec\/hdamagua\/wp-json\/wp\/v2\/pages\/56\/revisions"}],"predecessor-version":[{"id":57,"href":"https:\/\/blog.espol.edu.ec\/hdamagua\/wp-json\/wp\/v2\/pages\/56\/revisions\/57"}],"wp:attachment":[{"href":"https:\/\/blog.espol.edu.ec\/hdamagua\/wp-json\/wp\/v2\/media?parent=56"}],"curies":[{"name":"wp","href":"https:\/\/api.w.org\/{rel}","templated":true}]}}