{"id":1,"date":"2009-06-02T21:29:32","date_gmt":"2009-06-03T01:29:32","guid":{"rendered":""},"modified":"2009-06-23T00:43:48","modified_gmt":"2009-06-23T05:43:48","slug":"quien-somos","status":"publish","type":"page","link":"https:\/\/blog.espol.edu.ec\/hdocveintim\/quien-somos\/","title":{"rendered":"Quienes somos"},"content":{"rendered":"<p class=\"MsoNormal\" style=\"text-align: left\"><span style=\"font-size: 12pt\">Somos un grupo empresarial joven formado por profesionales cuya tarea es complementar, no s\u00f3lo aspectos de negocios, sino \u2013y particularmente- nuestras<span> <\/span>experiencias, las cuales han sido logradas en diferentes \u00e1mbitos en los que hemos participado; es nuestro compromiso aportar con \u00e9stas caracter\u00edsticas para presentarnos de una manera confiable y s\u00f3lida.<\/span><\/p>\n<p class=\"MsoNormal\" style=\"text-align: left\"><span style=\"font-size: 12pt\"><\/span><\/p>\n<p class=\"MsoNormal\" style=\"text-align: left\"><span style=\"font-size: 12pt\">Los elementos relacionados a la Tecnolog\u00eda que ponemos a su disposici\u00f3n, los proponemos en funci\u00f3n de sus reales necesidades; no queremos ser simplemente proveedores de productos tecnol\u00f3gicos, al contrario deseamos entregar soluciones basadas en la evaluaci\u00f3n, <span> <\/span><span> <\/span>el conocimiento y el aprendizaje de sus propias necesidades o realidades. Nuestras herramientas se traducen en propuestas a soluciones Tecnol\u00f3gicas o Administrativas, contando con el <span> <\/span>personal Tecnol\u00f3gico, Administrativo, Ventas y Ejecutivos etc.<\/span><\/p>\n<p class=\"MsoNormal\" style=\"text-align: left\"><span style=\"font-size: 12pt\">Es nuestro serio inter\u00e9s ofrecer a su Organizaci\u00f3n una variedad de posibilidades que sumadas de acuerdo a su conveniencia e inter\u00e9s le permitan visualizar una soluci\u00f3n integral orientada a apoyar su Misi\u00f3n y apuntalar su Visi\u00f3n<\/span><\/p>\n<p class=\"MsoNormal\" style=\"text-align: left\"><span style=\"font-size: 12pt\"><br \/>\n<\/span><\/p>\n<p class=\"MsoNormal\" style=\"text-align: center\"><span style=\"font-size: 12pt\"><img loading=\"lazy\" decoding=\"async\" class=\"size-full wp-image-30 aligncenter\" src=\"http:\/\/blog.espol.edu.ec\/hdocveintim\/files\/2009\/06\/compu1.jpeg\" alt=\"compu1\" width=\"170\" height=\"170\" \/><\/span><\/p>\n<p class=\"MsoNormal\" style=\"text-align: center\"><span style=\"font-size: 12pt\"><strong>097586477<\/strong><br \/>\n<\/span><\/p>\n","protected":false},"excerpt":{"rendered":"<p>Somos un grupo empresarial joven formado por profesionales cuya tarea es complementar, no s\u00f3lo aspectos de negocios, sino \u2013y particularmente- nuestras experiencias, las cuales han sido logradas en diferentes \u00e1mbitos en los que hemos participado; es nuestro compromiso aportar con \u00e9stas caracter\u00edsticas para presentarnos de una manera confiable y s\u00f3lida. Los elementos relacionados a la [&hellip;]<\/p>\n","protected":false},"author":1945,"featured_media":0,"parent":0,"menu_order":0,"comment_status":"open","ping_status":"open","template":"","meta":{"footnotes":""},"class_list":["post-1","page","type-page","status-publish","hentry"],"_links":{"self":[{"href":"https:\/\/blog.espol.edu.ec\/hdocveintim\/wp-json\/wp\/v2\/pages\/1","targetHints":{"allow":["GET"]}}],"collection":[{"href":"https:\/\/blog.espol.edu.ec\/hdocveintim\/wp-json\/wp\/v2\/pages"}],"about":[{"href":"https:\/\/blog.espol.edu.ec\/hdocveintim\/wp-json\/wp\/v2\/types\/page"}],"author":[{"embeddable":true,"href":"https:\/\/blog.espol.edu.ec\/hdocveintim\/wp-json\/wp\/v2\/users\/1945"}],"replies":[{"embeddable":true,"href":"https:\/\/blog.espol.edu.ec\/hdocveintim\/wp-json\/wp\/v2\/comments?post=1"}],"version-history":[{"count":10,"href":"https:\/\/blog.espol.edu.ec\/hdocveintim\/wp-json\/wp\/v2\/pages\/1\/revisions"}],"predecessor-version":[{"id":52,"href":"https:\/\/blog.espol.edu.ec\/hdocveintim\/wp-json\/wp\/v2\/pages\/1\/revisions\/52"}],"wp:attachment":[{"href":"https:\/\/blog.espol.edu.ec\/hdocveintim\/wp-json\/wp\/v2\/media?parent=1"}],"curies":[{"name":"wp","href":"https:\/\/api.w.org\/{rel}","templated":true}]}}