{"id":73,"date":"2011-06-01T15:36:47","date_gmt":"2011-06-01T15:36:47","guid":{"rendered":"http:\/\/blog.espol.edu.ec\/herazo\/?page_id=73"},"modified":"2011-06-08T00:38:27","modified_gmt":"2011-06-08T00:38:27","slug":"chistes-de-tu-mama-es-tan","status":"publish","type":"page","link":"https:\/\/blog.espol.edu.ec\/herazo\/chistes-de-tu-mama-es-tan\/","title":{"rendered":"Chistes de animales"},"content":{"rendered":"<p>-Hab\u00eda un <a href=\"http:\/\/redescolar.ilce.edu.mx\/redescolar\/publicaciones\/publi_reinos\/fauna\/ciempies\/ciempies.htm\">ciempi\u00e9s<\/a> caminando por el <a href=\"http:\/\/www.tecnun.es\/asignaturas\/Ecologia\/Hipertexto\/12EcosPel\/110Bosque.htm\">bosque<\/a>, y de repente hab\u00eda una ramita y se tropez\u00f3, se tropez\u00f3, se tropez\u00f3, se tropez\u00f3, se tropez\u00f3...<\/p>\n<p>-Una familia de ovejas.<br \/>\n\u00a1Mam\u00e1!, \u00a1Mam\u00e1! \u00bfpuedo ir a una fiesta?<br \/>\nVeee, veee.<\/p>\n<p>-\u00bfQu\u00e9 hay que darle a un elefante con diarrea?<br \/>\nEspacio, mucho espacio.<\/p>\n<p>-Iban tres pollos caminando frente al <a href=\"http:\/\/es.wikipedia.org\/wiki\/Supermercado\">supermercado<\/a>, cuando de repente leen un cartel en la puerta del supermercado: \"Hoy, d\u00eda del pollo\" y los pollos se abrazan.<\/p>\n<p>-Una vez iba <a href=\"http:\/\/nestorcine.blogspot.com\/2008\/01\/quin-es-james-bond.html\">James Bond<\/a> en un avi\u00f3n con un pollito, cuando el pollito le pregunta:<br \/>\n\u00bfC\u00f3mo se llama usted? Bond, James Bond<br \/>\n\u00bfY t\u00fa? llito, po-llito.<\/p>\n<p>-\u00bfCu\u00e1l es el animal que da m\u00e1s vueltas despu\u00e9s de muerto?<br \/>\nEl pollo asado.<\/p>\n<p>-\u00bfPor qu\u00e9 los elefantes no <a href=\"http:\/\/www.masadelante.com\/faqs\/chat\">chatean<\/a>?<br \/>\nPorque le tienen miedo al mouse.<\/p>\n<p>-Va una pareja de moscas en una moto y le dice la mosca de atr\u00e1s, \u00a1para! \u00a1para!, que se me a metido un mosquito en el ojo.<\/p>\n<p>-Un vendedor de mascotas tiene tres loros a la venta. Y un posible comprador se le acerca.<br \/>\nCu\u00e1nto valen estos Loros ?<br \/>\nEl primero vale 1000 <a href=\"http:\/\/es.wikipedia.org\/wiki\/Peso_(moneda)\">pesos<\/a>.<br \/>\npor mil pesos, que es lo que hace, como puede valer tanto este pajarraco?<br \/>\nBueno, contesta el vendedor, Sabe 10.000 palabras y 500 oraciones y tambi\u00e9n resuelve problemas de matem\u00e1tica.<br \/>\ny el segundo ?<br \/>\nEse vale 20.000 pesos.<br \/>\ny este que hace ?<br \/>\nSabe 100.000 palabras y 10.000 oraciones, resuelve expresiones matematicas complejas y sabe programar computadoras.<br \/>\nGauuuu, y el tercero ?<br \/>\nEse vale 50.000 pesos.<br \/>\nNo me imagino que es lo que podra hacer por ese precio.<br \/>\nNo... no sabe nada, pero los otros dos loros lo llaman EL <a href=\"http:\/\/definicion.de\/jefe\/\">JEFE<\/a>.<\/p>\n","protected":false},"excerpt":{"rendered":"<p>-Hab\u00eda un ciempi\u00e9s caminando por el bosque, y de repente hab\u00eda una ramita y se tropez\u00f3, se tropez\u00f3, se tropez\u00f3, se tropez\u00f3, se tropez\u00f3... -Una familia de ovejas. \u00a1Mam\u00e1!, \u00a1Mam\u00e1! \u00bfpuedo ir a una fiesta? Veee, veee. -\u00bfQu\u00e9 hay que darle a un elefante con diarrea? Espacio, mucho espacio. -Iban tres pollos caminando frente al [&hellip;]<\/p>\n","protected":false},"author":5821,"featured_media":0,"parent":0,"menu_order":0,"comment_status":"open","ping_status":"open","template":"","meta":{"footnotes":""},"class_list":["post-73","page","type-page","status-publish","hentry"],"_links":{"self":[{"href":"https:\/\/blog.espol.edu.ec\/herazo\/wp-json\/wp\/v2\/pages\/73","targetHints":{"allow":["GET"]}}],"collection":[{"href":"https:\/\/blog.espol.edu.ec\/herazo\/wp-json\/wp\/v2\/pages"}],"about":[{"href":"https:\/\/blog.espol.edu.ec\/herazo\/wp-json\/wp\/v2\/types\/page"}],"author":[{"embeddable":true,"href":"https:\/\/blog.espol.edu.ec\/herazo\/wp-json\/wp\/v2\/users\/5821"}],"replies":[{"embeddable":true,"href":"https:\/\/blog.espol.edu.ec\/herazo\/wp-json\/wp\/v2\/comments?post=73"}],"version-history":[{"count":6,"href":"https:\/\/blog.espol.edu.ec\/herazo\/wp-json\/wp\/v2\/pages\/73\/revisions"}],"predecessor-version":[{"id":75,"href":"https:\/\/blog.espol.edu.ec\/herazo\/wp-json\/wp\/v2\/pages\/73\/revisions\/75"}],"wp:attachment":[{"href":"https:\/\/blog.espol.edu.ec\/herazo\/wp-json\/wp\/v2\/media?parent=73"}],"curies":[{"name":"wp","href":"https:\/\/api.w.org\/{rel}","templated":true}]}}