{"id":19,"date":"2012-03-17T09:46:14","date_gmt":"2012-03-17T09:46:14","guid":{"rendered":"http:\/\/blog.espol.edu.ec\/hespinoz\/?page_id=19"},"modified":"2012-03-17T09:46:14","modified_gmt":"2012-03-17T09:46:14","slug":"links","status":"publish","type":"page","link":"https:\/\/blog.espol.edu.ec\/hespinoz\/links\/","title":{"rendered":"Links"},"content":{"rendered":"<p><a href=\"https:\/\/sites.google.com\/site\/joanbaiges\/home\" target=\"_blank\">Joan Baiges<\/a><br \/>\n<a href=\"http:\/\/codina.rmee.upc.edu\/\" target=\"_blank\">Ramon Codina<\/a><br \/>\n<a href=\"http:\/\/principe.rmee.upc.edu\/\" target=\"_blank\">Javier Principe<\/a><br \/>\n<a href=\"http:\/\/badia.rmee.upc.es\/\" target=\"_blank\">Santiago Badia<\/a><\/p>\n<p><a href=\"http:\/\/www.cimne.com\/\" target=\"_blank\">Centre Internacional de M\u00e8todes Num\u00e8rics en Enginyeria<\/a><br \/>\n<a href=\"http:\/\/www.espol.edu.ec\/\" target=\"_blank\">Escuela Superior Polit\u00e9cnica del Litoral<\/a><br \/>\n<a href=\"http:\/\/www.swansea.ac.uk\/\" target=\"_blank\">Swansea University<\/a><br \/>\n<a href=\"http:\/\/www.upc.edu\/\" target=\"_blank\">Universitat Polit\u00e8cnica de Catalunya<\/a><\/p>\n","protected":false},"excerpt":{"rendered":"<p>Joan Baiges Ramon Codina Javier Principe Santiago Badia Centre Internacional de M\u00e8todes Num\u00e8rics en Enginyeria Escuela Superior Polit\u00e9cnica del Litoral Swansea University Universitat Polit\u00e8cnica de Catalunya<\/p>\n","protected":false},"author":7226,"featured_media":0,"parent":0,"menu_order":0,"comment_status":"open","ping_status":"open","template":"","meta":{"footnotes":""},"class_list":["post-19","page","type-page","status-publish","hentry"],"_links":{"self":[{"href":"https:\/\/blog.espol.edu.ec\/hespinoz\/wp-json\/wp\/v2\/pages\/19","targetHints":{"allow":["GET"]}}],"collection":[{"href":"https:\/\/blog.espol.edu.ec\/hespinoz\/wp-json\/wp\/v2\/pages"}],"about":[{"href":"https:\/\/blog.espol.edu.ec\/hespinoz\/wp-json\/wp\/v2\/types\/page"}],"author":[{"embeddable":true,"href":"https:\/\/blog.espol.edu.ec\/hespinoz\/wp-json\/wp\/v2\/users\/7226"}],"replies":[{"embeddable":true,"href":"https:\/\/blog.espol.edu.ec\/hespinoz\/wp-json\/wp\/v2\/comments?post=19"}],"version-history":[{"count":2,"href":"https:\/\/blog.espol.edu.ec\/hespinoz\/wp-json\/wp\/v2\/pages\/19\/revisions"}],"predecessor-version":[{"id":21,"href":"https:\/\/blog.espol.edu.ec\/hespinoz\/wp-json\/wp\/v2\/pages\/19\/revisions\/21"}],"wp:attachment":[{"href":"https:\/\/blog.espol.edu.ec\/hespinoz\/wp-json\/wp\/v2\/media?parent=19"}],"curies":[{"name":"wp","href":"https:\/\/api.w.org\/{rel}","templated":true}]}}