{"id":30,"date":"2016-11-12T21:30:22","date_gmt":"2016-11-12T21:30:22","guid":{"rendered":"http:\/\/blog.espol.edu.ec\/hishe\/?page_id=30"},"modified":"2016-11-12T21:44:47","modified_gmt":"2016-11-12T21:44:47","slug":"hoteles","status":"publish","type":"page","link":"https:\/\/blog.espol.edu.ec\/hishe\/hoteles\/","title":{"rendered":"HoTeLeS"},"content":{"rendered":"<p>Si estas planeando en ir a Ba\u00f1os y no sabes cual hotel quedarte entonces te ofrezco las siguientes opciones:<\/p>\n<p><span style=\"color: #ff6600\">Hotel Sangay<\/span><\/p>\n<p align=\"justify\">El Hotel Sangay est\u00e1 ubicado al frente de una cascada impresionante de 80 metros y en la \u00a0calle de las famosas termas de Ba\u00f1os. Ba\u00f1os ofrece a sus invitados una atm\u00f3sfera tranquila, en un clima c\u00f3modo y una amplia variedad de actividades, equitaci\u00f3n, bicicleta y monta\u00f1ismo.<\/p>\n<p align=\"justify\">El hotel Sangay ofrece una secci\u00f3n ejecutiva, habitaciones modernas con un balc\u00f3n que con vistas a la cascada o al \u00e1rea colonial de la ciudad de Ba\u00f1os, tambi\u00e9n ofrece caba\u00f1as con techo de paja.<\/p>\n<p align=\"justify\">Todas las habitaciones tienen cuarto de ba\u00f1o, TV por cable, tel\u00e9fono y \u00a0servicio de habitaci\u00f3n. Una vez en su alojamiento, rel\u00e1jese en la piscina de agua caliente o en el ba\u00f1o turco, sauna, aromaterapia del volc\u00e1n y hidromasaje.<\/p>\n<p align=\"justify\">El restaurante gourmet ofrece platos nacionales e internacionales con interesantes variaciones. En el bar \"La Cascada\" puede disfrutar las noches con una vista espectacular a la cascada \"La Virgen\", es un lugar c\u00f3modo para relajarse, esto tambi\u00e9n tiene una de las vistas m\u00e1s espectaculares de la cascada.<\/p>\n<p align=\"justify\"><img loading=\"lazy\" decoding=\"async\" class=\"alignnone \" src=\"http:\/\/banosecuador.com\/wp-content\/uploads\/2011\/11\/sangay1.jpg\" alt=\"\" width=\"485\" height=\"323\" \/><\/p>\n<p>\u00a0 A continuacion revise el siguiente video \ud83d\ude09<\/p>\n<p><iframe loading=\"lazy\" title=\"Hotel Sangay Ba\u00f1os\" width=\"610\" height=\"343\" src=\"https:\/\/www.youtube.com\/embed\/6Ar2MEHTbPo?feature=oembed\" frameborder=\"0\" allow=\"accelerometer; autoplay; clipboard-write; encrypted-media; gyroscope; picture-in-picture; web-share\" referrerpolicy=\"strict-origin-when-cross-origin\" allowfullscreen><\/iframe><\/p>\n<p>&nbsp;<\/p>\n<p><span style=\"color: #ff9900\">Hotel ViLLA Santa Clara<\/span><\/p>\n<div id=\"summary\" class=\"\">\n<p>El Hotel Villa Santa Clara se encuentra en Ba\u00f1os, a solo 10 km del volc\u00e1n Tungurahua. Ofrece conexi\u00f3n Wi-Fi gratuita, mostrador de informaci\u00f3n tur\u00edstica, centro de negocios y cafeter\u00eda.<\/p>\n<p>Las habitaciones presentan una decoraci\u00f3n luminosa y est\u00e1n equipadas con TV, escritorio y ba\u00f1o privado con ducha y WC. Tambi\u00e9n ofrecen vistas a los jardines.<\/p>\n<p>El Hotel Villa Santa Clara dispone de recepci\u00f3n 24 horas. A 5 minutos a pie, hay restaurantes y bares.<\/p>\n<p>La hist\u00f3rica catedral de la ciudad est\u00e1 a solo 2 minutos a pie del establecimiento, mientras que el r\u00edo r\u00edo Pastaza, donde se pueden practicar actividades como rafting, est\u00e1 a solo 7 km de distancia.<\/p>\n<\/div>\n<p class=\"geo_information\">Nuestros clientes dicen que esta parte de Ba\u00f1os es su favorita, seg\u00fan los comentarios independientes.<\/p>\n<p class=\"geo_information\"><img loading=\"lazy\" decoding=\"async\" class=\"alignnone size-medium\" src=\"http:\/\/www.hotelvillasantaclara.com\/santaclara5.jpg\" alt=\"\" width=\"600\" height=\"214\" \/><\/p>\n<p class=\"geo_information\">A continuacion un video:<\/p>\n<p>https:\/\/www.youtube.com\/watch?v=UzNTfcZc3ug<\/p>\n<p>&nbsp;<\/p>\n<p class=\"Stil8\" align=\"left\">\n","protected":false},"excerpt":{"rendered":"<p>Si estas planeando en ir a Ba\u00f1os y no sabes cual hotel quedarte entonces te ofrezco las siguientes opciones: Hotel Sangay El Hotel Sangay est\u00e1 ubicado al frente de una cascada impresionante de 80 metros y en la \u00a0calle de las famosas termas de Ba\u00f1os. Ba\u00f1os ofrece a sus invitados una atm\u00f3sfera tranquila, en un [&hellip;]<\/p>\n","protected":false},"author":10722,"featured_media":0,"parent":0,"menu_order":0,"comment_status":"closed","ping_status":"closed","template":"","meta":{"footnotes":""},"class_list":["post-30","page","type-page","status-publish","hentry"],"_links":{"self":[{"href":"https:\/\/blog.espol.edu.ec\/hishe\/wp-json\/wp\/v2\/pages\/30","targetHints":{"allow":["GET"]}}],"collection":[{"href":"https:\/\/blog.espol.edu.ec\/hishe\/wp-json\/wp\/v2\/pages"}],"about":[{"href":"https:\/\/blog.espol.edu.ec\/hishe\/wp-json\/wp\/v2\/types\/page"}],"author":[{"embeddable":true,"href":"https:\/\/blog.espol.edu.ec\/hishe\/wp-json\/wp\/v2\/users\/10722"}],"replies":[{"embeddable":true,"href":"https:\/\/blog.espol.edu.ec\/hishe\/wp-json\/wp\/v2\/comments?post=30"}],"version-history":[{"count":5,"href":"https:\/\/blog.espol.edu.ec\/hishe\/wp-json\/wp\/v2\/pages\/30\/revisions"}],"predecessor-version":[{"id":35,"href":"https:\/\/blog.espol.edu.ec\/hishe\/wp-json\/wp\/v2\/pages\/30\/revisions\/35"}],"wp:attachment":[{"href":"https:\/\/blog.espol.edu.ec\/hishe\/wp-json\/wp\/v2\/media?parent=30"}],"curies":[{"name":"wp","href":"https:\/\/api.w.org\/{rel}","templated":true}]}}