{"id":46,"date":"2016-11-14T03:31:58","date_gmt":"2016-11-14T03:31:58","guid":{"rendered":"http:\/\/blog.espol.edu.ec\/hishe\/?page_id=46"},"modified":"2016-11-14T03:31:58","modified_gmt":"2016-11-14T03:31:58","slug":"zonas-turisticas","status":"publish","type":"page","link":"https:\/\/blog.espol.edu.ec\/hishe\/zonas-turisticas\/","title":{"rendered":"Zonas Tur\u00edsticas"},"content":{"rendered":"<p><span style=\"color: #00ff00\">La casa del \u00e1rbol\u00a0<\/span><\/p>\n<p>El mejor sitio para poder observar el Volc\u00e1n Tungurahua es sin duda alguna la Casa del \u00c1rbol en<span style=\"color: #000000\"> Ba\u00f1os Ecuador,<\/span> ubicada en el caser\u00edo Runt\u00fan a 2660 metros sobre el nivel del mar.<\/p>\n<p align=\"justify\">Es un lugar perfecto como para disfrutar un PICNIC con amigos o la familia, de igual manera disfrutar de las fabulosas vistas del volc\u00e1n Tungurahua y las monta\u00f1as que rodean la ciudad de Ba\u00f1os Ecuador, y si gustas y no tienes miedo a las alturas y la adrenalina porque no subirte al m\u00e1s famoso columpio(mecedora) que tiene el Ecuador.<\/p>\n<p align=\"justify\">Si tienes suerte podr\u00e1s presenciar una interesante charla sobre el sin numero de erupciones suscitadas a lo largo de los \u00faltimos 15 a\u00f1os a cargo del experto y vig\u00eda del Instituto geogr\u00e1fico Militar el Sr. Carlos S\u00e1nchez, en \u00e9sta conversaci\u00f3n podr\u00e1 observar el diferente tipo de rocas volc\u00e1nicas expulsadas, las fases eruptivas, y conocer a fondo a la majestuosa Mama Tungurahua.<\/p>\n<p align=\"justify\"><img loading=\"lazy\" decoding=\"async\" class=\"alignnone size-medium wp-image-42\" src=\"http:\/\/blog.espol.edu.ec\/hishe\/files\/2016\/11\/tree-house-banos-ecuador-300x150.jpg\" alt=\"tree-house-banos-ecuador\" width=\"300\" height=\"150\" srcset=\"https:\/\/blog.espol.edu.ec\/hishe\/files\/2016\/11\/tree-house-banos-ecuador-300x150.jpg 300w, https:\/\/blog.espol.edu.ec\/hishe\/files\/2016\/11\/tree-house-banos-ecuador-768x384.jpg 768w, https:\/\/blog.espol.edu.ec\/hishe\/files\/2016\/11\/tree-house-banos-ecuador.jpg 840w\" sizes=\"auto, (max-width: 300px) 100vw, 300px\" \/><\/p>\n<p align=\"justify\"><span style=\"color: #000000\">Cascada Pailon del Diablo\u00a0<\/span><\/p>\n<p>El Pail\u00f3n del Diablo tiene aproximadamente 100 metros de altura. Esta hermosa e impresionante cascada tiene tres saltos de agua los mismos que debido a la fuerza con la que caen, forman un impresionante remolino.<\/p>\n<p>Es la cascada m\u00e1s impresionante de la regi\u00f3n, visitada por turistas nacionales y extranjeros, que llegan atra\u00eddos por la hermosura de su\u00a0 agua color turquesa. \u00a0La temperatura del agua es de aproximadamente unos 23\u00ba C.<\/p>\n<p>Todo el trayecto, desde Ba\u00f1os a R\u00edo Verde, tiene sus atractivos: la represa hidroel\u00e9ctrica de Agoy\u00e1n, los dos t\u00faneles, los paisajes naturales, las mini cascadas que se usan para lavar autos, las ventas de frutas propias de la zona.<\/p>\n<p>Para observarla m\u00e1s de cerca debe descender por un sendero que se encuentra perfectamente se\u00f1alizado, que a trav\u00e9s de orqu\u00eddeas, hortensias y vegetaci\u00f3n semi-selv\u00e1tica, que llega hasta un puente colgante y luego se encontrar\u00e1 en el filo mismo de la cascada.<\/p>\n<p>En el borde de la cascada se encuentra \u00a0un mirador, desde donde la vista se pierde en la cubierta vegetal compuesta \u00a0de \u00a0herb\u00e1ceo, arbustivo y arb\u00f3reo. La cascada desciende a lo largo de una formaci\u00f3n rocosa natural, la misma que es capaz de envolver en una densa nube de gotitas producto de la humedad.<\/p>\n<p align=\"justify\"><img loading=\"lazy\" decoding=\"async\" class=\"alignnone size-medium\" src=\"https:\/\/40.media.tumblr.com\/a5c4b59648b784aa9c5fb39f6f63c6a0\/tumblr_ndga5ewqrA1r7ok92o1_540.jpg\" alt=\"\" width=\"540\" height=\"405\" \/><\/p>\n","protected":false},"excerpt":{"rendered":"<p>La casa del \u00e1rbol\u00a0 El mejor sitio para poder observar el Volc\u00e1n Tungurahua es sin duda alguna la Casa del \u00c1rbol en Ba\u00f1os Ecuador, ubicada en el caser\u00edo Runt\u00fan a 2660 metros sobre el nivel del mar. Es un lugar perfecto como para disfrutar un PICNIC con amigos o la familia, de igual manera disfrutar [&hellip;]<\/p>\n","protected":false},"author":10722,"featured_media":0,"parent":0,"menu_order":0,"comment_status":"closed","ping_status":"closed","template":"","meta":{"footnotes":""},"class_list":["post-46","page","type-page","status-publish","hentry"],"_links":{"self":[{"href":"https:\/\/blog.espol.edu.ec\/hishe\/wp-json\/wp\/v2\/pages\/46","targetHints":{"allow":["GET"]}}],"collection":[{"href":"https:\/\/blog.espol.edu.ec\/hishe\/wp-json\/wp\/v2\/pages"}],"about":[{"href":"https:\/\/blog.espol.edu.ec\/hishe\/wp-json\/wp\/v2\/types\/page"}],"author":[{"embeddable":true,"href":"https:\/\/blog.espol.edu.ec\/hishe\/wp-json\/wp\/v2\/users\/10722"}],"replies":[{"embeddable":true,"href":"https:\/\/blog.espol.edu.ec\/hishe\/wp-json\/wp\/v2\/comments?post=46"}],"version-history":[{"count":2,"href":"https:\/\/blog.espol.edu.ec\/hishe\/wp-json\/wp\/v2\/pages\/46\/revisions"}],"predecessor-version":[{"id":48,"href":"https:\/\/blog.espol.edu.ec\/hishe\/wp-json\/wp\/v2\/pages\/46\/revisions\/48"}],"wp:attachment":[{"href":"https:\/\/blog.espol.edu.ec\/hishe\/wp-json\/wp\/v2\/media?parent=46"}],"curies":[{"name":"wp","href":"https:\/\/api.w.org\/{rel}","templated":true}]}}