{"id":18,"date":"2021-08-05T06:50:55","date_gmt":"2021-08-05T04:50:55","guid":{"rendered":"http:\/\/blog.espol.edu.ec\/historiauniversal\/?page_id=18"},"modified":"2021-08-05T06:50:55","modified_gmt":"2021-08-05T04:50:55","slug":"misas-net","status":"publish","type":"page","link":"https:\/\/blog.espol.edu.ec\/historiauniversal\/misas-net\/","title":{"rendered":"Misas. net"},"content":{"rendered":"<p>La importancia de la eucarist\u00eda es de <a href=\"https:\/\/misas.net\/\">misas<\/a> todos conocida, pues la eucarist\u00eda es el mayor tesoro que tiene <a href=\"https:\/\/misas.net\/en-directo\/\">misa en directo<\/a> la Iglesia y al mismo tiempo la Iglesia vive <a href=\"https:\/\/misas.net\/santuario-de-santa-gema-galgani-padres-pasionistas\/\">misas santa gema<\/a> de la eucarist\u00eda, se alimenta de la eucarist\u00eda, est\u00e1 en torno de <a href=\"https:\/\/misas.net\/real-basilica-de-san-francisco-el-grande\/\">san francisco el grande misas<\/a> la eucarist\u00eda y es la eucarist\u00eda la que da fuerza y confianza <a href=\"https:\/\/misas.net\/centro-residencial-zaragoza-sanitas\/\">misas en zaragoza<\/a> a la Iglesia en su peregrinaci\u00f3n hacia la patria celeste.Tambi\u00e9n nosotros gritamos <a href=\"https:\/\/misas.net\/calendario-liturgico-espana\/\">calendario liturgico<\/a> como esos cristianos de Bitinia, al norte de \u00c1frica, en el siglo IV, ante la prohibici\u00f3n por parte del emperador romano de celebrar el culto eucar\u00edstico: \u201cPueden quitarnos todo, menos la eucarist\u00eda: <a href=\"https:\/\/misas.net\/partes-de-la-misa\/\">partes de la misa<\/a> Todo, es decir, casas, campos, ganados, e incluso la propia vida. Pero no la eucarist\u00eda. Pues sin ella no podemos vivir\u201d.<\/p>\n","protected":false},"excerpt":{"rendered":"<p>La importancia de la eucarist\u00eda es de misas todos conocida, pues la eucarist\u00eda es el mayor tesoro que tiene misa en directo la Iglesia y al mismo tiempo la Iglesia vive misas santa gema de la eucarist\u00eda, se alimenta de la eucarist\u00eda, est\u00e1 en torno de san francisco el grande misas la eucarist\u00eda y es &hellip; <\/p>\n<p class=\"link-more\"><a href=\"https:\/\/blog.espol.edu.ec\/historiauniversal\/misas-net\/\" class=\"more-link\">Continuar leyendo<span class=\"screen-reader-text\"> \"Misas. net\"<\/span><\/a><\/p>\n","protected":false},"author":11077,"featured_media":0,"parent":0,"menu_order":0,"comment_status":"closed","ping_status":"closed","template":"","meta":{"footnotes":""},"class_list":["post-18","page","type-page","status-publish","hentry"],"_links":{"self":[{"href":"https:\/\/blog.espol.edu.ec\/historiauniversal\/wp-json\/wp\/v2\/pages\/18","targetHints":{"allow":["GET"]}}],"collection":[{"href":"https:\/\/blog.espol.edu.ec\/historiauniversal\/wp-json\/wp\/v2\/pages"}],"about":[{"href":"https:\/\/blog.espol.edu.ec\/historiauniversal\/wp-json\/wp\/v2\/types\/page"}],"author":[{"embeddable":true,"href":"https:\/\/blog.espol.edu.ec\/historiauniversal\/wp-json\/wp\/v2\/users\/11077"}],"replies":[{"embeddable":true,"href":"https:\/\/blog.espol.edu.ec\/historiauniversal\/wp-json\/wp\/v2\/comments?post=18"}],"version-history":[{"count":1,"href":"https:\/\/blog.espol.edu.ec\/historiauniversal\/wp-json\/wp\/v2\/pages\/18\/revisions"}],"predecessor-version":[{"id":19,"href":"https:\/\/blog.espol.edu.ec\/historiauniversal\/wp-json\/wp\/v2\/pages\/18\/revisions\/19"}],"wp:attachment":[{"href":"https:\/\/blog.espol.edu.ec\/historiauniversal\/wp-json\/wp\/v2\/media?parent=18"}],"curies":[{"name":"wp","href":"https:\/\/api.w.org\/{rel}","templated":true}]}}