{"id":61,"date":"2016-05-28T17:34:12","date_gmt":"2016-05-28T17:34:12","guid":{"rendered":"http:\/\/blog.espol.edu.ec\/hjalban\/?page_id=61"},"modified":"2016-05-28T17:38:11","modified_gmt":"2016-05-28T17:38:11","slug":"the-kingdom","status":"publish","type":"page","link":"https:\/\/blog.espol.edu.ec\/hjalban\/the-kingdom\/","title":{"rendered":"The KingDom"},"content":{"rendered":"<p>Los m\u00e1ximos exponentes del g\u00e9nero urbano se unen por primera vez en 'The Kingdom: Daddy Yankee vs Don Omar', una gira que, seg\u00fan los organizadores, \"har\u00e1 temblar todo el planeta\".<\/p>\n<p class=\"text\">A partir del 2016 la gira se extender\u00e1 por varias partes\u00a0del mundo con \"m\u00e1s de 65 espect\u00e1culos en todos los mercados\", se inform\u00f3\u00a0en una nota de prensa.<\/p>\n<p class=\"text\">\"Este junte,\u00a0nuestro p\u00fablico lo estaba esperando y marcar\u00e1 nuevas p\u00e1ginas en los libros de historia\", expres\u00f3 <strong>Daddy Yankee <\/strong>, que luego agreg\u00f3: \"Es un reto que nos exige ser a\u00fan mejores\".<\/p>\n<p class=\"text\"><strong>Don Omar <\/strong>fue un poco m\u00e1s all\u00e1 y dijo: \" <strong>Existe una rivalidad profesional y eso lo vamos a demostrar en el show <\/strong>\".<\/p>\n<p>&nbsp;<\/p>\n<p>&nbsp;<\/p>\n<p>&nbsp;<\/p>\n<p><img loading=\"lazy\" decoding=\"async\" class=\"alignnone size-medium wp-image-62\" src=\"http:\/\/blog.espol.edu.ec\/hjalban\/files\/2016\/05\/DY-vs-DO-300x167.jpg\" alt=\"DY-vs-DO\" width=\"300\" height=\"167\" srcset=\"https:\/\/blog.espol.edu.ec\/hjalban\/files\/2016\/05\/DY-vs-DO-300x167.jpg 300w, https:\/\/blog.espol.edu.ec\/hjalban\/files\/2016\/05\/DY-vs-DO.jpg 630w\" sizes=\"auto, (max-width: 300px) 100vw, 300px\" \/><\/p>\n","protected":false},"excerpt":{"rendered":"<p>Los m\u00e1ximos exponentes del g\u00e9nero urbano se unen por primera vez en 'The Kingdom: Daddy Yankee vs Don Omar', una gira que, seg\u00fan los organizadores, \"har\u00e1 temblar todo el planeta\". A partir del 2016 la gira se extender\u00e1 por varias partes\u00a0del mundo con \"m\u00e1s de 65 espect\u00e1culos en todos los mercados\", se inform\u00f3\u00a0en una nota [&hellip;]<\/p>\n","protected":false},"author":10327,"featured_media":0,"parent":0,"menu_order":0,"comment_status":"closed","ping_status":"closed","template":"","meta":{"footnotes":""},"class_list":["post-61","page","type-page","status-publish","hentry"],"_links":{"self":[{"href":"https:\/\/blog.espol.edu.ec\/hjalban\/wp-json\/wp\/v2\/pages\/61","targetHints":{"allow":["GET"]}}],"collection":[{"href":"https:\/\/blog.espol.edu.ec\/hjalban\/wp-json\/wp\/v2\/pages"}],"about":[{"href":"https:\/\/blog.espol.edu.ec\/hjalban\/wp-json\/wp\/v2\/types\/page"}],"author":[{"embeddable":true,"href":"https:\/\/blog.espol.edu.ec\/hjalban\/wp-json\/wp\/v2\/users\/10327"}],"replies":[{"embeddable":true,"href":"https:\/\/blog.espol.edu.ec\/hjalban\/wp-json\/wp\/v2\/comments?post=61"}],"version-history":[{"count":3,"href":"https:\/\/blog.espol.edu.ec\/hjalban\/wp-json\/wp\/v2\/pages\/61\/revisions"}],"predecessor-version":[{"id":66,"href":"https:\/\/blog.espol.edu.ec\/hjalban\/wp-json\/wp\/v2\/pages\/61\/revisions\/66"}],"wp:attachment":[{"href":"https:\/\/blog.espol.edu.ec\/hjalban\/wp-json\/wp\/v2\/media?parent=61"}],"curies":[{"name":"wp","href":"https:\/\/api.w.org\/{rel}","templated":true}]}}