{"id":71,"date":"2016-05-30T21:40:17","date_gmt":"2016-05-30T21:40:17","guid":{"rendered":"http:\/\/blog.espol.edu.ec\/hjalban\/?page_id=71"},"modified":"2016-05-30T21:42:18","modified_gmt":"2016-05-30T21:42:18","slug":"premios-billboard-de-la-masica-latina-2016","status":"publish","type":"page","link":"https:\/\/blog.espol.edu.ec\/hjalban\/premios-billboard-de-la-masica-latina-2016\/","title":{"rendered":"Premios Billboard de la M\u00f9sica Latina 2016"},"content":{"rendered":"<p>Los ganadores de los Premios Billboard de la M\u00fasica Latina 2016 celebrados en el gran escenario del Bank United Center en la Universidad de Miami, Florida (EE.UU.), fueron los siguientes:<\/p>\n<p>- Artista del A\u00f1o: Romeo Santos.<\/p>\n<p>- Artista del A\u00f1o, Debut: Ariel Camacho y Los Plebes del Rancho.<\/p>\n<p>- Gira del A\u00f1o: Juan Gabriel.<\/p>\n<p>- Artista del A\u00f1o, Redes Sociales: Shakira.<\/p>\n<p>- Artista Crossover del A\u00f1o: Justin Bieber.<\/p>\n<p>- Premio Trayectoria Art\u00edstica: Marco Antonio Sol\u00eds<\/p>\n<p>- Premio de la Estrella: Juan Gabriel<\/p>\n<p>- Premio Billboard Sal\u00f3n de La Fama: Alejandro Fern\u00e1ndez<\/p>\n<p>- Premio L\u00edder de la Industria: Daddy Yankee y Don Omar<\/p>\n<p>CATEGOR\u00cdA CANCIONES: \u00a0Hot Latin Song<\/p>\n<p>- Canci\u00f3n del A\u00f1o: \"El Perd\u00f3n\" de Nicky Jam &amp; Enrique Iglesias.<\/p>\n<p>- Colaboraci\u00f3n Vocal: \"El Perd\u00f3n\" de Nicky Jam &amp; Enrique Iglesias.<\/p>\n<p>- Artista del A\u00f1o, Masculino: Romeo Santos.<\/p>\n<p>- Artista del A\u00f1o, Femenino: Shakira.<\/p>\n<p>- Artista del A\u00f1o, D\u00fao o Grupo: Banda Sinaloense MS de Sergio Liz\u00e1rraga.<\/p>\n<p>- Sello Discogr\u00e1fico del A\u00f1o: Sony Music Latin.<\/p>\n<p>- Casa Disquera del A\u00f1o: Sony Music Latin.<\/p>\n<p>- Canci\u00f3n del A\u00f1o, Airplay: \"El Perd\u00f3n\" de Nicky Jam &amp; Enrique Iglesias.<\/p>\n<p>- Sello Discogr\u00e1fico del A\u00f1o, Airplay: Universal Music Latin Entertainment.<\/p>\n<p>- Casa Disquera del A\u00f1o, Airplay: Sony Music Latin.<\/p>\n<p>- Canci\u00f3n del A\u00f1o, Digital: \"El Perd\u00f3n\" de Nicky Jam &amp; Enrique Iglesias.<\/p>\n<p>- Canci\u00f3n del A\u00f1o, Streaming: \"El Perd\u00f3n\" de Nicky Jam &amp; Enrique Iglesias.<\/p>\n<p>CATEGOR\u00cdA \u00c1LBUMES: \u00a0Top Latin Album<\/p>\n<p>- \u00c1lbum del A\u00f1o: \"Los D\u00fao\" de Juan Gabriel.<\/p>\n<p>- Artista del A\u00f1o, Masculino: Juan Gabriel.<\/p>\n<p>- Artista del A\u00f1o, Femenino: Selena.<\/p>\n<p>- Artista del A\u00f1o D\u00fao o Grupo: Man\u00e1.<\/p>\n<p>- Sello Discogr\u00e1fico del A\u00f1o: Universal Music Latin Entertainment.<\/p>\n<p>- Casa Discogr\u00e1fica del A\u00f1o: Fonovisa.<\/p>\n<p>CATEGOR\u00cdA LATIN POP: Canciones y \u00e1lbum Latin Pop<\/p>\n<p>- Canci\u00f3n del A\u00f1o: \"Mi Verdad\" de Man\u00e1 con Shakira.<\/p>\n<p>- Artista del A\u00f1o, Solista: Enrique Iglesias.<\/p>\n<p>- Artista del A\u00f1o, D\u00fao o Grupo: Man\u00e1.<\/p>\n<p>- Sello Discogr\u00e1fico del A\u00f1o, \"Latin Pop Airplay\": Sony Music Latin.<\/p>\n<p>- Casa Discogr\u00e1fica del A\u00f1o, \"Latin Pop Airplay\": Sony Music Latin. (\u00c1lbumes Latin Pop)<\/p>\n<p>- \u00c1lbum del A\u00f1o: \"Los D\u00fao\" de Juan Gabriel.<\/p>\n<p>- Artista del A\u00f1o Solista: Juan Gabriel.<\/p>\n<p>- Artista del A\u00f1o, D\u00fao o Grupo: Man\u00e1.<\/p>\n<p>- Sello Discogr\u00e1fico del A\u00f1o, \"Latin Pop Albums: Universal Music Latin Entertainment.<\/p>\n<p>- Casa Discogr\u00e1fica del A\u00f1o, \"Latin Pop Albums\": Sony Music Latin.<\/p>\n<p>CATEGOR\u00cdA TROPICAL: Canciones Tropical y \u00e1lbum<\/p>\n<p>- Canci\u00f3n Tropical del A\u00f1o: \"La Gozadera\" de Gente de Zona con Marc Anthony.<\/p>\n<p>- Artista del A\u00f1o, Solista: Romeo Santos.<\/p>\n<p>- Artista del A\u00f1o, D\u00fao o Grupo: Gente de Zona.<\/p>\n<p>- Sello Discogr\u00e1fico del A\u00f1o, \"Tropical Songs Airplay\": Sony Music Latin.<\/p>\n<p>- Casa Discogr\u00e1fica del A\u00f1o, \"Tropical Songs Airplay\": Sony Music Latin. (\u00c1lbumes Tropical)<\/p>\n<p>- \u00c1lbum Tropical del A\u00f1o: \"Que Suenen Los Tambores\" de Victor Manuelle.<\/p>\n<p>- Artista del A\u00f1o, Solista: Romeo Santos.<\/p>\n<p>- Artista del A\u00f1o, D\u00fao o Grupo: Buena Vista Social Club.<\/p>\n<p>- Sello Discogr\u00e1fico del A\u00f1o, \"Tropical Albums\": Sony Music Latin.<\/p>\n<p>- Casa Discogr\u00e1fica del A\u00f1o, \"Tropical Albums\": Sony Music Latin.<\/p>\n<p>CATEGOR\u00cdA REGIONAL MEXICANO: Canciones y \u00e1lbum Regional Mexicano<\/p>\n<p>- Canci\u00f3n Regional Mexicana del A\u00f1o: \"Te Metiste\" de Ariel Camacho y Los Plebes del Rancho.<\/p>\n<p>- Artista del A\u00f1o, Solista Regional: El Komander.<\/p>\n<p>- Artista del A\u00f1o, D\u00fao o Grupo: Banda Sinaloense MS de Sergio Liz\u00e1rraga.<\/p>\n<p>- Sello Discogr\u00e1fico del A\u00f1o, \"Regional Mexican Airplay\": Universal Music Latin Entertainment.<\/p>\n<p>- Casa Discogr\u00e1fica del A\u00f1o, \"Regional Mexican Airplay: Fonovisa. (\u00c1lbumes Regional mexicano)<\/p>\n<p>- Album Regional Mexicano del A\u00f1o: \"Hoy M\u00e1s Fuerte\" de Gerardo Ortiz.<\/p>\n<p>- Artista del A\u00f1o, Solista Regional: Joan Sebastian.<\/p>\n<p>- Artista del A\u00f1o, D\u00fao o Grupo: Juli\u00f3n \u00c1lvarez y Su Norte\u00f1o Banda.<\/p>\n<p>- Sello Discogr\u00e1fico del A\u00f1o: Universal Music Latin Entertainment.<\/p>\n<p>- Casa Discogr\u00e1fica del A\u00f1o: Fonovisa CATEGOR\u00cdA LATIN RHYTHM: Canciones y \u00e1lbum Latin Rhythm<\/p>\n<p>- Canci\u00f3n \"Latin Rhythm\" del A\u00f1o: \"El Perd\u00f3n\" de Nicky Jam &amp; Enrique Iglesias.<\/p>\n<p>- Artista del A\u00f1o, solista: Nicky Jam.<\/p>\n<p>- Artista del A\u00f1o, D\u00fao o Grupo: Zion &amp; Lennox. - Sello Discogr\u00e1fico del A\u00f1o, \"Latin Rhythm Airplay\": Sony Music Latin.<\/p>\n<p>- Casa Discogr\u00e1fica del A\u00f1o, \"Latin Rhythm Airplay\": Sony Music Latin. (\u00c1lbumes Latin Rhythm)<\/p>\n<p>- \u00c1lbum \"Latin Rhythm\" del A\u00f1o: \"Dale\" de Pitbull.<\/p>\n<p>- Artista del A\u00f1o, Solista: Pitbull. - Artista del A\u00f1o, D\u00fao o Grupo: Plan B.<\/p>\n<p>- Sello Discogr\u00e1fico del A\u00f1o, \"Latin Rhythm Albums\": Sony Music Latin.<\/p>\n<p>- Casa Discogr\u00e1fica del A\u00f1o, \"Latin Rhythm Albums\": Sony Music Latin.<\/p>\n<p>CATEGOR\u00cdA ESCRITOR\/PRODUCTOR\/EDITORA:<\/p>\n<p>- Compositor del A\u00f1o: Romeo Santos.<\/p>\n<p>- Editora del A\u00f1o: Mayimba Music, Inc., ASCAP.<\/p>\n<p>- Corporaci\u00f3n Editora del A\u00f1o: Sony\/ATV Music.<\/p>\n<p>- Productor de A\u00f1o: Saga WhiteBlack..<\/p>\n","protected":false},"excerpt":{"rendered":"<p>Los ganadores de los Premios Billboard de la M\u00fasica Latina 2016 celebrados en el gran escenario del Bank United Center en la Universidad de Miami, Florida (EE.UU.), fueron los siguientes: - Artista del A\u00f1o: Romeo Santos. - Artista del A\u00f1o, Debut: Ariel Camacho y Los Plebes del Rancho. - Gira del A\u00f1o: Juan Gabriel. - [&hellip;]<\/p>\n","protected":false},"author":10327,"featured_media":0,"parent":0,"menu_order":0,"comment_status":"closed","ping_status":"closed","template":"","meta":{"footnotes":""},"class_list":["post-71","page","type-page","status-publish","hentry"],"_links":{"self":[{"href":"https:\/\/blog.espol.edu.ec\/hjalban\/wp-json\/wp\/v2\/pages\/71","targetHints":{"allow":["GET"]}}],"collection":[{"href":"https:\/\/blog.espol.edu.ec\/hjalban\/wp-json\/wp\/v2\/pages"}],"about":[{"href":"https:\/\/blog.espol.edu.ec\/hjalban\/wp-json\/wp\/v2\/types\/page"}],"author":[{"embeddable":true,"href":"https:\/\/blog.espol.edu.ec\/hjalban\/wp-json\/wp\/v2\/users\/10327"}],"replies":[{"embeddable":true,"href":"https:\/\/blog.espol.edu.ec\/hjalban\/wp-json\/wp\/v2\/comments?post=71"}],"version-history":[{"count":4,"href":"https:\/\/blog.espol.edu.ec\/hjalban\/wp-json\/wp\/v2\/pages\/71\/revisions"}],"predecessor-version":[{"id":76,"href":"https:\/\/blog.espol.edu.ec\/hjalban\/wp-json\/wp\/v2\/pages\/71\/revisions\/76"}],"wp:attachment":[{"href":"https:\/\/blog.espol.edu.ec\/hjalban\/wp-json\/wp\/v2\/media?parent=71"}],"curies":[{"name":"wp","href":"https:\/\/api.w.org\/{rel}","templated":true}]}}