{"id":96,"date":"2016-06-01T21:12:08","date_gmt":"2016-06-01T21:12:08","guid":{"rendered":"http:\/\/blog.espol.edu.ec\/hjalban\/?page_id=96"},"modified":"2016-06-01T21:16:19","modified_gmt":"2016-06-01T21:16:19","slug":"alerta-roja","status":"publish","type":"page","link":"https:\/\/blog.espol.edu.ec\/hjalban\/alerta-roja\/","title":{"rendered":"Alerta Roja"},"content":{"rendered":"<p><img decoding=\"async\" src=\"http:\/\/rap.ammediagroup.netdna-cdn.com\/wp-content\/uploads\/2016\/02\/rapeton_daddy-yankee-feat-el-ejercito-alerta-roja-video-oficial-2.jpg\" alt=\"\" \/><\/p>\n<p>&nbsp;<\/p>\n<p>El d\u00eda 3 de Febrero en su cumplea\u00f1os <a title=\"Daddy Yankee\" href=\"https:\/\/es.wikipedia.org\/wiki\/Daddy_Yankee\">Daddy Yankee<\/a> decidi\u00f3 lanzar <i>Alerta Roja<\/i>.<\/p>\n<p>El Tema <i>Alerta Roja<\/i> esta interpretado por artistas de Puerto Rico, Cuba, Rep\u00fablica Dominicana, Colombia y Panam\u00e1 (Zion, Nicky Jam, Arc\u00e1ngel &amp; De la Ghetto, Kafu Banton, Plan B, J Balvin, Farruko,Cosculluela, El Micha, Brytiago, Alexio \"La Bestia\", Mozart \"La Para\", Secreto \"El Biberon\" y Gente De Zona).<\/p>\n<p><iframe loading=\"lazy\" title=\"Daddy Yankee - Alerta Roja Ft varios artistas (Video Oficial)\" width=\"610\" height=\"343\" src=\"https:\/\/www.youtube.com\/embed\/Rg4HQ1RhhYk?feature=oembed\" frameborder=\"0\" allow=\"accelerometer; autoplay; clipboard-write; encrypted-media; gyroscope; picture-in-picture; web-share\" referrerpolicy=\"strict-origin-when-cross-origin\" allowfullscreen><\/iframe><\/p>\n<p>&nbsp;<\/p>\n","protected":false},"excerpt":{"rendered":"<p>&nbsp; El d\u00eda 3 de Febrero en su cumplea\u00f1os Daddy Yankee decidi\u00f3 lanzar Alerta Roja. El Tema Alerta Roja esta interpretado por artistas de Puerto Rico, Cuba, Rep\u00fablica Dominicana, Colombia y Panam\u00e1 (Zion, Nicky Jam, Arc\u00e1ngel &amp; De la Ghetto, Kafu Banton, Plan B, J Balvin, Farruko,Cosculluela, El Micha, Brytiago, Alexio \"La Bestia\", Mozart \"La [&hellip;]<\/p>\n","protected":false},"author":10327,"featured_media":0,"parent":0,"menu_order":0,"comment_status":"closed","ping_status":"closed","template":"","meta":{"footnotes":""},"class_list":["post-96","page","type-page","status-publish","hentry"],"_links":{"self":[{"href":"https:\/\/blog.espol.edu.ec\/hjalban\/wp-json\/wp\/v2\/pages\/96","targetHints":{"allow":["GET"]}}],"collection":[{"href":"https:\/\/blog.espol.edu.ec\/hjalban\/wp-json\/wp\/v2\/pages"}],"about":[{"href":"https:\/\/blog.espol.edu.ec\/hjalban\/wp-json\/wp\/v2\/types\/page"}],"author":[{"embeddable":true,"href":"https:\/\/blog.espol.edu.ec\/hjalban\/wp-json\/wp\/v2\/users\/10327"}],"replies":[{"embeddable":true,"href":"https:\/\/blog.espol.edu.ec\/hjalban\/wp-json\/wp\/v2\/comments?post=96"}],"version-history":[{"count":4,"href":"https:\/\/blog.espol.edu.ec\/hjalban\/wp-json\/wp\/v2\/pages\/96\/revisions"}],"predecessor-version":[{"id":101,"href":"https:\/\/blog.espol.edu.ec\/hjalban\/wp-json\/wp\/v2\/pages\/96\/revisions\/101"}],"wp:attachment":[{"href":"https:\/\/blog.espol.edu.ec\/hjalban\/wp-json\/wp\/v2\/media?parent=96"}],"curies":[{"name":"wp","href":"https:\/\/api.w.org\/{rel}","templated":true}]}}