{"id":109,"date":"2009-07-03T04:59:02","date_gmt":"2009-07-03T08:59:02","guid":{"rendered":"http:\/\/blog.espol.edu.ec\/hnoriega\/?page_id=109"},"modified":"2009-07-03T05:01:59","modified_gmt":"2009-07-03T09:01:59","slug":"presentacion-personal","status":"publish","type":"page","link":"https:\/\/blog.espol.edu.ec\/hnoriega\/presentacion-personal\/","title":{"rendered":"Presentaci\u00f3n Personal"},"content":{"rendered":"<div class=\"mceTemp mceIEcenter\" style=\"text-align: center\"><strong><em>UNA AUTOENTREVISTA<\/em><\/strong><\/div>\n<div class=\"mceTemp mceIEcenter\" style=\"text-align: center\">\n<dl>\n<dt><img loading=\"lazy\" decoding=\"async\" class=\"size-medium wp-image-72\" src=\"http:\/\/blog.espol.edu.ec\/hnoriega\/files\/2009\/06\/img000031-300x240.jpg\" alt=\"Pensantivo\" width=\"300\" height=\"240\" srcset=\"https:\/\/blog.espol.edu.ec\/hnoriega\/files\/2009\/06\/img000031-300x240.jpg 300w, https:\/\/blog.espol.edu.ec\/hnoriega\/files\/2009\/06\/img000031-1024x819.jpg 1024w, https:\/\/blog.espol.edu.ec\/hnoriega\/files\/2009\/06\/img000031.jpg 1280w\" sizes=\"auto, (max-width: 300px) 100vw, 300px\" \/><\/dt>\n<dd>Pensantivo<\/dd>\n<\/dl>\n<\/div>\n<p style=\"text-align: center\">ESPOL \/ ICQA \/ ICM\/Herramientas<br \/>\nCURSO DE CIENCIA E INVESTIGACI\u00d3N \/ QU\u00cdMICA GENERAL I \/ T\u00c9CNICAS DE EXPRESI\u00d3N ORAL Y ESCRITA<\/p>\n<p style=\"text-align: center\">\u2022 \u00bfQUIEN SOY?<br \/>\nSoy Holguer Noriega un joven de 17 a\u00f1os, que se encuentra entre la \u201cIngener\u00eda y la Pol\u00edtica Social\u201d<br \/>\n..................................................................................................................................................................................................................<\/p>\n<p style=\"text-align: center\">\u2022 \u00bfHACIA DONDE VOY?<br \/>\nVoy hacia un mejor estilo de vida, donde no solamente para m\u00ed sino para los que me rodean, y por supuesto a la gente que pueda conceder una sonrisa.<br \/>\n..................................................................................................................................................................................................................<\/p>\n<p style=\"text-align: center\">\u2022 \u00bfC\u00d3MO ME VEO PERSONALMENTE EN EL FUTURO?<br \/>\nMe veo como una persona m\u00e1s madura, con m\u00e1s experiencia y con una visi\u00f3n de los peligros que est\u00e1n a m\u00ed alrededor, y c\u00f3mo defenderme de ellos.<br \/>\n..................................................................................................................................................................................................................<\/p>\n<p style=\"text-align: center\">\u2022 \u00bfC\u00d3MO QUIERO QUE LOS DEM\u00c1S ME VEAN EN EL FUTURO?<br \/>\nQuiero que me vean como un individuo que trata de dar todo su esfuerzo, para bien com\u00fan<br \/>\n...............................................................................................................................................................................................................<\/p>\n<p style=\"text-align: center\">AHORA SOBRE SU VISI\u00d3N PERSONAL<\/p>\n<p style=\"text-align: center\">La redacci\u00f3n de la visi\u00f3n personal debe tener como meta su motivaci\u00f3n y la potenciaci\u00f3n de sus virtudes en una perspectiva retadora. Es por ello que debe basarse en sus fortalezas, tomando en cuenta su capacidad efectiva de acci\u00f3n. Debe ser corta, expl\u00edcita y precisa, emplear un lenguaje que le motive, comprometa e identifique.<\/p>\n<p style=\"text-align: center\">PRIMERO SU OBITUARIO<\/p>\n<p style=\"text-align: center\">Un obituario dice lo que fue una persona y en que contribuyo al mundo \u00bfCOMO LE GUSTAR\u00cdA EL SUYO?<br \/>\n\u201cNon nobis solum \u00f3mnibus\u201d<br \/>\n..................................................................................................................................................................................................................<\/p>\n<p style=\"text-align: center\">UNAS PALABRAS EN SU OBITUARIO COMO INVESTIGADOR:<br \/>\n\u201cLa investigaci\u00f3n me hizo entender mis miedos\u201d<br \/>\n..................................................................................................................................................................................................................<\/p>\n<p style=\"text-align: center\">UNA FRASE C\u00c9LEBRE EN OBITUARIO QUE IDENTIFIQUE LOS VALORES CON QUE VIVIO:<br \/>\n\u201cNon nobis solum natis sumus\u201d<br \/>\n..................................................................................................................................................................................................................<\/p>\n<p style=\"text-align: center\">ENTONCES, \u00bfCU\u00c1L ES SU VISI\u00d3N PERSONAL? ESCRIBALA!!!<br \/>\nTratar de ayudar a los dem\u00e1s en mis facultades.<br \/>\n...............................................................................................................................................................................................................<\/p>\n<p style=\"text-align: center\">OTRAS PREGUNTAS A CONSIDERAR PARA REDACTAR SU MISI\u00d3N PERSONAL<\/p>\n<p style=\"text-align: center\">SU MISI\u00d3N PERSONAL es la imagen actual que enfoca los esfuerzos que usted realiza para conseguir sus objetivos, proyectos o planes. La misi\u00f3n debe ser concreta y capaz de indicar el \u00e9xito de su labor. Puede ser construida tomando los siguientes criterios:<\/p>\n<p style=\"text-align: center\">\u2022 \u00bfQUI\u00c9N ES REALMENTE USTED?<\/p>\n<p style=\"text-align: center\">Un joven que trata de sacar provecho de sus cualidades y defectos.<br \/>\n..................................................................................................................................................................................................................<\/p>\n<p style=\"text-align: center\">\u2022 \u00bfQU\u00c9 BUSCA? Son los cambios, y\/o cosas que queremos conseguir y\/o lograr en la realidad.<\/p>\n<p style=\"text-align: center\">Entender un poco m\u00e1s la Doctrina Social de la Iglesia, Superarme en mis conocimientos.<br \/>\n..................................................................................................................................................................................................................<\/p>\n<p style=\"text-align: center\">\u2022 \u00bfPOR QU\u00c9 LO HACE? Son los valores, principios, motivaciones personales. \u00bfMi raz\u00f3n para actuar?<br \/>\nPara sacar adelante a mi familia.<br \/>\n..................................................................................................................................................................................................................<\/p>\n<p style=\"text-align: center\">\u2022 \u00bfPARA QU\u00c9 ESTUDIA?<br \/>\nPara conseguir reforzar mis conocimientos, y utilizarlos de la mejor manera en el \u00e1mbito laboral y social.<br \/>\n.................................................................................................................................................................................................................<\/p>\n<p style=\"text-align: center\">\u2022 \u00bfCON QUI\u00c9N(ES) ESTUDIA?<br \/>\nCon mis amigos.<br \/>\n..................................................................................................................................................................................................................<\/p>\n<p style=\"text-align: center\">\u2022 \u00bfQU\u00c9 TEMA LE GUSTA INVESTIGAR?<br \/>\nTemas que conciernan al acontecer actual, y temas de Historia<br \/>\n..................................................................................................................................................................................................................<\/p>\n<p style=\"text-align: center\">\u2022 \u00bfQU\u00c9 HABILIDADES QUIERO TENER (DESTREZAS)?<br \/>\nSer un poco m\u00e1s paciente al tratar alg\u00fan problema.<br \/>\n..................................................................................................................................................................................................................<\/p>\n<p style=\"text-align: center\">\u2022 \u00bfQU\u00c9 COSAS QUIERO HACER (EXPERIENCIAS)?<br \/>\nQuiero comenzar a trabajar en peque\u00f1os proyectos de ayuda.<br \/>\n..................................................................................................................................................................................................................<\/p>\n<p style=\"text-align: center\">\u2022 \u00bfQU\u00c9 LUGARES QUIERO VISITAR (VIAJES POR ESTUDIOS \/ TRABAJO \/ RECREACI\u00d3N)?<br \/>\nQuiero visitar Venezuela, Cuba, Argentina.<br \/>\n..................................................................................................................................................................................................................<\/p>\n<p style=\"text-align: center\">\u2022 \u00bfQU\u00c9 QUIERO SER (CUALIDADES DE CAR\u00c1CTER)?<br \/>\nQuiero saber decirle a la gente, lo que pienso sin callar nada, siempre y cuando no los lastime.<br \/>\n..................................................................................................................................................................................................................<\/p>\n<p style=\"text-align: center\">\u2022 \u00bfQU\u00c9 CUALIDADES ME ATRIBUYEN OTRAS PERSONAS?<br \/>\nResponsable, honesto, generoso.<br \/>\n..................................................................................................................................................................................................................<\/p>\n<p style=\"text-align: center\">\u2022 \u00bfCU\u00c1LES CREO YO QUE SON MIS MEJORES CUALIDADES (F\u00cdSICAS, SOCIALES, ESPIRITUALES, INTELECTUALES)?<br \/>\nF\u00edsicas: Ser el\u00e1stico\u2026. Sociales: No tener problema al interactuar con la gente\u2026 Espirituales: Tratar de no ser hip\u00f3crita espiritualmente\u2026. Intelectuales: Ser perseverante.<br \/>\n..................................................................................................................................................................................................................<\/p>\n<p style=\"text-align: center\">\u2022 CUANDO ME IMAGINO HACIENDO ALGO AGRADABLE, \u00bfQU\u00c9 ES?<br \/>\nLiderar alg\u00fan evento colectivo<br \/>\n..................................................................................................................................................................................................................<\/p>\n<p style=\"text-align: center\">\u2022 ENTRE TODAS MIS ACTIVIDADES \u00bfCU\u00c1LES SON LAS QUE ME BRINDAN UNA PROFUNDA SATISFACCI\u00d3N?<br \/>\nEstudiar y ayudar a los dem\u00e1s.<br \/>\n..................................................................................................................................................................................................................<\/p>\n<p style=\"text-align: center\">\u2022 \u00bfCU\u00c1LES SON LAS CUALIDADES DE CAR\u00c1CTER QUE M\u00c1S ADMIRO EN OTRAS PERSONAS?<br \/>\nHonestidad, generosidad, no hipocres\u00eda.<br \/>\n..................................................................................................................................................................................................................<\/p>\n<p style=\"text-align: center\">\u2022 \u00bfCU\u00c1LES FUERON LOS MOMENTOS M\u00c1S FELICES DE MI VIDA? \u00bfPOR QU\u00c9?<br \/>\nCuando hice mi Primera Comuni\u00f3n.<br \/>\n..................................................................................................................................................................................................................<\/p>\n<p style=\"text-align: center\">\u2022 SI CONTARA CON EL TIEMPO SUFICIENTE Y CON RECURSOS ILIMITADOS \u00bfQU\u00c9 PREFERIR\u00cdA HACER?<br \/>\nLeer m\u00e1s libros, especialmente historia, econom\u00eda y pol\u00edtica<br \/>\n..................................................................................................................................................................................................................<\/p>\n<p style=\"text-align: center\">\u2022 CUANDO PIENSO EN MIS ESTUDIOS O TRABAJO, \u00bfQU\u00c9 ACTIVIDADES ME PARECEN M\u00c1S VALIOSAS?<br \/>\nAnalizar cada adversidad que se me presente.<br \/>\n..................................................................................................................................................................................................................<\/p>\n<p style=\"text-align: center\">\u2022 \u00bfQU\u00c9 COSAS CREO QUE DEBER\u00cdA HACER, AUNQUE LAS HAYA DESCARTADO MUCHAS VECES EN MIS PENSAMIENTOS POR DISTINTAS RAZONES?<br \/>\nNinguna.<br \/>\n..................................................................................................................................................................................................................<\/p>\n<p style=\"text-align: center\">\u2022 \u00bfCU\u00c1LES SON LAS METAS PERMANENTES M\u00c1S IMPORTANTES QUE DESEO ALCANZAR EN CADA UNO DE LOS ROLES FUNDAMENTALES DE MI VIDA?<br \/>\nSer buen hijo, hermano, etc. Ser una pieza fundamental en las vidas de los dem\u00e1s.<\/p>\n<p style=\"text-align: center\">..................................................................................................................................................................................................................<\/p>\n<p style=\"text-align: center\">\u2022 \u00bfCU\u00c1N SATISFECHO ESTOY DE MI ACTUAL NIVEL DE REALIZACI\u00d3N EN LOS DIVERSOS \u00c1MBITOS DE MI VIDA?<br \/>\nReci\u00e9n estoy comenzando a forjar mi vida, a conocer la vida actual.<br \/>\n..................................................................................................................................................................................................................<\/p>\n<p style=\"text-align: center\">\u2022 \u00bfCU\u00c1LES SON LOS PRINCIPIOS M\u00c1S IMPORTANTES EN LOS QUE SE BASA MI MANERA DE SER Y DE ACTUAR?<br \/>\nHonestidad y generosidad.<br \/>\n..................................................................................................................................................................................................................<\/p>\n<p style=\"text-align: center\">\u2022 \u00bfCU\u00c1N CURIOSO SOY?<br \/>\nBastante. Me gusta conocer el Por qu\u00e9 de las cosas<br \/>\n..................................................................................................................................................................................................................<\/p>\n<p style=\"text-align: center\">\u2022 \u00bfQU\u00c9 COSAS QUISIERA INVESTIGAR?<br \/>\nInvestigar sobre el pasado, todos sus problemas, descubrimientos, etc.<br \/>\n..................................................................................................................................................................................................................<\/p>\n<p style=\"text-align: center\">\u2022 \u00bfQU\u00c9 COSAS QUIERO TENER (POSESIONES)?<br \/>\nAlg\u00fan medio para movilizarme, un lugar para descansar.<br \/>\n..................................................................................................................................................................................................................<\/p>\n<p style=\"text-align: center\">\u2022 MENCIONES TRES COSAS QUE LLEVA SIEMPRE CONSIGO Y PARA \u00bfQU\u00c9?:<br \/>\nRosario, para protecci\u00f3n. Dinero, para emergencias. Celular, para la comunicaci\u00f3n.<br \/>\n..................................................................................................................................................................................................................<\/p>\n<p style=\"text-align: center\">\u2022 SI LE DESAHUCIAR\u00c1N, Y TUVIERAS SOLO UN MES DE VIDA \u00bfQU\u00c9 HAR\u00cdAS EN ESE TIEMPO?<br \/>\nPasear alrededor del mundo, conociendo m\u00e1s a fondo los problemas del mismo.<br \/>\n..................................................................................................................................................................................................................<\/p>\n<p style=\"text-align: center\">\u2022 \u00bfQU\u00c9 TEMAS DE INVESTIGACI\u00d3N PROPONDRIA FINANCIAR CON LOS POCOS O MUCHOS RECURSOS QUE DEJA?<br \/>\nInvestigar sobre la m\u00e1quina del tiempo<br \/>\n..................................................................................................................................................................................................................<\/p>\n<p style=\"text-align: center\">ADMINISTRACI\u00d3N DEL TIEMPO<\/p>\n<p style=\"text-align: center\">\u00bfQu\u00e9 es el tiempo? Es posible concebir el tiempo como una serie interminable de decisiones, peque\u00f1as y grandes, que van modificando y conformando, poco a poco, nuestra vida.<\/p>\n<p style=\"text-align: center\">Las decisiones tomadas que no nos resultan acertadas nos crean frustraci\u00f3n, \u201cstress\u201d, hacen disminuir nuestra autoestima, esto se traduce en los siguientes EFECTOS t\u00edpicos de la falta de administraci\u00f3n del tiempo:<\/p>\n<p style=\"text-align: center\">1. PRECIPITACI\u00d3N.<br \/>\n2. VACILACI\u00d3N ENTRE ALTERNATIVAS DESAGRADABLES.<br \/>\n3. FATIGA O APAT\u00cdA TRAS MUCHAS HORAS DE ACTIVIDAD NO PRODUCTIVA.<br \/>\n4. INCUMPLIMIENTO CONSTANTE DE COMPROMISOS.<br \/>\n5. SENSACI\u00d3N DE ESTAR DESBORDADO POR LAS DEMANDAS Y PORMENORES, CASI SIEMPRE HACEMOS LO QUE NO SE DESEA.<br \/>\nREVISI\u00d3N DE NUESTRA FORMA HABITUAL DE DISTRIBUIR EL TIEMPO.<\/p>\n<p style=\"text-align: center\">Una forma sencilla de hacerlo es dividir el d\u00eda en tres partes:<\/p>\n<p style=\"text-align: center\">A. Desde que me levanto hasta la hora de almorzar \u00bfqu\u00e9 hago?<br \/>\nEstudiar, y comer<br \/>\n.............................................................................................................................................................................................<\/p>\n<p style=\"text-align: center\">B. Desde el final del almuerzo hasta la cena.<br \/>\nAlmorzar, hacer ejercicio.<br \/>\n............................................................................................................................................................................................<\/p>\n<p style=\"text-align: center\">C. Desde el final de la cena hasta que me voy a dormir.<br \/>\nCenar, ver tv, leer alg\u00fan libro.<br \/>\n.............................................................................................................................................................................................<\/p>\n<p style=\"text-align: center\">REFLEXIONANDO SOBRE EL TIEMPO<\/p>\n<p style=\"text-align: center\">Imag\u00ednese que acude al m\u00e9dico y \u00e9ste te dice que le queda un mes de vida. En su \u00faltimo mes que me queda de vida:<\/p>\n<p style=\"text-align: center\">1.- \u00bfDE QU\u00c9 MANERA ORIENTAR\u00cdA SU VIDA?<br \/>\nEn la mejor administraci\u00f3n del tiempo.<br \/>\n..................................................................................................................................................................................................................<\/p>\n<p style=\"text-align: center\">2.- \u00bfQU\u00c9 LE HUBIERA GUSTADO HACER?<br \/>\nSer cient\u00edfico loco<br \/>\n..................................................................................................................................................................................................................<\/p>\n<p style=\"text-align: center\">3.- \u00bfQU\u00c9 LE HUBIERA GUSTADO INVESTIGAR?<br \/>\nInvestigar sobre la m\u00e1quina del tiempo.<br \/>\n..................................................................................................................................................................................................................<\/p>\n<p style=\"text-align: center\">4.- \u00bfDE QU\u00c9 SE ARREPIENTE?<br \/>\nDe nada.<br \/>\n.............................................................................................................................................................................................<\/p>\n<p style=\"text-align: center\">5.- \u00bfCU\u00c1LES SON LOS ACTOS QUE DEJAR\u00cdA DE HACER?<br \/>\nLos que desperdicien el tiempo.<br \/>\n.............................................................................................................................................................................................<\/p>\n<p style=\"text-align: center\">6. \u00bfLE HUBIESE GUSTADO CONTAR CON UN TUTOR O GU\u00cdA PARA ADMINISTRAR SU TIEMPO?<br \/>\nTal vez hubiera sido muy beneficioso-<br \/>\n.............................................................................................................................................................................................<\/p>\n<p style=\"text-align: center\">7.- \u00bfA QU\u00c9 ME DEDICAR\u00cdA EN ESE MES DE VIDA QUE LE QUEDA?<br \/>\nA viajar por el mundo, ayudando.<br \/>\n..................................................................................................................................................................................................................<\/p>\n<p style=\"text-align: center\">\u00bfCU\u00c1LES SON LAS HABILIDADES PARA ADMINISTRAR BIEN SU TIEMPO? Conocimiento debe ser.<\/p>\n","protected":false},"excerpt":{"rendered":"<p>UNA AUTOENTREVISTA Pensantivo ESPOL \/ ICQA \/ ICM\/Herramientas CURSO DE CIENCIA E INVESTIGACI\u00d3N \/ QU\u00cdMICA GENERAL I \/ T\u00c9CNICAS DE EXPRESI\u00d3N ORAL Y ESCRITA \u2022 \u00bfQUIEN SOY? Soy Holguer Noriega un joven de 17 a\u00f1os, que se encuentra entre la \u201cIngener\u00eda y la Pol\u00edtica Social\u201d .................................................................................................................................................................................................................. \u2022 \u00bfHACIA DONDE VOY? Voy hacia un mejor estilo [&hellip;]<\/p>\n","protected":false},"author":1692,"featured_media":0,"parent":0,"menu_order":1,"comment_status":"open","ping_status":"open","template":"","meta":{"footnotes":""},"class_list":["post-109","page","type-page","status-publish","hentry"],"_links":{"self":[{"href":"https:\/\/blog.espol.edu.ec\/hnoriega\/wp-json\/wp\/v2\/pages\/109","targetHints":{"allow":["GET"]}}],"collection":[{"href":"https:\/\/blog.espol.edu.ec\/hnoriega\/wp-json\/wp\/v2\/pages"}],"about":[{"href":"https:\/\/blog.espol.edu.ec\/hnoriega\/wp-json\/wp\/v2\/types\/page"}],"author":[{"embeddable":true,"href":"https:\/\/blog.espol.edu.ec\/hnoriega\/wp-json\/wp\/v2\/users\/1692"}],"replies":[{"embeddable":true,"href":"https:\/\/blog.espol.edu.ec\/hnoriega\/wp-json\/wp\/v2\/comments?post=109"}],"version-history":[{"count":8,"href":"https:\/\/blog.espol.edu.ec\/hnoriega\/wp-json\/wp\/v2\/pages\/109\/revisions"}],"predecessor-version":[{"id":118,"href":"https:\/\/blog.espol.edu.ec\/hnoriega\/wp-json\/wp\/v2\/pages\/109\/revisions\/118"}],"wp:attachment":[{"href":"https:\/\/blog.espol.edu.ec\/hnoriega\/wp-json\/wp\/v2\/media?parent=109"}],"curies":[{"name":"wp","href":"https:\/\/api.w.org\/{rel}","templated":true}]}}