{"id":121,"date":"2009-07-03T05:20:24","date_gmt":"2009-07-03T09:20:24","guid":{"rendered":"http:\/\/blog.espol.edu.ec\/hnoriega\/?page_id=121"},"modified":"2009-07-03T05:20:24","modified_gmt":"2009-07-03T09:20:24","slug":"un-espacio-para-la-espol","status":"publish","type":"page","link":"https:\/\/blog.espol.edu.ec\/hnoriega\/un-espacio-para-la-espol\/","title":{"rendered":"Un espacio para la Espol"},"content":{"rendered":"<div id=\"attachment_122\" style=\"width: 310px\" class=\"wp-caption aligncenter\"><img loading=\"lazy\" decoding=\"async\" aria-describedby=\"caption-attachment-122\" class=\"size-full wp-image-122\" src=\"http:\/\/blog.espol.edu.ec\/hnoriega\/files\/2009\/07\/espol501-300x240.jpg\" alt=\"ESPOL 50 a\u00f1os Logo\" width=\"300\" height=\"240\" \/><p id=\"caption-attachment-122\" class=\"wp-caption-text\">ESPOL 50 a\u00f1os Logo<\/p><\/div>\n<p style=\"text-align: center\"><strong>Escuela Superior Polit\u00e9cnica del Litoral<\/strong><\/p>\n<p style=\"text-align: center\"><strong><\/strong><\/p>\n<p>La <strong>Escuela Superior Polit\u00e9cnica del Litoral<\/strong> es una universidad de tipo <em>P\u00fablica<\/em> fundada el <a title=\"29 de octubre\" href=\"http:\/\/blog.espol.edu.ec\/wiki\/29_de_octubre\">29 de octubre<\/a> de <a title=\"1958\" href=\"http:\/\/blog.espol.edu.ec\/wiki\/1958\">1958<\/a> en la ciudad de <a title=\"Guayaquil\" href=\"http:\/\/blog.espol.edu.ec\/wiki\/Guayaquil\">Guayaquil<\/a>. Fue creada siendo Presidente de la Rep\u00fablica el Dr. <a title=\"Camilo Ponce Enr\u00edquez\" href=\"http:\/\/blog.espol.edu.ec\/wiki\/Camilo_Ponce_Enr%C3%ADquez\">Camilo Ponce Enr\u00edquez<\/a>, mediante <em>Decreto Ejecutivo No. 1664<\/em> publicado en el <em>Registro Oficial<\/em> del <a title=\"11 de noviembre\" href=\"http:\/\/blog.espol.edu.ec\/wiki\/11_de_noviembre\">11 de noviembre<\/a> de <a title=\"1958\" href=\"http:\/\/blog.espol.edu.ec\/wiki\/1958\">1958<\/a>.<\/p>\n<p>Bajo la direcci\u00f3n de su primer <a title=\"Rector\" href=\"http:\/\/blog.espol.edu.ec\/wiki\/Rector\">rector<\/a>, el Ing. <a class=\"new\" title=\"Walter Camacho Navarro (a\u00fan no redactado)\" href=\"http:\/\/blog.espol.edu.ec\/w\/index.php?title=Walter_Camacho_Navarro&amp;action=edit&amp;redlink=1\">Walter Camacho Navarro<\/a>, la ESPOL comienza clases el 25 de mayo de 1959, oficialmente.<\/p>\n<p>La <em>ESPOL<\/em> adem\u00e1s de ser una instituci\u00f3n de educaci\u00f3n superior, es una persona jur\u00eddica de derecho p\u00fablico, sin fines de lucro.<\/p>\n<p>Su lema es: <em>\"Construyendo la sociedad del conocimiento\"<\/em><\/p>\n<p><em>Para m\u00e1s informaci\u00f3n lean en:<\/em> http:\/\/es.wikipedia.org\/wiki\/Escuela_Superior_Polit%C3%A9cnica_del_Litoral<\/p>\n","protected":false},"excerpt":{"rendered":"<p>Escuela Superior Polit\u00e9cnica del Litoral La Escuela Superior Polit\u00e9cnica del Litoral es una universidad de tipo P\u00fablica fundada el 29 de octubre de 1958 en la ciudad de Guayaquil. Fue creada siendo Presidente de la Rep\u00fablica el Dr. Camilo Ponce Enr\u00edquez, mediante Decreto Ejecutivo No. 1664 publicado en el Registro Oficial del 11 de noviembre [&hellip;]<\/p>\n","protected":false},"author":1692,"featured_media":0,"parent":0,"menu_order":0,"comment_status":"open","ping_status":"open","template":"","meta":{"footnotes":""},"class_list":["post-121","page","type-page","status-publish","hentry"],"_links":{"self":[{"href":"https:\/\/blog.espol.edu.ec\/hnoriega\/wp-json\/wp\/v2\/pages\/121","targetHints":{"allow":["GET"]}}],"collection":[{"href":"https:\/\/blog.espol.edu.ec\/hnoriega\/wp-json\/wp\/v2\/pages"}],"about":[{"href":"https:\/\/blog.espol.edu.ec\/hnoriega\/wp-json\/wp\/v2\/types\/page"}],"author":[{"embeddable":true,"href":"https:\/\/blog.espol.edu.ec\/hnoriega\/wp-json\/wp\/v2\/users\/1692"}],"replies":[{"embeddable":true,"href":"https:\/\/blog.espol.edu.ec\/hnoriega\/wp-json\/wp\/v2\/comments?post=121"}],"version-history":[{"count":2,"href":"https:\/\/blog.espol.edu.ec\/hnoriega\/wp-json\/wp\/v2\/pages\/121\/revisions"}],"predecessor-version":[{"id":124,"href":"https:\/\/blog.espol.edu.ec\/hnoriega\/wp-json\/wp\/v2\/pages\/121\/revisions\/124"}],"wp:attachment":[{"href":"https:\/\/blog.espol.edu.ec\/hnoriega\/wp-json\/wp\/v2\/media?parent=121"}],"curies":[{"name":"wp","href":"https:\/\/api.w.org\/{rel}","templated":true}]}}