{"id":39,"date":"2020-05-02T08:20:47","date_gmt":"2020-05-02T06:20:47","guid":{"rendered":"http:\/\/blog.espol.edu.ec\/hojadevidaexpress\/?page_id=39"},"modified":"2020-05-02T08:24:33","modified_gmt":"2020-05-02T06:24:33","slug":"sobre-mi","status":"publish","type":"page","link":"https:\/\/blog.espol.edu.ec\/hojadevidaexpress\/sobre-mi\/","title":{"rendered":"Sobre m\u00ed"},"content":{"rendered":"<p>Somos un grupo de j\u00f3venes universitario que est\u00e1n concluyendo la etapa final de sus carreras respectivas. Con <strong>Hoja de Vida Express<\/strong> tenemos el objetivo principal de ofrecerle al usuario distintas herramientas para que puedan realizar una hoja de vida personal, comprendiendo las dificultades que esto conlleva. A lo largo de estos a\u00f1os nos hemos capacitado profundamente en todos los fundamentos para hacer una hoja de vida exitosa.<\/p>\n<p>En caso de tener dudas o consultas nos pueden escribir al correo hojadevidaexpress@espol.edu.ec, y nos pondremos en contacto lo antes posible.<\/p>\n","protected":false},"excerpt":{"rendered":"<p>Somos un grupo de j\u00f3venes universitario que est\u00e1n concluyendo la etapa final de sus carreras respectivas. Con Hoja de Vida Express tenemos el objetivo principal de ofrecerle al usuario distintas herramientas para que puedan realizar una hoja de vida personal, comprendiendo las dificultades que esto conlleva. A lo largo de estos a\u00f1os nos hemos capacitado [&hellip;]<\/p>\n","protected":false},"author":11096,"featured_media":0,"parent":0,"menu_order":0,"comment_status":"closed","ping_status":"closed","template":"","meta":{"footnotes":""},"class_list":["post-39","page","type-page","status-publish","hentry"],"aioseo_notices":[],"_links":{"self":[{"href":"https:\/\/blog.espol.edu.ec\/hojadevidaexpress\/wp-json\/wp\/v2\/pages\/39","targetHints":{"allow":["GET"]}}],"collection":[{"href":"https:\/\/blog.espol.edu.ec\/hojadevidaexpress\/wp-json\/wp\/v2\/pages"}],"about":[{"href":"https:\/\/blog.espol.edu.ec\/hojadevidaexpress\/wp-json\/wp\/v2\/types\/page"}],"author":[{"embeddable":true,"href":"https:\/\/blog.espol.edu.ec\/hojadevidaexpress\/wp-json\/wp\/v2\/users\/11096"}],"replies":[{"embeddable":true,"href":"https:\/\/blog.espol.edu.ec\/hojadevidaexpress\/wp-json\/wp\/v2\/comments?post=39"}],"version-history":[{"count":2,"href":"https:\/\/blog.espol.edu.ec\/hojadevidaexpress\/wp-json\/wp\/v2\/pages\/39\/revisions"}],"predecessor-version":[{"id":44,"href":"https:\/\/blog.espol.edu.ec\/hojadevidaexpress\/wp-json\/wp\/v2\/pages\/39\/revisions\/44"}],"wp:attachment":[{"href":"https:\/\/blog.espol.edu.ec\/hojadevidaexpress\/wp-json\/wp\/v2\/media?parent=39"}],"curies":[{"name":"wp","href":"https:\/\/api.w.org\/{rel}","templated":true}]}}