{"id":45,"date":"2020-05-06T03:01:13","date_gmt":"2020-05-06T01:01:13","guid":{"rendered":"http:\/\/blog.espol.edu.ec\/hojadevidaexpress\/?page_id=45"},"modified":"2020-05-06T03:04:42","modified_gmt":"2020-05-06T01:04:42","slug":"formatos-hoja-de-vida","status":"publish","type":"page","link":"https:\/\/blog.espol.edu.ec\/hojadevidaexpress\/formatos-hoja-de-vida\/","title":{"rendered":"Formatos de hoja de vida en Word"},"content":{"rendered":"<p>Desde <strong>Hoja de Vida Express<\/strong> intentamos ofrecer a la comunidad todos los recursos que faciliten la b\u00fasqueda de trabajo. Nosotros te traemos varios <strong>formatos de hoja de vida gratis<\/strong> en Word para editar y llenar con la informaci\u00f3n profesional. Solamente en Colombia existen m\u00e1s de 2,9 millones de personas desempleadas con grandes dificultades para conseguir un trabajo. Una de las causas principales es la falta de conocimientos para crear una hoja de vida acorde a los empleos que se solicitan. Es fundamental que la hoja de vida respete un dise\u00f1o para presentar correctamente toda la informaci\u00f3n.<\/p>\n<p>En nuestro blog hemos decidido ofrecer de forma gratuitas estos formatos de hoja de vida en Word. Para utilizarlos solamente se deben descargar los documentos para su posterior edici\u00f3n con el programa Word de Microsoft. Teniendo en cuenta que la calidad de la hoja de vida es un factor determinante para conseguir un puesto de trabajo, nos tomamos muy enserio los estilos de los formatos, por lo que podemos asegurar una excelente calidad.<\/p>\n<h2>Nuevos modelos de hoja de vida en formato Word<\/h2>\n<p><img loading=\"lazy\" decoding=\"async\" class=\"aligncenter wp-image-51 size-full\" src=\"http:\/\/blog.espol.edu.ec\/hojadevidaexpress\/files\/2020\/05\/formato-hoja-de-vida-gratis.jpg\" alt=\"Formato hoja de vida gratis\" width=\"450\" height=\"605\" \/><\/p>\n<p style=\"text-align: center\"><a href=\"http:\/\/blog.espol.edu.ec\/hojadevidaexpress\/files\/2020\/05\/formato-hoja-de-vida1.docx\">DESCARGAR FORMATO<\/a><\/p>\n<p><img loading=\"lazy\" decoding=\"async\" class=\"aligncenter wp-image-56 size-full\" src=\"http:\/\/blog.espol.edu.ec\/hojadevidaexpress\/files\/2020\/05\/modelo-hoja-de-vida.jpg\" alt=\"Modelo  hoja de vida Word\" width=\"450\" height=\"605\" \/><\/p>\n<p style=\"text-align: center\"><a href=\"http:\/\/blog.espol.edu.ec\/hojadevidaexpress\/files\/2020\/05\/formato-hoja-de-vida2.docx\">DESCARGAR FORMATO<\/a><\/p>\n<h2>Uso de los formatos de hoja de vida gratis<\/h2>\n<p>Para poder usar los formatos de hoja de vida de forma personal hay que descargar los archivos. Cuando tengamos el archivo en la computadora o dispositivo podemos ejecutarlo y editarlo utilizando el programa Word. Es importante llenar cada apartado de la hoja de vida y remplazar toda la informaci\u00f3n de base que tiene. Una vez que la hoja de vida est\u00e9 completa puede utilizarse para enviar a las vacantes de trabajo.<\/p>\n<p>En caso de que su computadora o dispositivo no puede abrir o leer correctamente los archivos de la hoja de vida es muy probable que se deba a que no se tiene instalado el programa adecuado para poder ejecutarlos. Para poder utilizar estos formatos es indispensable tener el programa Word.<\/p>\n<h2>Consejos para hacer una mejor hoja de vida<\/h2>\n<p>Para hacer una mejor hoja de vida que el promedio de los candidatos con los que se va a competir por los puestos de trabajo es necesario trabajar un poco m\u00e1s en el dise\u00f1o y especialmente en el contenido. Para que esto suceda en importante adaptar la hoja de vida a cada oferta en la que se postula, si bien puede ser un trabajo largo y tedioso el resultado puede ser muy gratificante. Los reclutadores ver\u00e1n con m\u00e1s expectativa una hoja de vida orientada bien al sector que se est\u00e1 buscando en las empresas.<\/p>\n","protected":false},"excerpt":{"rendered":"<p>Desde Hoja de Vida Express intentamos ofrecer a la comunidad todos los recursos que faciliten la b\u00fasqueda de trabajo. Nosotros te traemos varios formatos de hoja de vida gratis en Word para editar y llenar con la informaci\u00f3n profesional. Solamente en Colombia existen m\u00e1s de 2,9 millones de personas desempleadas con grandes dificultades para conseguir [&hellip;]<\/p>\n","protected":false},"author":11096,"featured_media":0,"parent":0,"menu_order":0,"comment_status":"closed","ping_status":"closed","template":"","meta":{"footnotes":""},"class_list":["post-45","page","type-page","status-publish","hentry"],"aioseo_notices":[],"_links":{"self":[{"href":"https:\/\/blog.espol.edu.ec\/hojadevidaexpress\/wp-json\/wp\/v2\/pages\/45","targetHints":{"allow":["GET"]}}],"collection":[{"href":"https:\/\/blog.espol.edu.ec\/hojadevidaexpress\/wp-json\/wp\/v2\/pages"}],"about":[{"href":"https:\/\/blog.espol.edu.ec\/hojadevidaexpress\/wp-json\/wp\/v2\/types\/page"}],"author":[{"embeddable":true,"href":"https:\/\/blog.espol.edu.ec\/hojadevidaexpress\/wp-json\/wp\/v2\/users\/11096"}],"replies":[{"embeddable":true,"href":"https:\/\/blog.espol.edu.ec\/hojadevidaexpress\/wp-json\/wp\/v2\/comments?post=45"}],"version-history":[{"count":12,"href":"https:\/\/blog.espol.edu.ec\/hojadevidaexpress\/wp-json\/wp\/v2\/pages\/45\/revisions"}],"predecessor-version":[{"id":63,"href":"https:\/\/blog.espol.edu.ec\/hojadevidaexpress\/wp-json\/wp\/v2\/pages\/45\/revisions\/63"}],"wp:attachment":[{"href":"https:\/\/blog.espol.edu.ec\/hojadevidaexpress\/wp-json\/wp\/v2\/media?parent=45"}],"curies":[{"name":"wp","href":"https:\/\/api.w.org\/{rel}","templated":true}]}}