{"id":67,"date":"2020-05-07T00:58:28","date_gmt":"2020-05-06T22:58:28","guid":{"rendered":"http:\/\/blog.espol.edu.ec\/hojadevidaexpress\/?page_id=67"},"modified":"2020-05-07T00:58:28","modified_gmt":"2020-05-06T22:58:28","slug":"formato-hoja-de-vida-unico","status":"publish","type":"page","link":"https:\/\/blog.espol.edu.ec\/hojadevidaexpress\/formato-hoja-de-vida-unico\/","title":{"rendered":"Formato hoja de vida \u00fanico"},"content":{"rendered":"<p>El <strong>formato de hoja de vida \u00fanico<\/strong> es frecuentemente utilizado en la b\u00fasqueda laboral orientada al sector p\u00fablico en Colombia. Se trata de un formato exclusivamente dise\u00f1ado para unificar la informaci\u00f3n y la presentaci\u00f3n, lo que termina dando como resultado un formato de hoja de vida est\u00e1ndar a nivel nacional. La ventaja m\u00e1s importante que otorga este formato es la de hacer mucho m\u00e1s r\u00e1pido el an\u00e1lisis de la hoja de vida para los reclutadores, tanto as\u00ed como la implementaci\u00f3n para los candidatos. Esto se debe a que gracias a que todos los formatos comparten su estructuras permitiendo saber donde est\u00e1 cada dato que se desea buscar y analizar.<\/p>\n<p>En esta web dispondremos del formato de hoja de vida \u00fanico en Word para descargar. Completarlo con la informaci\u00f3n personal muy f\u00e1cil, solo debe seguir todas las indicaciones que se establecen en el documento. La hoja de vida se puede llenar de forma digital o en papel con un bol\u00edgrafo, ambos procedimientos son v\u00e1lidos.<\/p>\n<h2>Descargar formato \u00fanico de hoja de vida en Word<\/h2>\n<p><img loading=\"lazy\" decoding=\"async\" class=\"aligncenter wp-image-68 size-full\" src=\"http:\/\/blog.espol.edu.ec\/hojadevidaexpress\/files\/2020\/05\/formato-unico-hoja-de-vida.jpg\" alt=\"Formato \u00fanico de hoja de vida\" width=\"450\" height=\"605\" \/><\/p>\n<p style=\"text-align: center\"><a href=\"http:\/\/blog.espol.edu.ec\/hojadevidaexpress\/files\/2020\/05\/formato-hoja-de-vida-unico.doc\">DESCARGAR FORMATO<\/a><\/p>\n","protected":false},"excerpt":{"rendered":"<p>El formato de hoja de vida \u00fanico es frecuentemente utilizado en la b\u00fasqueda laboral orientada al sector p\u00fablico en Colombia. Se trata de un formato exclusivamente dise\u00f1ado para unificar la informaci\u00f3n y la presentaci\u00f3n, lo que termina dando como resultado un formato de hoja de vida est\u00e1ndar a nivel nacional. La ventaja m\u00e1s importante que [&hellip;]<\/p>\n","protected":false},"author":11096,"featured_media":0,"parent":0,"menu_order":0,"comment_status":"closed","ping_status":"closed","template":"","meta":{"footnotes":""},"class_list":["post-67","page","type-page","status-publish","hentry"],"aioseo_notices":[],"_links":{"self":[{"href":"https:\/\/blog.espol.edu.ec\/hojadevidaexpress\/wp-json\/wp\/v2\/pages\/67","targetHints":{"allow":["GET"]}}],"collection":[{"href":"https:\/\/blog.espol.edu.ec\/hojadevidaexpress\/wp-json\/wp\/v2\/pages"}],"about":[{"href":"https:\/\/blog.espol.edu.ec\/hojadevidaexpress\/wp-json\/wp\/v2\/types\/page"}],"author":[{"embeddable":true,"href":"https:\/\/blog.espol.edu.ec\/hojadevidaexpress\/wp-json\/wp\/v2\/users\/11096"}],"replies":[{"embeddable":true,"href":"https:\/\/blog.espol.edu.ec\/hojadevidaexpress\/wp-json\/wp\/v2\/comments?post=67"}],"version-history":[{"count":2,"href":"https:\/\/blog.espol.edu.ec\/hojadevidaexpress\/wp-json\/wp\/v2\/pages\/67\/revisions"}],"predecessor-version":[{"id":71,"href":"https:\/\/blog.espol.edu.ec\/hojadevidaexpress\/wp-json\/wp\/v2\/pages\/67\/revisions\/71"}],"wp:attachment":[{"href":"https:\/\/blog.espol.edu.ec\/hojadevidaexpress\/wp-json\/wp\/v2\/media?parent=67"}],"curies":[{"name":"wp","href":"https:\/\/api.w.org\/{rel}","templated":true}]}}