{"id":35,"date":"2009-06-12T18:00:09","date_gmt":"2009-06-12T22:00:09","guid":{"rendered":"http:\/\/blog.espol.edu.ec\/htutiven\/?page_id=35"},"modified":"2009-08-28T23:59:10","modified_gmt":"2009-08-29T03:59:10","slug":"yopp","status":"publish","type":"page","link":"https:\/\/blog.espol.edu.ec\/htutiven\/yopp\/","title":{"rendered":"About me"},"content":{"rendered":"<p class=\"MsoNormal\" style=\"margin: 0cm 0cm 10pt;text-align: justify\"><span style=\"font-size: 14pt\" lang=\"ES-EC\"><span style=\"font-family: Calibri\">Mi nombre es Humberto Antonio Tutiv\u00e9n Romero, nac\u00ed el 21 de Agosto de 1992 en la ciudad de Guayaquil,<span> <\/span>tengo 16 a\u00f1os, mis padres son el Sr. Antonio Tutiv\u00e9n y la Sra. Mirna Romero Rivadeneira. <\/span><\/span><\/p>\n<p class=\"MsoNormal\" style=\"margin: 0cm 0cm 10pt;text-align: justify\"><span style=\"font-size: 14pt\" lang=\"ES-EC\"><span style=\"font-family: Calibri\">Mis estudios primarios los realic\u00e9 en la escuela \u201cCamino a la Luz\u201d y mis estudios secundarios los realic\u00e9 en el colegio \u201cCamilo Destruge\u201d, donde me gradu\u00e9 de Bachiller Contable en Ciencias de Comercio y Administraci\u00f3n.<\/span><\/span><\/p>\n<p class=\"MsoNormal\" style=\"margin: 0cm 0cm 10pt;text-align: justify\"><span style=\"font-size: 14pt\" lang=\"ES-EC\"><span style=\"font-family: Calibri\">Actualmente estudio Ingenier\u00eda en<span> <\/span>Auditor\u00eda y Contadur\u00eda P\u00fablica Autorizada en el Instituto de Ciencias Matem\u00e1ticas de La Escuela Superior Polit\u00e9cnica del Litoral \u201cESPOL\u201d.<\/span><\/span><\/p>\n<p class=\"MsoNormal\" style=\"margin: 0cm 0cm 10pt;text-align: justify\"><span style=\"font-size: 14pt\" lang=\"ES-EC\"><span style=\"font-family: Calibri\">Una de las cosas que m\u00e1s me gusta es escuchar m\u00fasica, especialmente el<span> <\/span>pop rock y el hip hop, tambi\u00e9n me gusta nadar y me gusta el cine.<\/span><\/span><\/p>\n<p class=\"MsoNormal\" style=\"margin: 0cm 0cm 10pt;text-align: center\"><span style=\"font-size: 14pt\" lang=\"ES-EC\"><span style=\"font-family: Calibri\">Amigos de la Universidad.<br \/>\n<\/span><\/span><\/p>\n<p class=\"MsoNormal\" style=\"margin: 0cm 0cm 10pt;text-align: justify\"><span style=\"font-size: 14pt\" lang=\"ES-EC\"><span style=\"font-family: Calibri\"><a href=\"http:\/\/blog.espol.edu.ec\/htutiven\/files\/2009\/06\/06082009259.jpg\"><img loading=\"lazy\" decoding=\"async\" class=\"aligncenter size-medium wp-image-109\" src=\"http:\/\/blog.espol.edu.ec\/htutiven\/files\/2009\/06\/06082009259-300x225.jpg\" alt=\"06082009259\" width=\"300\" height=\"225\" srcset=\"https:\/\/blog.espol.edu.ec\/htutiven\/files\/2009\/06\/06082009259-300x225.jpg 300w, https:\/\/blog.espol.edu.ec\/htutiven\/files\/2009\/06\/06082009259-1024x768.jpg 1024w, https:\/\/blog.espol.edu.ec\/htutiven\/files\/2009\/06\/06082009259.jpg 2048w\" sizes=\"auto, (max-width: 300px) 100vw, 300px\" \/><\/a><br \/>\n<\/span><\/span>\n<\/p>\n<p class=\"MsoNormal\" style=\"margin: 0cm 0cm 10pt;text-align: justify\"><img decoding=\"async\" src=\"\/friends\/06082009259.JPG\" alt=\"\" \/><\/p>\n<p class=\"MsoNormal\" style=\"margin: 0cm 0cm 10pt;text-align: justify\"><img decoding=\"async\" src=\"\/friends\/06082009259.JPG\" alt=\"\" \/><img decoding=\"async\" src=\"\/friends\/06082009259.JPG\" alt=\"\" \/><img decoding=\"async\" src=\"\/friends\/06082009259.JPG\" alt=\"\" \/><\/p>\n","protected":false},"excerpt":{"rendered":"<p>Mi nombre es Humberto Antonio Tutiv\u00e9n Romero, nac\u00ed el 21 de Agosto de 1992 en la ciudad de Guayaquil, tengo 16 a\u00f1os, mis padres son el Sr. Antonio Tutiv\u00e9n y la Sra. Mirna Romero Rivadeneira. Mis estudios primarios los realic\u00e9 en la escuela \u201cCamino a la Luz\u201d y mis estudios secundarios los realic\u00e9 en el [&hellip;]<\/p>\n","protected":false},"author":1823,"featured_media":0,"parent":0,"menu_order":0,"comment_status":"open","ping_status":"open","template":"","meta":{"footnotes":""},"class_list":["post-35","page","type-page","status-publish","hentry"],"_links":{"self":[{"href":"https:\/\/blog.espol.edu.ec\/htutiven\/wp-json\/wp\/v2\/pages\/35","targetHints":{"allow":["GET"]}}],"collection":[{"href":"https:\/\/blog.espol.edu.ec\/htutiven\/wp-json\/wp\/v2\/pages"}],"about":[{"href":"https:\/\/blog.espol.edu.ec\/htutiven\/wp-json\/wp\/v2\/types\/page"}],"author":[{"embeddable":true,"href":"https:\/\/blog.espol.edu.ec\/htutiven\/wp-json\/wp\/v2\/users\/1823"}],"replies":[{"embeddable":true,"href":"https:\/\/blog.espol.edu.ec\/htutiven\/wp-json\/wp\/v2\/comments?post=35"}],"version-history":[{"count":6,"href":"https:\/\/blog.espol.edu.ec\/htutiven\/wp-json\/wp\/v2\/pages\/35\/revisions"}],"predecessor-version":[{"id":37,"href":"https:\/\/blog.espol.edu.ec\/htutiven\/wp-json\/wp\/v2\/pages\/35\/revisions\/37"}],"wp:attachment":[{"href":"https:\/\/blog.espol.edu.ec\/htutiven\/wp-json\/wp\/v2\/media?parent=35"}],"curies":[{"name":"wp","href":"https:\/\/api.w.org\/{rel}","templated":true}]}}