{"id":98,"date":"2009-08-10T19:04:53","date_gmt":"2009-08-10T23:04:53","guid":{"rendered":"http:\/\/blog.espol.edu.ec\/htutiven\/?page_id=98"},"modified":"2009-08-10T22:37:20","modified_gmt":"2009-08-11T02:37:20","slug":"mejores-peliculas","status":"publish","type":"page","link":"https:\/\/blog.espol.edu.ec\/htutiven\/mejores-peliculas\/","title":{"rendered":"Mejores pel\u00edculas"},"content":{"rendered":"<div class=\"photogallery_expanded_title\">\n<h1 style=\"text-align: center\">\u00a0Pel\u00edculas Ganadoras de los Premios Oscar de los \u00faltimos 20 a\u00f1os.<\/h1>\n<h1 style=\"text-align: center\">Rain Man (1988)<\/h1>\n<\/div>\n<p style=\"text-align: center\"><img loading=\"lazy\" decoding=\"async\" class=\"aligncenter\" src=\"http:\/\/estb.msn.com\/i\/F1\/E2327AB8587B3ACB3FA62CD14411BF.jpg\" alt=\"Rain Man (1988)\" width=\"293\" height=\"400\" \/><\/p>\n<p style=\"text-align: center\">\u00a0<\/p>\n<div class=\"photogallery_expanded_title\">\n<h1 style=\"text-align: center\">Paseando a Miss Daisy (1989)<\/h1>\n<\/div>\n<p style=\"text-align: center\"><img loading=\"lazy\" decoding=\"async\" class=\"aligncenter\" src=\"http:\/\/estb.msn.com\/i\/C0\/D38625528FFD7373F7324CB655587.jpg\" alt=\"Paseando a Miss Daisy (1989)\" width=\"270\" height=\"400\" \/><\/p>\n<p>\u00a0<\/p>\n<p style=\"text-align: center\">\u00a0<\/p>\n<div class=\"photogallery_expanded_title\">\n<h1 style=\"text-align: center\">Bailando con lobos (1990)<\/h1>\n<\/div>\n<p style=\"text-align: center\"><img loading=\"lazy\" decoding=\"async\" class=\"aligncenter\" src=\"http:\/\/estb.msn.com\/i\/B8\/B94C5B57DEC775B26F25C8855CDD35.jpg\" alt=\"Bailando con lobos (1990)\" width=\"283\" height=\"400\" \/><\/p>\n<p>\u00a0<\/p>\n<p style=\"text-align: center\">\u00a0<\/p>\n<div class=\"photogallery_expanded_title\">\n<h1 style=\"text-align: center\">El Silencio de los corderos (1991)<\/h1>\n<\/div>\n<p style=\"text-align: center\"><img loading=\"lazy\" decoding=\"async\" class=\"aligncenter\" src=\"http:\/\/estb.msn.com\/i\/8C\/C1AB0C82BD9D0D4FEE09B81CF37E3.jpg\" alt=\"El Silencio de los corderos (1991)\" width=\"282\" height=\"400\" \/><\/p>\n<p>\u00a0<\/p>\n<p style=\"text-align: center\">\u00a0<\/p>\n<div class=\"photogallery_expanded_title\">\n<h1 style=\"text-align: center\">Sin Perd\u00f3n (1992)<\/h1>\n<\/div>\n<p style=\"text-align: center\"><img loading=\"lazy\" decoding=\"async\" class=\"aligncenter\" src=\"http:\/\/estb.msn.com\/i\/99\/BCAFA957C258F0D0334BB1F13E8B39.jpg\" alt=\"Sin Perd\u00f3n (1992)\" width=\"318\" height=\"400\" \/><\/p>\n<p>\u00a0<\/p>\n<p style=\"text-align: center\">\u00a0<\/p>\n<div class=\"photogallery_expanded_title\">\n<h1 style=\"text-align: center\">La Lista de Schindler (1993)<\/h1>\n<\/div>\n<p style=\"text-align: center\"><img loading=\"lazy\" decoding=\"async\" class=\"aligncenter\" src=\"http:\/\/estb.msn.com\/i\/86\/D62185BFA8F16DA7225A93295E51.jpg\" alt=\"La Lista de Schindler (1993)\" width=\"277\" height=\"400\" \/><\/p>\n<div class=\"photogallery_expanded_title\">\n<h1 style=\"text-align: center\">Forrest Gump (1994)<\/h1>\n<\/div>\n<p style=\"text-align: center\"><img loading=\"lazy\" decoding=\"async\" class=\"aligncenter\" src=\"http:\/\/estb.msn.com\/i\/38\/EC89FA9C5BC7AE5A5496B6C41813A.jpg\" alt=\"Forrest Gump (1994)\" width=\"280\" height=\"400\" \/><\/p>\n<div class=\"photogallery_expanded_title\">\n<h1 style=\"text-align: center\">Braveheart (1995)<\/h1>\n<\/div>\n<p style=\"text-align: center\"><img loading=\"lazy\" decoding=\"async\" class=\"aligncenter\" src=\"http:\/\/estb.msn.com\/i\/5E\/C4536AAC83A4A894638B7402DFF.jpg\" alt=\"Braveheart (1995)\" width=\"277\" height=\"400\" \/><\/p>\n<div class=\"photogallery_expanded_title\">\n<h1 style=\"text-align: center\">El paciente ingl\u00e9s (1996)\u00a0<\/h1>\n<\/div>\n<p style=\"text-align: center\"><img loading=\"lazy\" decoding=\"async\" class=\"aligncenter\" src=\"http:\/\/estb.msn.com\/i\/3B\/DFA788A6CE9EBA14F9E7D1814AD856.jpg\" alt=\"El paciente ingl\u00e9s (1996)\" width=\"281\" height=\"400\" \/><\/p>\n<p>\u00a0<\/p>\n<p class=\"MsoNormal\" style=\"margin: 0cm 0cm 10pt;text-align: center\"><span style=\"font-size: 20pt;color: black;font-family: &quot;Georgia&quot;,&quot;serif&quot\">Titanic (1997)<\/span><\/p>\n<p style=\"text-align: center\"><a href=\"http:\/\/blog.espol.edu.ec\/media\/rm2509086208\/tt0120338\"><img decoding=\"async\" class=\"aligncenter\" src=\"http:\/\/ia.media-imdb.com\/images\/M\/MV5BMTYyNzA2NzQ3Ml5BMl5BanBnXkFtZTYwNDQ1MTI5._V1._SX280_SY400_.jpg\" alt=\"\" \/><\/a><\/p>\n<p style=\"text-align: center\">\u00a0<\/p>\n<p class=\"MsoNormal\" style=\"margin: 0cm 0cm 10pt;text-align: center\"><span style=\"font-size: 20pt;color: black;font-family: &quot;Georgia&quot;,&quot;serif&quot\">Shakespeare in love (1998)<\/span><\/p>\n<p style=\"text-align: center\"><img loading=\"lazy\" decoding=\"async\" class=\"aligncenter\" src=\"http:\/\/opiniones.terra.es\/tmp\/swotti\/cacheC2HHA2VZCGVHCMUGAW4GBG92ZQ==RW50ZXJ0YWLUBWVUDC1NB3ZPZXM=\/imgshakespeare%20in%20love1.jpg\" alt=\"\" width=\"312\" height=\"423\" \/><\/p>\n<p style=\"text-align: center\">\u00a0<\/p>\n<p class=\"MsoNormal\" style=\"margin: 0cm 0cm 10pt;text-align: center\"><span style=\"font-size: 20pt;color: black;font-family: &quot;Georgia&quot;,&quot;serif&quot\">Belleza Americana (1999)<\/span><\/p>\n<p style=\"text-align: center\"><img decoding=\"async\" class=\"aligncenter\" src=\"http:\/\/imagecache2.allposters.com\/images\/pic\/HPO\/10525~American-Beauty-Posters.jpg\" alt=\"\" \/><\/p>\n<p style=\"text-align: center\">\u00a0<\/p>\n<p class=\"MsoNormal\" style=\"margin: 0cm 0cm 10pt;text-align: center\"><span style=\"font-size: 20pt;color: black;font-family: &quot;Georgia&quot;,&quot;serif&quot\">Gladiador (2000)<\/span><\/p>\n<p style=\"text-align: center\"><img loading=\"lazy\" decoding=\"async\" class=\"aligncenter\" src=\"http:\/\/www.teens-xalapa.com\/warez\/accion\/image_upload\/warezaccion_000000071.jpg\" alt=\"\" width=\"303\" height=\"423\" \/><\/p>\n<p style=\"text-align: center\">\u00a0<\/p>\n<p class=\"MsoNormal\" style=\"margin: 0cm 0cm 10pt;text-align: center\"><span style=\"font-size: 20pt;color: black;font-family: &quot;Georgia&quot;,&quot;serif&quot\">Una mente brillante (2001)<\/span><\/p>\n<p style=\"text-align: center\"><img decoding=\"async\" class=\"aligncenter\" src=\"http:\/\/cicsa.uaslp.mx\/NUEVAS%20ADQUISICIONES%202007\/enero_marzo2007\/CATALOGO%20DVDS\/DVD\/Una_mente_brillante.jpg\" alt=\"\" \/><\/p>\n<p style=\"text-align: center\">\u00a0<\/p>\n<p class=\"MsoNormal\" style=\"margin: 0cm 0cm 10pt;text-align: center\"><span style=\"font-size: 20pt;color: black;font-family: &quot;Georgia&quot;,&quot;serif&quot\">Chicago (2002)<\/span><\/p>\n<p style=\"text-align: center\"><img decoding=\"async\" class=\"aligncenter\" src=\"http:\/\/1.bp.blogspot.com\/_YaDS9oQjxrY\/SBAc3tSsLYI\/AAAAAAAADoY\/SQbn-74CvwM\/s400\/Chicago-Film-23-04.jpg\" alt=\"\" \/><\/p>\n<p style=\"text-align: center\">\u00a0<\/p>\n<p class=\"MsoNormal\" style=\"margin: 0cm 0cm 10pt;text-align: center\"><span style=\"font-size: 20pt;color: black;font-family: &quot;Georgia&quot;,&quot;serif&quot\">El Se\u00f1or\u00a0 de los Anillos El Retorno del rey (2003)<\/span><\/p>\n<p style=\"text-align: center\"><img loading=\"lazy\" decoding=\"async\" class=\"aligncenter\" src=\"http:\/\/www.laguiatv.com\/img\/galeria_imagenes\/fotos\/Retornodelrey1.jpg\" alt=\"\" width=\"290\" height=\"423\" \/><\/p>\n<p style=\"text-align: center\">\u00a0<\/p>\n<p class=\"MsoNormal\" style=\"margin: 0cm 0cm 10pt;text-align: center\"><span style=\"font-size: 20pt;color: black;font-family: &quot;Georgia&quot;,&quot;serif&quot\">Million Dollar Baby (2004)<\/span><\/p>\n<p style=\"text-align: center\"><img loading=\"lazy\" decoding=\"async\" class=\"aligncenter\" src=\"http:\/\/www.jluis37.com\/destripe\/million.jpg\" alt=\"\" width=\"296\" height=\"423\" \/><\/p>\n<p style=\"text-align: center\">\u00a0<\/p>\n<p style=\"text-align: center\"><span style=\"font-size: 20pt;color: black;font-family: &quot;Georgia&quot;,&quot;serif&quot\">Vidas Cruzadas (Crash) (2005)<\/span><\/p>\n<p style=\"text-align: center\"><img loading=\"lazy\" decoding=\"async\" class=\"aligncenter\" src=\"http:\/\/www.dvduruguay.com\/dvd\/placas\/2775zz.jpg\" alt=\"\" width=\"289\" height=\"423\" \/><\/p>\n<p style=\"text-align: center\">\u00a0<\/p>\n<p class=\"MsoNormal\" style=\"margin: 0cm 0cm 10pt;text-align: center\"><span style=\"font-size: 20pt;color: black;font-family: &quot;Georgia&quot;,&quot;serif&quot\">Los infiltrados (2006)<\/span><\/p>\n<p style=\"text-align: center\"><img loading=\"lazy\" decoding=\"async\" class=\"aligncenter\" src=\"http:\/\/obsessallenadeobsesiones.files.wordpress.com\/2008\/08\/los_infiltrados.jpg\" alt=\"\" width=\"287\" height=\"423\" \/><\/p>\n<p style=\"text-align: center\">\u00a0<\/p>\n<p class=\"MsoNormal\" style=\"margin: 0cm 0cm 10pt;text-align: center\"><span style=\"font-size: 20pt;color: black;font-family: &quot;Georgia&quot;,&quot;serif&quot\">Sin lugar para d\u00e9biles (2007)<\/span><\/p>\n<p style=\"text-align: center\"><img loading=\"lazy\" decoding=\"async\" class=\"aligncenter\" src=\"http:\/\/www.vsmedios.com\/cine\/wp-content\/uploads\/2008\/01\/sin_lugar_para_los_debiles.jpg\" alt=\"\" width=\"285\" height=\"423\" \/><\/p>\n<p style=\"text-align: center\">\u00a0<\/p>\n<p class=\"MsoNormal\" style=\"margin: 0cm 0cm 10pt;text-align: center\"><span style=\"font-size: 20pt;color: black;font-family: &quot;Georgia&quot;,&quot;serif&quot\">Slumdog Millionaire (2008)<\/span><\/p>\n<p style=\"text-align: center\"><img loading=\"lazy\" decoding=\"async\" class=\"aligncenter\" src=\"http:\/\/www.citricodecine.com\/wp-content\/uploads\/2009\/04\/1.jpg\" alt=\"\" width=\"301\" height=\"423\" \/><\/p>\n<p style=\"text-align: center\">\u00a0<\/p>\n<p style=\"text-align: center\">\u00a0<\/p>\n<p style=\"text-align: center\">\u00a0<\/p>\n<p style=\"text-align: center\">\u00a0<\/p>\n<p style=\"text-align: center\">\u00a0<\/p>\n<p style=\"text-align: center\">\u00a0<\/p>\n<p style=\"text-align: center\">\u00a0<\/p>\n","protected":false},"excerpt":{"rendered":"<p>\u00a0Pel\u00edculas Ganadoras de los Premios Oscar de los \u00faltimos 20 a\u00f1os. Rain Man (1988) \u00a0 Paseando a Miss Daisy (1989) \u00a0 \u00a0 Bailando con lobos (1990) \u00a0 \u00a0 El Silencio de los corderos (1991) \u00a0 \u00a0 Sin Perd\u00f3n (1992) \u00a0 \u00a0 La Lista de Schindler (1993) Forrest Gump (1994) Braveheart (1995) El paciente ingl\u00e9s (1996)\u00a0 [&hellip;]<\/p>\n","protected":false},"author":1823,"featured_media":0,"parent":0,"menu_order":0,"comment_status":"open","ping_status":"open","template":"","meta":{"footnotes":""},"class_list":["post-98","page","type-page","status-publish","hentry"],"_links":{"self":[{"href":"https:\/\/blog.espol.edu.ec\/htutiven\/wp-json\/wp\/v2\/pages\/98","targetHints":{"allow":["GET"]}}],"collection":[{"href":"https:\/\/blog.espol.edu.ec\/htutiven\/wp-json\/wp\/v2\/pages"}],"about":[{"href":"https:\/\/blog.espol.edu.ec\/htutiven\/wp-json\/wp\/v2\/types\/page"}],"author":[{"embeddable":true,"href":"https:\/\/blog.espol.edu.ec\/htutiven\/wp-json\/wp\/v2\/users\/1823"}],"replies":[{"embeddable":true,"href":"https:\/\/blog.espol.edu.ec\/htutiven\/wp-json\/wp\/v2\/comments?post=98"}],"version-history":[{"count":3,"href":"https:\/\/blog.espol.edu.ec\/htutiven\/wp-json\/wp\/v2\/pages\/98\/revisions"}],"predecessor-version":[{"id":100,"href":"https:\/\/blog.espol.edu.ec\/htutiven\/wp-json\/wp\/v2\/pages\/98\/revisions\/100"}],"wp:attachment":[{"href":"https:\/\/blog.espol.edu.ec\/htutiven\/wp-json\/wp\/v2\/media?parent=98"}],"curies":[{"name":"wp","href":"https:\/\/api.w.org\/{rel}","templated":true}]}}