{"id":6,"date":"2013-05-17T18:57:56","date_gmt":"2013-05-17T18:57:56","guid":{"rendered":"http:\/\/blog.espol.edu.ec\/huilcapi\/?page_id=6"},"modified":"2013-05-26T21:38:01","modified_gmt":"2013-05-26T21:38:01","slug":"esta-es-mi-primera-pagina","status":"publish","type":"page","link":"https:\/\/blog.espol.edu.ec\/huilcapi\/esta-es-mi-primera-pagina\/","title":{"rendered":"Acerca de mi y del blog"},"content":{"rendered":"<p>Saludos a todos, mi nombre es Ronald Huilcapi Santill\u00e1n tengo 17 a\u00f1os soy de Guayaquil-Ecuador, me gradu\u00e9 en el Colegio Crist\u00f3bal Col\u00f3n, y ahora estoy cruzando mi primer semestre en la ESPOL.<\/p>\n<p>La idea de este blog nace principalmente por mi afici\u00f3n hacia el f\u00fatbol y ciertas notas curiosas que me he encontrado sobre el deporte Rey!, decid\u00ed compartir estas notas que encuentro en la web con ustdes, as\u00ed como peque\u00f1as pero interesantes biograf\u00edas sobre destacados personajes del f\u00fatbol mundial<\/p>\n<p>Espero que sea de su agrado, pueden enviar sus comentarios al correo huilcapi@espol.edu.ec.<\/p>\n","protected":false},"excerpt":{"rendered":"<p>Saludos a todos, mi nombre es Ronald Huilcapi Santill\u00e1n tengo 17 a\u00f1os soy de Guayaquil-Ecuador, me gradu\u00e9 en el Colegio Crist\u00f3bal Col\u00f3n, y ahora estoy cruzando mi primer semestre en la ESPOL. La idea de este blog nace principalmente por &hellip; <a href=\"https:\/\/blog.espol.edu.ec\/huilcapi\/esta-es-mi-primera-pagina\/\">Sigue leyendo <span class=\"meta-nav\">&rarr;<\/span><\/a><\/p>\n","protected":false},"author":8525,"featured_media":0,"parent":0,"menu_order":0,"comment_status":"open","ping_status":"open","template":"","meta":{"footnotes":""},"class_list":["post-6","page","type-page","status-publish","hentry"],"_links":{"self":[{"href":"https:\/\/blog.espol.edu.ec\/huilcapi\/wp-json\/wp\/v2\/pages\/6","targetHints":{"allow":["GET"]}}],"collection":[{"href":"https:\/\/blog.espol.edu.ec\/huilcapi\/wp-json\/wp\/v2\/pages"}],"about":[{"href":"https:\/\/blog.espol.edu.ec\/huilcapi\/wp-json\/wp\/v2\/types\/page"}],"author":[{"embeddable":true,"href":"https:\/\/blog.espol.edu.ec\/huilcapi\/wp-json\/wp\/v2\/users\/8525"}],"replies":[{"embeddable":true,"href":"https:\/\/blog.espol.edu.ec\/huilcapi\/wp-json\/wp\/v2\/comments?post=6"}],"version-history":[{"count":5,"href":"https:\/\/blog.espol.edu.ec\/huilcapi\/wp-json\/wp\/v2\/pages\/6\/revisions"}],"predecessor-version":[{"id":19,"href":"https:\/\/blog.espol.edu.ec\/huilcapi\/wp-json\/wp\/v2\/pages\/6\/revisions\/19"}],"wp:attachment":[{"href":"https:\/\/blog.espol.edu.ec\/huilcapi\/wp-json\/wp\/v2\/media?parent=6"}],"curies":[{"name":"wp","href":"https:\/\/api.w.org\/{rel}","templated":true}]}}