{"id":16,"date":"2016-10-15T18:57:50","date_gmt":"2016-10-15T18:57:50","guid":{"rendered":"http:\/\/blog.espol.edu.ec\/humbertomoran\/?page_id=16"},"modified":"2016-10-15T18:57:50","modified_gmt":"2016-10-15T18:57:50","slug":"mi-perfil","status":"publish","type":"page","link":"https:\/\/blog.espol.edu.ec\/humbertomoran\/mi-perfil\/","title":{"rendered":"MI PERFIL"},"content":{"rendered":"<p style=\"text-align: center\"><strong>Bienvenidos a mi BloG!!!\u00a0Soy Humberto Mor\u00e1n Rodr\u00edguez, estudiante de la carrera Ing. Agr\u00edcola y Biol\u00f3gica de la Escuela Superior Polit\u00e9cnica del Litoral.\u00a0Te invito a visitar este nuestro bloG Y\u00a0a ser parte de un mundo mejor.\u00a0<\/strong><\/p>\n<p style=\"text-align: center\"><strong>Esta sitio\u00a0web <em>ser\u00e1<\/em> para t\u00ed la herramienta para mejorar tu vida\u00a0 personal, familiar, sentimental y profesional. Aqu\u00ed recibir\u00e1s informaci\u00f3n de c\u00f3mo sobrellevar la vida cotidiana de manera divertida y correcta; Consejos de profesionales, estudiantes y\u00a0j\u00f3venes\u00a0como t\u00fa que quieren ser exitosos y\u00a0alcanzar la felicidad que todo ser humano se merece. Encontrar\u00e1s noticias, organizaciones y eventos con intereses de ayuda social y humanitaria. Adem\u00e1s te enterar\u00e1s de datos que ampliar\u00e1n tu campo del conocimiento y te ayudar\u00e1n saber m\u00e1s del mundo que te rodea.<\/strong><\/p>\n<p style=\"text-align: center\"><strong>\u00bfQu\u00e9 est\u00e1s esperando? S\u00f3lo faltas que te unas t\u00fa. An\u00edmate!!! <\/strong><\/p>\n<p style=\"text-align: center\"><strong>Y ver\u00e1s que la vida es mucho mejor cuando\u00a0decides llevarla bien.\u00a0<\/strong><\/p>\n<p style=\"text-align: center\">\n","protected":false},"excerpt":{"rendered":"<p>Bienvenidos a mi BloG!!!\u00a0Soy Humberto Mor\u00e1n Rodr\u00edguez, estudiante de la carrera Ing. Agr\u00edcola y Biol\u00f3gica de la Escuela Superior Polit\u00e9cnica del Litoral.\u00a0Te invito a visitar este nuestro bloG Y\u00a0a ser parte de un mundo mejor.\u00a0 Esta sitio\u00a0web ser\u00e1 para t\u00ed la herramienta para mejorar tu vida\u00a0 personal, familiar, sentimental y profesional. Aqu\u00ed recibir\u00e1s informaci\u00f3n de &hellip; <\/p>\n<p><a class=\"more-link btn\" href=\"https:\/\/blog.espol.edu.ec\/humbertomoran\/mi-perfil\/\">Seguir leyendo<\/a><\/p>\n","protected":false},"author":10547,"featured_media":0,"parent":0,"menu_order":0,"comment_status":"closed","ping_status":"closed","template":"","meta":{"footnotes":""},"class_list":["post-16","page","type-page","status-publish","hentry","nodate","item-wrap"],"_links":{"self":[{"href":"https:\/\/blog.espol.edu.ec\/humbertomoran\/wp-json\/wp\/v2\/pages\/16","targetHints":{"allow":["GET"]}}],"collection":[{"href":"https:\/\/blog.espol.edu.ec\/humbertomoran\/wp-json\/wp\/v2\/pages"}],"about":[{"href":"https:\/\/blog.espol.edu.ec\/humbertomoran\/wp-json\/wp\/v2\/types\/page"}],"author":[{"embeddable":true,"href":"https:\/\/blog.espol.edu.ec\/humbertomoran\/wp-json\/wp\/v2\/users\/10547"}],"replies":[{"embeddable":true,"href":"https:\/\/blog.espol.edu.ec\/humbertomoran\/wp-json\/wp\/v2\/comments?post=16"}],"version-history":[{"count":4,"href":"https:\/\/blog.espol.edu.ec\/humbertomoran\/wp-json\/wp\/v2\/pages\/16\/revisions"}],"predecessor-version":[{"id":20,"href":"https:\/\/blog.espol.edu.ec\/humbertomoran\/wp-json\/wp\/v2\/pages\/16\/revisions\/20"}],"wp:attachment":[{"href":"https:\/\/blog.espol.edu.ec\/humbertomoran\/wp-json\/wp\/v2\/media?parent=16"}],"curies":[{"name":"wp","href":"https:\/\/api.w.org\/{rel}","templated":true}]}}