{"id":62,"date":"2016-10-24T04:10:12","date_gmt":"2016-10-24T04:10:12","guid":{"rendered":"http:\/\/blog.espol.edu.ec\/humbertomoran\/?page_id=62"},"modified":"2016-10-25T02:05:21","modified_gmt":"2016-10-25T02:05:21","slug":"tecnologia-y-salud","status":"publish","type":"page","link":"https:\/\/blog.espol.edu.ec\/humbertomoran\/tecnologia-y-salud\/","title":{"rendered":"TECNOLOG\u00cdA Y SALUD"},"content":{"rendered":"<h1><img loading=\"lazy\" decoding=\"async\" class=\"size-medium wp-image-66 alignright\" src=\"http:\/\/blog.espol.edu.ec\/humbertomoran\/files\/2016\/10\/Blog-2-300x169.jpg\" alt=\"blog-2\" width=\"300\" height=\"169\" srcset=\"https:\/\/blog.espol.edu.ec\/humbertomoran\/files\/2016\/10\/Blog-2-300x169.jpg 300w, https:\/\/blog.espol.edu.ec\/humbertomoran\/files\/2016\/10\/Blog-2.jpg 572w\" sizes=\"auto, (max-width: 300px) 100vw, 300px\" \/>El m\u00f3vil, tambi\u00e9n como aliado contra el c\u00e1ncer<\/h1>\n<hr \/>\n<p>Crean un smartphone preparado para detectar c\u00e1nceres de pulm\u00f3n, pr\u00f3stata y de mama con sencillez. Lee m\u00e1s en:\u00a0<a href=\"http:\/\/www.elcomercio.es\/tecnologia\/investigacion\/201610\/20\/movil-tambien-como-aliado-20161020163847-rc.html\">http:\/\/www.elcomercio.es\/tecnologia\/investigacion\/201610\/20\/movil-tambien-como-aliado-20161020163847-rc.html<\/a><\/p>\n<p>&nbsp;<\/p>\n<p>&nbsp;<\/p>\n<h1 class=\"node-title\">App podr\u00eda reemplazar la pastilla anticonceptiva<\/h1>\n<p><img loading=\"lazy\" decoding=\"async\" class=\"size-medium wp-image-115 alignleft\" src=\"http:\/\/blog.espol.edu.ec\/humbertomoran\/files\/2016\/10\/5515469-300x168.jpg\" alt=\"5515469\" width=\"300\" height=\"168\" srcset=\"https:\/\/blog.espol.edu.ec\/humbertomoran\/files\/2016\/10\/5515469-300x168.jpg 300w, https:\/\/blog.espol.edu.ec\/humbertomoran\/files\/2016\/10\/5515469.jpg 588w\" sizes=\"auto, (max-width: 300px) 100vw, 300px\" \/><\/p>\n<p style=\"text-align: left\">Se trata de un algoritmo (mecanismo) que mide la temperatura corporal para calcular en qu\u00e9 momento del ciclo menstrual se encuentran las mujeres y estimar si se trata de un d\u00eda f\u00e9rtil o no. Seg\u00fan los estudios desarrollados por la investigadora, esta aplicaci\u00f3n encuentra el d\u00eda correcto de ovulaci\u00f3n con alto nivel de precisi\u00f3n.<\/p>\n<p>Lee m\u00e1s en:\u00a0http:\/\/www.eluniverso.com\/vida-estilo\/2016\/10\/24\/nota\/5871751\/investigadora-desarrolla-aplicacion-que-podria-evitar-uso<\/p>\n","protected":false},"excerpt":{"rendered":"<p>El m\u00f3vil, tambi\u00e9n como aliado contra el c\u00e1ncer Crean un smartphone preparado para detectar c\u00e1nceres de pulm\u00f3n, pr\u00f3stata y de mama con sencillez. Lee m\u00e1s en:\u00a0http:\/\/www.elcomercio.es\/tecnologia\/investigacion\/201610\/20\/movil-tambien-como-aliado-20161020163847-rc.html &nbsp; &nbsp; App podr\u00eda reemplazar la pastilla anticonceptiva Se trata de un algoritmo (mecanismo) que mide la temperatura corporal para calcular en qu\u00e9 momento del ciclo menstrual se encuentran &hellip; <\/p>\n<p><a class=\"more-link btn\" href=\"https:\/\/blog.espol.edu.ec\/humbertomoran\/tecnologia-y-salud\/\">Seguir leyendo<\/a><\/p>\n","protected":false},"author":10547,"featured_media":0,"parent":0,"menu_order":0,"comment_status":"closed","ping_status":"closed","template":"","meta":{"footnotes":""},"class_list":["post-62","page","type-page","status-publish","hentry","nodate","item-wrap"],"_links":{"self":[{"href":"https:\/\/blog.espol.edu.ec\/humbertomoran\/wp-json\/wp\/v2\/pages\/62","targetHints":{"allow":["GET"]}}],"collection":[{"href":"https:\/\/blog.espol.edu.ec\/humbertomoran\/wp-json\/wp\/v2\/pages"}],"about":[{"href":"https:\/\/blog.espol.edu.ec\/humbertomoran\/wp-json\/wp\/v2\/types\/page"}],"author":[{"embeddable":true,"href":"https:\/\/blog.espol.edu.ec\/humbertomoran\/wp-json\/wp\/v2\/users\/10547"}],"replies":[{"embeddable":true,"href":"https:\/\/blog.espol.edu.ec\/humbertomoran\/wp-json\/wp\/v2\/comments?post=62"}],"version-history":[{"count":6,"href":"https:\/\/blog.espol.edu.ec\/humbertomoran\/wp-json\/wp\/v2\/pages\/62\/revisions"}],"predecessor-version":[{"id":116,"href":"https:\/\/blog.espol.edu.ec\/humbertomoran\/wp-json\/wp\/v2\/pages\/62\/revisions\/116"}],"wp:attachment":[{"href":"https:\/\/blog.espol.edu.ec\/humbertomoran\/wp-json\/wp\/v2\/media?parent=62"}],"curies":[{"name":"wp","href":"https:\/\/api.w.org\/{rel}","templated":true}]}}