{"id":70,"date":"2016-10-24T04:48:42","date_gmt":"2016-10-24T04:48:42","guid":{"rendered":"http:\/\/blog.espol.edu.ec\/humbertomoran\/?page_id=70"},"modified":"2016-10-24T05:34:43","modified_gmt":"2016-10-24T05:34:43","slug":"consejos-politecnicos","status":"publish","type":"page","link":"https:\/\/blog.espol.edu.ec\/humbertomoran\/consejos-politecnicos\/","title":{"rendered":"CONSEJOS POLIT\u00c9CNICOS"},"content":{"rendered":"<h1 class=\"title02 notice-featured\">5 t\u00e9cnicas de estudio efectivas que recomiendan desde la Universidad de Harvard<\/h1>\n<p><img loading=\"lazy\" decoding=\"async\" class=\"wp-image-71 alignnone\" src=\"http:\/\/blog.espol.edu.ec\/humbertomoran\/files\/2016\/10\/Blog-3-300x200.jpg\" alt=\"blog-3\" width=\"401\" height=\"267\" srcset=\"https:\/\/blog.espol.edu.ec\/humbertomoran\/files\/2016\/10\/Blog-3-300x200.jpg 300w, https:\/\/blog.espol.edu.ec\/humbertomoran\/files\/2016\/10\/Blog-3-768x512.jpg 768w, https:\/\/blog.espol.edu.ec\/humbertomoran\/files\/2016\/10\/Blog-3.jpg 900w\" sizes=\"auto, (max-width: 401px) 100vw, 401px\" \/><\/p>\n<h3>1. SACA APUNTES A MANO:<\/h3>\n<p>Los especialistas de Harvard aseguran que ese tiempo extra que te lleva escribir a mano, influye en qu\u00e9 tanto logras retener el conocimiento. Al escribir con l\u00e1piz y papel demoras m\u00e1s pero te obliga a reflexionar<strong>\u00a0<\/strong>sobre lo que escribes en p\u00e1gina. Esa primera instancia te ayuda a pensar y visualizar la informaci\u00f3n; por el contrario cuando solo traspasas la informaci\u00f3n a tu dispositivo electr\u00f3nico pero no la analizas mientras lo haces.<\/p>\n<h3>2. DEDICA TIEMPO A ESTUDIAR VARIAS MATERIAS A LA VEZ:<\/h3>\n<p>Tienes que aprender a organizarte de manera que consigas aprender diferentes asignaturas al mismo tiempo. Los autores aseguran que esta manera de\u00a0<strong>estudiar alternando entre una materia y favorece la retenci\u00f3n y facilita la comprensi\u00f3n de lo le\u00eddo<\/strong>. Al principio puede hacerte pensar que estudiaste menos de lo que realmente lo hiciste, y te llevaras una grata sorpresa cuando te des cuenta de lo efectivo de este m\u00e9todo.<\/p>\n<h3>3. DEJA PASAR TIEMPO ENTRE TUS HORAS DE ESTUDIO:<\/h3>\n<p>Aprenderte todo de una vez en una sesi\u00f3n eterna de 9 horas seguidas no sirve. Esa informaci\u00f3n desaparecer\u00e1 d\u00edas u horas despu\u00e9s del examen.\u00a0<strong>Para retener lo aprendido, tienes que dejar pasar un par de horas<\/strong>\u00a0en tus momentos de estudio para dejar reposar la informaci\u00f3n y evitar el atrac\u00f3n innecesario.<\/p>\n<h3>4. NO LEAS LAS COSAS MIL VECES:<\/h3>\n<p>No te confundas: pasar horas y horas releyendo un mismo libro de texto no te grabar\u00e1 las l\u00edneas en el cerebro. Es mejor dedicar menos tiempo a la lectura y m\u00e1s al recuerdo mental; de esta manera podr\u00e1s focalizarte en la retenci\u00f3n y lo recordar\u00e1s luego.<\/p>\n<h3>5. ENFR\u00c9NTATE A DESAF\u00cdOS:<\/h3>\n<p>La verdadera manera de aprender es cuando te ves obligado a resolver un problema o responder una pregunta nueva.\u00a0<strong>De este modo facilitar\u00e1n posteriormente el aprendizaje<\/strong>. Para ello es muy \u00fatil estudiar en grupo para realizarse mutuamente preguntas para recordar lo aprendido.<\/p>\n<p>&nbsp;<\/p>\n<p>Lee mas en:\u00a0<a href=\"http:\/\/noticias.universia.com.ar\/\">http:\/\/noticias.universia.com.ar\/<\/a><\/p>\n","protected":false},"excerpt":{"rendered":"<p>5 t\u00e9cnicas de estudio efectivas que recomiendan desde la Universidad de Harvard 1. SACA APUNTES A MANO: Los especialistas de Harvard aseguran que ese tiempo extra que te lleva escribir a mano, influye en qu\u00e9 tanto logras retener el conocimiento. Al escribir con l\u00e1piz y papel demoras m\u00e1s pero te obliga a reflexionar\u00a0sobre lo que &hellip; <\/p>\n<p><a class=\"more-link btn\" href=\"https:\/\/blog.espol.edu.ec\/humbertomoran\/consejos-politecnicos\/\">Seguir leyendo<\/a><\/p>\n","protected":false},"author":10547,"featured_media":0,"parent":0,"menu_order":0,"comment_status":"closed","ping_status":"closed","template":"","meta":{"footnotes":""},"class_list":["post-70","page","type-page","status-publish","hentry","nodate","item-wrap"],"_links":{"self":[{"href":"https:\/\/blog.espol.edu.ec\/humbertomoran\/wp-json\/wp\/v2\/pages\/70","targetHints":{"allow":["GET"]}}],"collection":[{"href":"https:\/\/blog.espol.edu.ec\/humbertomoran\/wp-json\/wp\/v2\/pages"}],"about":[{"href":"https:\/\/blog.espol.edu.ec\/humbertomoran\/wp-json\/wp\/v2\/types\/page"}],"author":[{"embeddable":true,"href":"https:\/\/blog.espol.edu.ec\/humbertomoran\/wp-json\/wp\/v2\/users\/10547"}],"replies":[{"embeddable":true,"href":"https:\/\/blog.espol.edu.ec\/humbertomoran\/wp-json\/wp\/v2\/comments?post=70"}],"version-history":[{"count":3,"href":"https:\/\/blog.espol.edu.ec\/humbertomoran\/wp-json\/wp\/v2\/pages\/70\/revisions"}],"predecessor-version":[{"id":82,"href":"https:\/\/blog.espol.edu.ec\/humbertomoran\/wp-json\/wp\/v2\/pages\/70\/revisions\/82"}],"wp:attachment":[{"href":"https:\/\/blog.espol.edu.ec\/humbertomoran\/wp-json\/wp\/v2\/media?parent=70"}],"curies":[{"name":"wp","href":"https:\/\/api.w.org\/{rel}","templated":true}]}}