{"id":52,"date":"2015-06-01T03:45:24","date_gmt":"2015-06-01T03:45:24","guid":{"rendered":"http:\/\/blog.espol.edu.ec\/ilgallo\/?page_id=52"},"modified":"2015-06-01T03:45:24","modified_gmt":"2015-06-01T03:45:24","slug":"los-grandes-80","status":"publish","type":"page","link":"https:\/\/blog.espol.edu.ec\/ilgallo\/los-grandes-80\/","title":{"rendered":"LOS GRANDES 80"},"content":{"rendered":"<h1 style=\"text-align: center\"><span style=\"color: #ff00ff\">LOOK A\u00d1OS 80<\/span><\/h1>\n<div class=\"articleBody\">\n<div class=\"page\">\n<p style=\"text-align: left\"><em>La d\u00e9cada de los ochenta fue una de las m\u00e1s culturales que se recuerdan. El estilo de vida de estos a\u00f1os goza de muchos seguidores, as\u00ed como la m\u00fasica, los programas de televisi\u00f3n, el cine y la moda.<a href=\"http:\/\/blog.espol.edu.ec\/ilgallo\/files\/2015\/06\/80-moda-01.jpg\"><img loading=\"lazy\" decoding=\"async\" class=\"aligncenter size-full wp-image-45\" src=\"http:\/\/blog.espol.edu.ec\/ilgallo\/files\/2015\/06\/80-moda-01.jpg\" alt=\"80-moda-01\" width=\"257\" height=\"252\" srcset=\"https:\/\/blog.espol.edu.ec\/ilgallo\/files\/2015\/06\/80-moda-01.jpg 257w, https:\/\/blog.espol.edu.ec\/ilgallo\/files\/2015\/06\/80-moda-01-50x50.jpg 50w\" sizes=\"auto, (max-width: 257px) 100vw, 257px\" \/><\/a><\/em><\/p>\n<h2 style=\"text-align: left\"><em>Una d\u00e9cada donde el estilo dejo de limitarse solo al maquillaje, al peinado y a los complementos. Lo que deseaban las mujeres de la \u00e9poca era destacarse en sus trabajos, de esta manera primaba el estilo Yuppie. <\/em><br \/>\n<em>El cuerpo deb\u00eda lucir natural y entrenado, as\u00ed la gente rica contaba a diario con la asistencia de su entrenador personal, esto no solo se trataba de mantener un buen estado f\u00edsico sino de un estilo de vida que diferenciaba a los mas pudientes. Si esto no daba el resultado deseado, recurr\u00edan a las cirug\u00edas est\u00e9ticas, que en esta \u00e9poca aumentaron considerablemente. <\/em><br \/>\n<em>Los productos antienvejecimiento eran furor, tanto es as\u00ed que la medicina y la cosm\u00e9tica lograron una estrecha relaci\u00f3n. <\/em><br \/>\n<em>Durante el d\u00eda las mujeres solo usaban tonos naturales para maquillarse, ya que pod\u00edan lucir una cutis perfecto gracias a los tratamientos dermatol\u00f3gicos. <\/em><br \/>\n<em>El permanente make up ofrec\u00eda una m\u00e1gica soluci\u00f3n en segundos y muy duradera. <\/em><br \/>\n<em>Con tanto cuidado profesional ya no se necesitaba perder el tiempo en maquillarse. <\/em><br \/>\n<em>La moda de los a\u00f1os 80 es quiz\u00e1s una de las m\u00e1s recordadas. El volumen, los colores y las exuberancias eran moneda corriente al vestirse. Si durante los 70 las remeras se usaban apretadas y los pantalones sueltos, en los 80 eso cambiar\u00edan rotundamente. <\/em><br \/>\n<em>Las piezas m\u00e1s emblem\u00e1ticas de la d\u00e9cada fueron las remeras holgadas y coloridas, frecuentemente estampadas y con grandes hombreras; tambi\u00e9n los pantalones ajustados; los chalecos, las faldas rectas y minifaldas. Las mujeres se sub\u00edan a zapatos de taco alto y usaban cantidades de pulseras. Los peinados abundaban en rulos, jopos y flequillos, el maquillaje era recargado. Los pantalones vaqueros o jeans, tambi\u00e9n fueron protagonistas debido a que los tratamientos de pre-lavado los hac\u00edan lucir decolorados y chic. La lencer\u00eda iba adquiriendo tambi\u00e9n un lugar importante en la moda. <\/em><br \/>\n<em>El uso de colores era variado, aunque el blanco y el negro tuvieron su gran momento. <\/em><br \/>\n<em>El lujo y la ostentaci\u00f3n se hac\u00edan sentir a trav\u00e9s de la alta costura y de la mano de algunos dise\u00f1adores como Christian Lacroix, que reflejaban el significado elitista de la moda. Calvin Klein y Giorgio Armani se encargaban de vestir perfectamente a la mujer para el trabajo. <\/em><br \/>\n<em>El estilo Punk influ\u00eda en los varones con el uso de aros y el g\u00e9nero musical New Wave glorificaba los brazaletes de cuero y las tachas. <\/em><br \/>\n<em>Madonna impuso su estilo con polleras pantal\u00f3n, medias de red, leggings, tops crucifijos, guantes sin dedos y cadenas de strass, Michael Jackson populariz\u00f3 las chaquetas, los pantalones de cuero y el uso de cierres. <\/em><br \/>\n<em>Hab\u00eda que estar en forma y mostrarse, por eso, el trabajo con el cuerpo era una aspiraci\u00f3n a las l\u00edneas de las supermodelos que comenzaban a surgir marcando tendencias. En estos a\u00f1os se difunde mucho la vestimenta de gimnasio, ligera e informal como las calzas, las polainas y las vinchas de m\u00faltiples colores.<\/em><\/h2>\n<h2 style=\"text-align: left\">MODA EN LOS A\u00d1OS 80<a href=\"http:\/\/blog.espol.edu.ec\/ilgallo\/files\/2015\/06\/80-moda-01.jpg\"><br \/>\n<\/a><\/h2>\n<p>\u00a1Llegaron los a\u00f1os 80! Y con ellos los vol\u00famenes, los colores, las formas geom\u00e9tricas y estampadas y las exuberancias, piezas clave para vestir a la \u00faltima. \u00a1Looks muy estructurados y atrevidos! El personaje de la d\u00e9cada fue Madonna, que marc\u00f3 tendencia no s\u00f3lo en m\u00fasica sino tambi\u00e9n en la moda de la ropa.<\/p>\n<h2>PEINADOS DE LOS A\u00d1OS 80<\/h2>\n<p>Para los peinados, abundaban los flequillos, los rizos marcados con rulos, los cabellos cardados y, en muchos casos, con tonos atrevidos. Este s\u00faper <a href=\"http:\/\/www.loreal-paris.es\/tendencias\/peinados\/vintage.aspx\">estilo retro<\/a> cog\u00eda tendencias de muchos mundos diferentes: el trabajo, las pel\u00edculas, la m\u00fasica... El volumen, m\u00e1s caracter\u00edstico de esta \u00e9poca que de ninguna otra, y el tama\u00f1o eran la representaci\u00f3n de la riqueza y el poder y esto fue lo que prim\u00f3 durante estos 10 a\u00f1os.<\/p>\n<h2>MAQUILLAJE A\u00d1OS 80<\/h2>\n<p>\u00bfY para maquillarse? Intenso, marcado y brillante. <a href=\"http:\/\/www.loreal-paris.es\/tendencias\/cuidados\/maquillaje-fluor.aspx\">Maquillaje de color fl\u00faor<\/a>, impresionantes<a href=\"http:\/\/www.loreal-paris.es\/tendencias\/cuidados\/pintar-ojos.aspx\">trucos de maquillaje con eyeliners<\/a> y cejas muy bien definidas. El blush se recomienda muy marcado en los p\u00f3mulos y en los labios destacaban los fucsias, malvas, naranjas y los cl\u00e1sicos rojos.<\/p>\n<p><a href=\"http:\/\/blog.espol.edu.ec\/ilgallo\/files\/2015\/06\/a_os80.jpg\"><img loading=\"lazy\" decoding=\"async\" class=\"alignleft size-medium wp-image-46\" src=\"http:\/\/blog.espol.edu.ec\/ilgallo\/files\/2015\/06\/a_os80-230x300.jpg\" alt=\"a_os80\" width=\"230\" height=\"300\" srcset=\"https:\/\/blog.espol.edu.ec\/ilgallo\/files\/2015\/06\/a_os80-230x300.jpg 230w, https:\/\/blog.espol.edu.ec\/ilgallo\/files\/2015\/06\/a_os80.jpg 306w\" sizes=\"auto, (max-width: 230px) 100vw, 230px\" \/><\/a><a href=\"http:\/\/blog.espol.edu.ec\/ilgallo\/files\/2015\/06\/flans-moda-80.jpg\"><img loading=\"lazy\" decoding=\"async\" class=\"alignright size-medium wp-image-47\" src=\"http:\/\/blog.espol.edu.ec\/ilgallo\/files\/2015\/06\/flans-moda-80-244x300.jpg\" alt=\"flans-moda-80\" width=\"244\" height=\"300\" srcset=\"https:\/\/blog.espol.edu.ec\/ilgallo\/files\/2015\/06\/flans-moda-80-244x300.jpg 244w, https:\/\/blog.espol.edu.ec\/ilgallo\/files\/2015\/06\/flans-moda-80.jpg 404w\" sizes=\"auto, (max-width: 244px) 100vw, 244px\" \/><\/a><a href=\"http:\/\/blog.espol.edu.ec\/ilgallo\/files\/2015\/06\/a_os808.jpg\"><img loading=\"lazy\" decoding=\"async\" class=\"aligncenter size-medium wp-image-48\" src=\"http:\/\/blog.espol.edu.ec\/ilgallo\/files\/2015\/06\/a_os808-300x227.jpg\" alt=\"a_os808\" width=\"300\" height=\"227\" srcset=\"https:\/\/blog.espol.edu.ec\/ilgallo\/files\/2015\/06\/a_os808-300x227.jpg 300w, https:\/\/blog.espol.edu.ec\/ilgallo\/files\/2015\/06\/a_os808.jpg 397w\" sizes=\"auto, (max-width: 300px) 100vw, 300px\" \/><\/a><\/p>\n<\/div>\n<\/div>\n","protected":false},"excerpt":{"rendered":"<p>LOOK A\u00d1OS 80 La d\u00e9cada de los ochenta fue una de las m\u00e1s culturales que se recuerdan. El estilo de vida de estos a\u00f1os goza de muchos seguidores, as\u00ed como la m\u00fasica, los programas de televisi\u00f3n, el cine y la moda. Una d\u00e9cada donde el estilo dejo de limitarse solo al maquillaje, al peinado y [&hellip;]<\/p>\n","protected":false},"author":9640,"featured_media":0,"parent":0,"menu_order":0,"comment_status":"open","ping_status":"open","template":"","meta":{"footnotes":""},"class_list":["post-52","page","type-page","status-publish","hentry"],"_links":{"self":[{"href":"https:\/\/blog.espol.edu.ec\/ilgallo\/wp-json\/wp\/v2\/pages\/52","targetHints":{"allow":["GET"]}}],"collection":[{"href":"https:\/\/blog.espol.edu.ec\/ilgallo\/wp-json\/wp\/v2\/pages"}],"about":[{"href":"https:\/\/blog.espol.edu.ec\/ilgallo\/wp-json\/wp\/v2\/types\/page"}],"author":[{"embeddable":true,"href":"https:\/\/blog.espol.edu.ec\/ilgallo\/wp-json\/wp\/v2\/users\/9640"}],"replies":[{"embeddable":true,"href":"https:\/\/blog.espol.edu.ec\/ilgallo\/wp-json\/wp\/v2\/comments?post=52"}],"version-history":[{"count":1,"href":"https:\/\/blog.espol.edu.ec\/ilgallo\/wp-json\/wp\/v2\/pages\/52\/revisions"}],"predecessor-version":[{"id":53,"href":"https:\/\/blog.espol.edu.ec\/ilgallo\/wp-json\/wp\/v2\/pages\/52\/revisions\/53"}],"wp:attachment":[{"href":"https:\/\/blog.espol.edu.ec\/ilgallo\/wp-json\/wp\/v2\/media?parent=52"}],"curies":[{"name":"wp","href":"https:\/\/api.w.org\/{rel}","templated":true}]}}