{"id":59,"date":"2015-06-01T03:58:15","date_gmt":"2015-06-01T03:58:15","guid":{"rendered":"http:\/\/blog.espol.edu.ec\/ilgallo\/?page_id=59"},"modified":"2015-06-01T03:58:15","modified_gmt":"2015-06-01T03:58:15","slug":"la-nueva-era-el-siglo-xxi","status":"publish","type":"page","link":"https:\/\/blog.espol.edu.ec\/ilgallo\/la-nueva-era-el-siglo-xxi\/","title":{"rendered":"LA NUEVA ERA, EL SIGLO XXI"},"content":{"rendered":"<p style=\"text-align: left\">Luego de revisar las modas en d\u00e9cadas anteriores, llegamos a la entrada del nuevo milenio, el a\u00f1o 2000 . Pero lejos de ofrecernos novedades, la moda en realidad fue retrospectiva y ha tra\u00eddo consigo el retorno a d\u00e9cadas anteriores. Demos un vistazo.<br \/>\nA principios del 2000 , se impusieron en todo el mundo los pantalones de jean de tiro bajo , las ojotas y los tops. En el caso de los pantalones de tiro bajo, este se populariz\u00f3 entre las mujeres, pero tambi\u00e9n entre los hombres. Poco a poco, dejaron de producirse los pantalones arriba de la cintura y los nuevos modelos eran a la altura de la cadera o semicadera. Esto, en el caso de las f\u00e9minas, para dejar al descubierto su est\u00f3mago y su espalda.<\/p>\n<p style=\"text-align: left\"><a href=\"http:\/\/blog.espol.edu.ec\/ilgallo\/files\/2015\/06\/Ana-Locking2.jpg\"><img loading=\"lazy\" decoding=\"async\" class=\"aligncenter size-medium wp-image-60\" src=\"http:\/\/blog.espol.edu.ec\/ilgallo\/files\/2015\/06\/Ana-Locking2-300x188.jpg\" alt=\"Ana Locking2\" width=\"300\" height=\"188\" srcset=\"https:\/\/blog.espol.edu.ec\/ilgallo\/files\/2015\/06\/Ana-Locking2-300x188.jpg 300w, https:\/\/blog.espol.edu.ec\/ilgallo\/files\/2015\/06\/Ana-Locking2.jpg 400w\" sizes=\"auto, (max-width: 300px) 100vw, 300px\" \/><\/a><br \/>\nDurante la \u00e9poca de verano, estuvierin muy de moda los vestidos cortos y los polos escotados , en especial entre las adolescentes. Por su parte, entre los varones, resurgi\u00f3 la moda de los pantalones anchos , popularizados en los \u201890 por los amantes del rap y el hip hop. Inspirados en estos ritmos, surgieron estilos nuevos como el reggaeton, que trajeron consigo vestimentas propias, pero muy similares a la de los raperos.<\/p>\n<p style=\"text-align: left\"><a href=\"http:\/\/blog.espol.edu.ec\/ilgallo\/files\/2015\/06\/Ana-Locking.jpg\"><img loading=\"lazy\" decoding=\"async\" class=\"aligncenter size-medium wp-image-61\" src=\"http:\/\/blog.espol.edu.ec\/ilgallo\/files\/2015\/06\/Ana-Locking-300x188.jpg\" alt=\"Ana Locking\" width=\"300\" height=\"188\" srcset=\"https:\/\/blog.espol.edu.ec\/ilgallo\/files\/2015\/06\/Ana-Locking-300x188.jpg 300w, https:\/\/blog.espol.edu.ec\/ilgallo\/files\/2015\/06\/Ana-Locking.jpg 400w\" sizes=\"auto, (max-width: 300px) 100vw, 300px\" \/><\/a><br \/>\nAsimismo, la moda G\u00f3tica fue adoptada por diversos grupos como los punk, funkies y emos, con la presencia del color negro en sus prendas y maquillajes. Los ochentas tambi\u00e9n regresaron con fuerza, especialmente entre las m\u00e1s j\u00f3venes.<br \/>\nLos pantalones Oxford , que estuvieran de moda cuarent a\u00f1os atr\u00e1s, resurgieron con \u00e9xito, as\u00ed como las minifaldas, las faldas vaporosas y los jeans con aberturas y looks desgastados.<br \/>\nTambi\u00e9n se hicieron populares algunas prendas utilizadas por los hippies , tales como los atuendos frescos de colores africanos o jamaiquinos.<\/p>\n<p style=\"text-align: left\"><a href=\"http:\/\/blog.espol.edu.ec\/ilgallo\/files\/2015\/06\/2000.jpg\"><img loading=\"lazy\" decoding=\"async\" class=\"aligncenter size-medium wp-image-62\" src=\"http:\/\/blog.espol.edu.ec\/ilgallo\/files\/2015\/06\/2000-300x247.jpg\" alt=\"2000\" width=\"300\" height=\"247\" srcset=\"https:\/\/blog.espol.edu.ec\/ilgallo\/files\/2015\/06\/2000-300x247.jpg 300w, https:\/\/blog.espol.edu.ec\/ilgallo\/files\/2015\/06\/2000.jpg 320w\" sizes=\"auto, (max-width: 300px) 100vw, 300px\" \/><\/a><br \/>\nPero \u00e9stas no fueron las \u00fanicas tendencias que regresaron con un aspecto m\u00e1s estilizado. El look Gangsta y punk , por ejemplo, mezclaron elementos con el Heavy Metal y otros. Ah\u00ed tenemos los polos y camisetas con logotipos de bandas musicales, aunque sin dejar de lado la ropa hecha de cuero y cuerina.<br \/>\nEl encaje , tan de moda en d\u00e9cadas anteriores por su aspecto dulce y delicado, volvi\u00f3 a encandilar a las jovencitas. As\u00ed, aparecieron las faldas tejidas en organza y tul, as\u00ed como los corsets de brocados calados, as\u00ed como los forros de encaje. Los estampados de flores sobre fondos negros tambi\u00e9n fue una corriente que se populariz\u00f3 junto con la impresi\u00f3n de detalles diversos en los vestidos.<br \/>\nLos setenta por su parte, tambi\u00e9n parecen haber regresado con los estampados de corazones, plumas y psicod\u00e9licos en las prendas de hoy. Los shorts de gabardina, polos con capucha y vestidos de gasa con capas en colores pasteles son algunas de las tendencias actuales, pero que tienen su inspiraci\u00f3n en lo que fue la moda de los sesenta.<\/p>\n<p style=\"text-align: left\"><a href=\"http:\/\/blog.espol.edu.ec\/ilgallo\/files\/2015\/06\/Ana-Locking1.jpg\"><img loading=\"lazy\" decoding=\"async\" class=\"aligncenter size-medium wp-image-63\" src=\"http:\/\/blog.espol.edu.ec\/ilgallo\/files\/2015\/06\/Ana-Locking1-300x188.jpg\" alt=\"Ana Locking1\" width=\"300\" height=\"188\" srcset=\"https:\/\/blog.espol.edu.ec\/ilgallo\/files\/2015\/06\/Ana-Locking1-300x188.jpg 300w, https:\/\/blog.espol.edu.ec\/ilgallo\/files\/2015\/06\/Ana-Locking1.jpg 400w\" sizes=\"auto, (max-width: 300px) 100vw, 300px\" \/><\/a><\/p>\n<p style=\"text-align: left\">\n<p>&nbsp;<\/p>\n","protected":false},"excerpt":{"rendered":"<p>Luego de revisar las modas en d\u00e9cadas anteriores, llegamos a la entrada del nuevo milenio, el a\u00f1o 2000 . Pero lejos de ofrecernos novedades, la moda en realidad fue retrospectiva y ha tra\u00eddo consigo el retorno a d\u00e9cadas anteriores. Demos un vistazo. A principios del 2000 , se impusieron en todo el mundo los pantalones [&hellip;]<\/p>\n","protected":false},"author":9640,"featured_media":0,"parent":0,"menu_order":0,"comment_status":"open","ping_status":"open","template":"","meta":{"footnotes":""},"class_list":["post-59","page","type-page","status-publish","hentry"],"_links":{"self":[{"href":"https:\/\/blog.espol.edu.ec\/ilgallo\/wp-json\/wp\/v2\/pages\/59","targetHints":{"allow":["GET"]}}],"collection":[{"href":"https:\/\/blog.espol.edu.ec\/ilgallo\/wp-json\/wp\/v2\/pages"}],"about":[{"href":"https:\/\/blog.espol.edu.ec\/ilgallo\/wp-json\/wp\/v2\/types\/page"}],"author":[{"embeddable":true,"href":"https:\/\/blog.espol.edu.ec\/ilgallo\/wp-json\/wp\/v2\/users\/9640"}],"replies":[{"embeddable":true,"href":"https:\/\/blog.espol.edu.ec\/ilgallo\/wp-json\/wp\/v2\/comments?post=59"}],"version-history":[{"count":1,"href":"https:\/\/blog.espol.edu.ec\/ilgallo\/wp-json\/wp\/v2\/pages\/59\/revisions"}],"predecessor-version":[{"id":64,"href":"https:\/\/blog.espol.edu.ec\/ilgallo\/wp-json\/wp\/v2\/pages\/59\/revisions\/64"}],"wp:attachment":[{"href":"https:\/\/blog.espol.edu.ec\/ilgallo\/wp-json\/wp\/v2\/media?parent=59"}],"curies":[{"name":"wp","href":"https:\/\/api.w.org\/{rel}","templated":true}]}}