{"id":66,"date":"2015-06-01T04:13:41","date_gmt":"2015-06-01T04:13:41","guid":{"rendered":"http:\/\/blog.espol.edu.ec\/ilgallo\/?page_id=66"},"modified":"2015-06-01T04:13:41","modified_gmt":"2015-06-01T04:13:41","slug":"los-mejores-looks-de-la-ultima-decada","status":"publish","type":"page","link":"https:\/\/blog.espol.edu.ec\/ilgallo\/los-mejores-looks-de-la-ultima-decada\/","title":{"rendered":"Los mejores looks de la \u00faltima d\u00e9cada"},"content":{"rendered":"<p>El pasado jueves no solamente cerrabamos un cap\u00edtulo anual sino que entr\u00e1bamos en en el a\u00f1o que dar\u00e1 carpetazo a una d\u00e9cada marcada por grandes cambios no solamente a nivel pol\u00edtico y social, sino que como consecuencia directa de ello, tambi\u00e9n ha supuesto un giro de 180 grados en cuestiones de estilo. La moda ha evolucionado e involucionado a partes iguales, y es que si bien el paso de los a\u00f1os se traduce en innovaci\u00f3n, lo hace tambi\u00e9n en vuelta a los or\u00edgenes.<\/p>\n<p>Al final, la moda m\u00e1s que ir hacia delante o hacia atr\u00e1s, lo que hace es reciclarse. Aqu\u00ed va entonces un repaso a\u00f1o por a\u00f1o de los <strong>mejores looks <\/strong>lucidos por las <strong>celebrities<\/strong> durante la <strong>\u00faltima decada<\/strong>. Bueno, casi. Porque el de 2010 lo dejamos para dentro de 363 d\u00edas.<\/p>\n<p>En <strong>2000<\/strong> empezamos por un tr\u00edo de ases que inauguraba el segundo milenio de manera bien distinta:<strong>Uma Thurman<\/strong>, de Jean Paul Gaultier en Cannes, <strong>Charlize Theron<\/strong>, de Vera Wang en los Oscar, y<strong>Jennifer Lopez <\/strong>de Versace en los Grammy.<\/p>\n<p><img decoding=\"async\" id=\"image38875\" class=\"centro\" src=\"http:\/\/i.blogs.es\/dfaa54\/000326oscarscate02\/450_1000.jpg\" alt=\"000326oscarscate02.jpg\" \/><\/p>\n<p>Aunque la espalda de <strong>Cate Blanchett <\/strong>en los Oscar fue de lo m\u00e1s comentado ese a\u00f1o.<\/p>\n<p><img decoding=\"async\" id=\"image38877\" class=\"centro\" src=\"http:\/\/i.blogs.es\/a0aa11\/premiereofvanillaskyqxxverr_tegl\/450_1000.jpg\" alt=\"premiereofvanillaskyqxxverr_tegl.jpg\" \/><\/p>\n<p>En <strong>2001 <\/strong>no voy a rese\u00f1ar el mejor <em>look<\/em> sino el peor. <strong>Cameron Diaz<\/strong>, actriz de moda por excelencia es esa \u00e9poca, demostraba que se puede destrozar un Jean Paul Gaultier en un abrir y cerrar de ojos.<\/p>\n<p><img decoding=\"async\" id=\"image38888\" class=\"centro\" src=\"http:\/\/i.blogs.es\/662114\/cameron-2002\/450_1000.jpg\" alt=\"cameron-2002.JPG\" \/><\/p>\n<p>Supongo que consciente de su patada al buen gusto, Diaz enmendaba su error convirti\u00e9ndose en las m\u00e1s elegante de <em>2002<\/em> con un look que si volviera a enfundarse, volver\u00eda a bordar: este maravilloso vestido de Emanuel Ungaro que tuco el acierto de elegir y accesorizar a la perfecci\u00f3n.<\/p>\n<p><img decoding=\"async\" id=\"image38889\" class=\"centro\" src=\"http:\/\/i.blogs.es\/286c11\/54thannualemmyawardsarrivalsofzzixn1bqpl\/450_1000.jpg\" alt=\"54thannualemmyawardsarrivalsofzzixn1bqpl.jpg\" \/><\/p>\n<p>Cameron no era la \u00fanica en aportar un toque retro al a\u00f1o: <strong>Jennifer Aniston<\/strong> se llevaba la palma gracias a este <em>vintage<\/em> color <em>nude<\/em> de Christian Dior.<\/p>\n<p><img decoding=\"async\" id=\"image38890\" class=\"centro\" src=\"http:\/\/i.blogs.es\/c80209\/030618sjpsexprem02\/450_1000.jpg\" alt=\"030618sjpsexprem02.jpg\" \/><\/p>\n<p>En <strong>2003<\/strong> <strong>Sarah Jessica Parker <\/strong>transit\u00f3 definitivamente hacia la elegancia con may\u00fasculas,<\/p>\n<p><img decoding=\"async\" id=\"image38891\" class=\"centro\" src=\"http:\/\/i.blogs.es\/e7c808\/030916anothermagparty04\/450_1000.jpg\" alt=\"030916anothermagparty04.jpg\" \/><\/p>\n<p>el a\u00f1o en el que <strong>Kate Moss <\/strong>se convirti\u00f3 en musa retro,<\/p>\n<p><img decoding=\"async\" id=\"image38893\" class=\"centro\" src=\"http:\/\/i.blogs.es\/01f42d\/031207cmpremla02\/450_1000.jpg\" alt=\"031207cmpremla02.jpg\" \/><\/p>\n<p>con permiso de <strong>Sienna Miller<\/strong> (aqu\u00ed de Alexander McQuen)...<\/p>\n<p><img decoding=\"async\" id=\"image38892\" class=\"centro\" src=\"http:\/\/i.blogs.es\/1d94eb\/r8zulcp1nmdl\/450_1000.jpg\" alt=\"r8zulcp1nmdl.jpg\" \/><\/p>\n<p>Y el a\u00f1o en que <strong>Pen\u00e9lope Cruz <\/strong>descubri\u00f3 a Chanel.<\/p>\n<p><img decoding=\"async\" id=\"image38898\" class=\"centro\" src=\"http:\/\/i.blogs.es\/f68cf1\/premiereoftroy3jyx3mo0mlgl\/450_1000.jpg\" alt=\"premiereoftroy3jyx3mo0mlgl.jpg\" \/><\/p>\n<p>En<strong> 2004 <\/strong><strong>Diane Kruger <\/strong>empez\u00f3 a tomar carrerilla para hacerse con el t\u00edtulo de mejor vestida de la d\u00e9cada.<\/p>\n<p><img decoding=\"async\" id=\"image38903\" class=\"centro\" src=\"http:\/\/i.blogs.es\/533393\/marcjacobsspring2005arrivalsjbnyljvs9ddl\/450_1000.jpg\" alt=\"marcjacobsspring2005arrivalsjbnyljvs9ddl.jpg\" \/><\/p>\n<p>Y las gemelas Olsen empezaban a hacerse un hueco en el mundo de la moda y perfilaban ya lo que ser\u00eda el fen\u00f3meno <em>it girl <\/em>de hoy.<\/p>\n<p><img decoding=\"async\" id=\"image38899\" class=\"centro\" src=\"http:\/\/i.blogs.es\/897665\/050418kirstenspiderman2prem03\/450_1000.jpg\" alt=\"050418kirstenspiderman2prem03.jpg\" \/><\/p>\n<p>En <strong>2005<\/strong> <strong>Kirsten Dunst<\/strong> de convert\u00eda en musa <em>indie<\/em> (aqu\u00ed de Christian Lacroix Alta Costura),<\/p>\n<p><img decoding=\"async\" id=\"image38900\" class=\"centro\" src=\"http:\/\/i.blogs.es\/8bce1a\/051116chloesevigny02\/450_1000.jpg\" alt=\"051116chloesevigny02.jpg\" \/><\/p>\n<p>con el permiso de <strong>Chlo\u00eb Sevigny<\/strong> (aqu\u00ed de Yves Saint Laurent).<\/p>\n<p><img decoding=\"async\" id=\"image38905\" class=\"centro\" src=\"http:\/\/i.blogs.es\/46507f\/77thannualacademyawardsshow1ptpiul-h8ol\/450_1000.jpg\" alt=\"77thannualacademyawardsshow1ptpiul-h8ol.jpg\" \/><\/p>\n<p>Mientras, <strong>Gwyneth Paltrow<\/strong> formalizaba su amistad con Stella McCartney y se vest\u00eda de ella en los Oscar de ese a\u00f1o haciendo del color maquillaje un <em>must have <\/em>de alfombra roja.<\/p>\n<p><img decoding=\"async\" id=\"image38906\" class=\"centro\" src=\"http:\/\/i.blogs.es\/664b47\/znk6sh\/450_1000.jpg\" alt=\"znk6sh.jpg\" \/><\/p>\n<p>En <strong>2006 <\/strong>el vestido para el recuerdo se lo enfundaba <strong>Michelle Williams <\/strong>en los Oscar y lo firmaba Vera Wang.<\/p>\n<p><img decoding=\"async\" id=\"image38913\" class=\"centro\" src=\"http:\/\/i.blogs.es\/7ed3b0\/article_5929\/450_1000.jpg\" alt=\"article_5929.jpg\" \/><\/p>\n<p>Y el <em>look<\/em> que nunca olvidaremos lo llevaba <strong>Kirsten Dunst<\/strong> en una de las premi\u00e8res de Marie Antoinette y era de Rochas.<\/p>\n<p><img decoding=\"async\" id=\"image38908\" class=\"centro\" src=\"http:\/\/i.blogs.es\/b5f567\/64thvenicefilmfestivalopeningceremony2tie1ynul9wl\/450_1000.jpg\" alt=\"64thvenicefilmfestivalopeningceremony2tie1ynul9wl.jpg\" \/><\/p>\n<p><strong>2007<\/strong> era el a\u00f1o de una <strong>Keira Knightley <\/strong>plet\u00f3rica cuyo principal \u00e9xito fue su alianza con Chanel.<\/p>\n<p><img decoding=\"async\" id=\"image38915\" class=\"centro\" src=\"http:\/\/i.blogs.es\/d98ce5\/80201_gwyneth_paltrow_1_122_186lo\/450_1000.jpg\" alt=\"80201_gwyneth_paltrow_1_122_186lo.jpg\" \/><\/p>\n<p>Ese mismo fue al a\u00f1o en que Gwyneth repet\u00eda f\u00f3rmula m\u00e1gica con el color rosa sobre la alfombra roja y no pod\u00eda estar m\u00e1s guapa de Zac Posen.<\/p>\n<p><img decoding=\"async\" id=\"image38916\" class=\"centro\" src=\"http:\/\/i.blogs.es\/644e6d\/cannesarrivalscinemaagainstaids2007benefitingpxlbdb7fvi9l\/450_1000.jpg\" alt=\"cannesarrivalscinemaagainstaids2007benefitingpxlbdb7fvi9l.jpg\" \/><\/p>\n<p>Y el a\u00f1o en el que Mischa Barton decid\u00eda hacerse un hueco entre las estrellas de Hollywood y se convert\u00eda en chica de moda.<\/p>\n<p><img decoding=\"async\" id=\"image38918\" class=\"centro\" src=\"http:\/\/i.blogs.es\/c4212b\/rcool\/450_1000.jpg\" alt=\"rcool.JPG\" \/><\/p>\n<p>Aunque las riendas del estilo <em>retro cool<\/em> las llevaba Kirsten Dunst<\/p>\n<p><img decoding=\"async\" id=\"image38921\" class=\"centro\" src=\"http:\/\/i.blogs.es\/bbd5e8\/kate-2007\/450_1000.jpg\" alt=\"kate-2007.jpg\" \/><\/p>\n<p>Y el mejor <em>look<\/em> del a\u00f1o lo firmaba <strong>Kate Moss<\/strong> en la gala del <span class=\"caps\">MET<\/span>.<\/p>\n<p><img decoding=\"async\" id=\"image38920\" class=\"centro\" src=\"http:\/\/i.blogs.es\/8e94d6\/ukcharitypremiereironmanarrivals1970bbr-pn4l\/450_1000.jpg\" alt=\"ukcharitypremiereironmanarrivals1970bbr-pn4l.jpg\" \/><\/p>\n<p><strong>2008<\/strong> era el a\u00f1o de los minivestidos de Gwyneth Paltrow.<\/p>\n<p><img decoding=\"async\" id=\"image38919\" class=\"centro\" src=\"http:\/\/i.blogs.es\/2fc7ba\/marykateashleyolseninstorebooksigningc3dmui46p8rl\/450_1000.jpg\" alt=\"marykateashleyolseninstorebooksigningc3dmui46p8rl.jpg\" \/><\/p>\n<p>El a\u00f1o de la consagraci\u00f3n de las Olsen como iconos de estilo.<\/p>\n<p><img decoding=\"async\" id=\"image38922\" class=\"centro\" src=\"http:\/\/i.blogs.es\/375deb\/sonypicturesclassicsdinnertiff2008igz6nlvtm-8l\/450_1000.jpg\" alt=\"sonypicturesclassicsdinnertiff2008igz6nlvtm-8l.jpg\" \/><\/p>\n<p>Y el a\u00f1o de una joven actriz llamada <strong>Anne Hathaway<\/strong><\/p>\n","protected":false},"excerpt":{"rendered":"<p>El pasado jueves no solamente cerrabamos un cap\u00edtulo anual sino que entr\u00e1bamos en en el a\u00f1o que dar\u00e1 carpetazo a una d\u00e9cada marcada por grandes cambios no solamente a nivel pol\u00edtico y social, sino que como consecuencia directa de ello, tambi\u00e9n ha supuesto un giro de 180 grados en cuestiones de estilo. La moda ha [&hellip;]<\/p>\n","protected":false},"author":9640,"featured_media":0,"parent":0,"menu_order":0,"comment_status":"open","ping_status":"open","template":"","meta":{"footnotes":""},"class_list":["post-66","page","type-page","status-publish","hentry"],"_links":{"self":[{"href":"https:\/\/blog.espol.edu.ec\/ilgallo\/wp-json\/wp\/v2\/pages\/66","targetHints":{"allow":["GET"]}}],"collection":[{"href":"https:\/\/blog.espol.edu.ec\/ilgallo\/wp-json\/wp\/v2\/pages"}],"about":[{"href":"https:\/\/blog.espol.edu.ec\/ilgallo\/wp-json\/wp\/v2\/types\/page"}],"author":[{"embeddable":true,"href":"https:\/\/blog.espol.edu.ec\/ilgallo\/wp-json\/wp\/v2\/users\/9640"}],"replies":[{"embeddable":true,"href":"https:\/\/blog.espol.edu.ec\/ilgallo\/wp-json\/wp\/v2\/comments?post=66"}],"version-history":[{"count":1,"href":"https:\/\/blog.espol.edu.ec\/ilgallo\/wp-json\/wp\/v2\/pages\/66\/revisions"}],"predecessor-version":[{"id":67,"href":"https:\/\/blog.espol.edu.ec\/ilgallo\/wp-json\/wp\/v2\/pages\/66\/revisions\/67"}],"wp:attachment":[{"href":"https:\/\/blog.espol.edu.ec\/ilgallo\/wp-json\/wp\/v2\/media?parent=66"}],"curies":[{"name":"wp","href":"https:\/\/api.w.org\/{rel}","templated":true}]}}