{"id":117,"date":"2020-05-05T12:25:03","date_gmt":"2020-05-05T12:25:03","guid":{"rendered":"http:\/\/blog.espol.edu.ec\/imancero\/?page_id=117"},"modified":"2020-05-06T14:59:57","modified_gmt":"2020-05-06T19:59:57","slug":"117-2","status":"publish","type":"page","link":"https:\/\/blog.espol.edu.ec\/imancero\/teaching\/117-2\/","title":{"rendered":""},"content":{"rendered":"\r\n\r\n<strong><span style=\"color: #118e69\">C\u00e1lculo Diferencial <\/span><\/strong><span style=\"color: #118e69\">(ICM01941)<\/span>\r\n\r\n<img loading=\"lazy\" decoding=\"async\" class=\"alignnone wp-image-119\" src=\"http:\/\/blog.espol.edu.ec\/imancero\/files\/2020\/05\/foto-4.jpg\" alt=\"\" width=\"229\" height=\"171\" srcset=\"https:\/\/blog.espol.edu.ec\/imancero\/files\/2020\/05\/foto-4.jpg 640w, https:\/\/blog.espol.edu.ec\/imancero\/files\/2020\/05\/foto-4-300x224.jpg 300w, https:\/\/blog.espol.edu.ec\/imancero\/files\/2020\/05\/foto-4-400x300.jpg 400w\" sizes=\"auto, (max-width: 229px) 100vw, 229px\" \/>\r\n\r\n\r\n\r\n\r\n<div class=\"wp-block-media-text alignwide is-stacked-on-mobile is-vertically-aligned-top\">\r\n<div class=\"wp-block-media-text__content\">\r\n\r\n\r\n<ul class=\"wp-block-list\">\r\n \t<li>T\u00e9rmino 2015 IS P15, P22<\/li>\r\n \t<li>T\u00e9rmino 2015 IIS P2.<\/li>\r\n<\/ul>\r\n\r\n\r\n<\/div>\r\n<\/div>\r\n\r\n\r\n\r\n\r\n\r\n\r\n\r\n\r\n<strong><span class=\"has-inline-color\" style=\"color: #118e69\">HW Assigments \/ Asignaci\u00f3n de trabajos aut\u00f3nomos:<\/span><\/strong>\r\n\r\n\r\n\r\n\r\n<ul class=\"wp-block-list\">\r\n \t<li>TA0: Espacios m\u00e9tricos (<a href=\"http:\/\/blog.espol.edu.ec\/imancero\/files\/2020\/05\/TA0_Espacios_Metricos.pdf\">descarga<\/a>)<\/li>\r\n \t<li>TA1: Coordenadas polares (<a href=\"http:\/\/blog.espol.edu.ec\/imancero\/files\/2020\/05\/TA1_Calculo_Diff.pdf\">descarga<\/a>)<\/li>\r\n \t<li>TA3: L\u00edmites - parte 1 (<a href=\"http:\/\/blog.espol.edu.ec\/imancero\/files\/2020\/05\/TA3_Calculo_Diff.pdf\">descarga<\/a>)<\/li>\r\n \t<li>TA4: L\u00edmites - parte 2 (<a href=\"http:\/\/blog.espol.edu.ec\/imancero\/files\/2020\/05\/TA4_Calculo_Diff.pdf\">descarga<\/a>)<\/li>\r\n \t<li>TA5: La derivada - Definici\u00f3n y t\u00e9cnicas b\u00e1sicas (<a href=\"http:\/\/blog.espol.edu.ec\/imancero\/files\/2020\/05\/TA5_Calculo_Diff.pdf\">descarga<\/a>)<\/li>\r\n \t<li>TA6: Derivaci\u00f3n.- Regla de la Cadena y derivadas de orden superior (<a href=\"http:\/\/blog.espol.edu.ec\/imancero\/files\/2020\/05\/TA6_Calculo_Diff.pdf\">descarga<\/a>)<\/li>\r\n \t<li>TA7: Diferenciales, an\u00e1lisis de funciones (<a href=\"http:\/\/blog.espol.edu.ec\/imancero\/files\/2020\/05\/TA7_Calculo_Diff.pdf\">descarga<\/a>)<\/li>\r\n \t<li>TA9: Optimizaci\u00f3n, razones de cambio. Series de Taylor y Maclaurin (<a href=\"http:\/\/blog.espol.edu.ec\/imancero\/files\/2020\/05\/TA9_Calculo_Diff.pdf\">descarga<\/a>)<\/li>\r\n<\/ul>\r\n\r\n\r\n\r\n\r\n<strong><span class=\"has-inline-color\" style=\"color: #118e69\">Retroalimentaci\u00f3n - tutorial<\/span><\/strong>\r\n\r\n\r\n\r\n\r\n<ul class=\"wp-block-list\">\r\n \t<li>TA10: Derivaci\u00f3n: problemas evidenciados (<a href=\"http:\/\/blog.espol.edu.ec\/imancero\/files\/2020\/05\/TA10-Calculo_Diff_Rec1.pdf\">descarga<\/a>)<\/li>\r\n<\/ul>\r\n\r\n\r\n\r\n\r\n<strong><span class=\"has-inline-color\" style=\"color: #118e69\">Mini quiz:<\/span><\/strong> TA8 - Tangentes (<a href=\"http:\/\/blog.espol.edu.ec\/imancero\/files\/2020\/05\/TA8_CD_Quiz.pdf\">descarga<\/a>)","protected":false},"excerpt":{"rendered":"<p>C\u00e1lculo Diferencial (ICM01941) T\u00e9rmino 2015 IS P15, P22 T\u00e9rmino 2015 IIS P2. HW Assigments \/ Asignaci\u00f3n de trabajos aut\u00f3nomos: TA0: Espacios m\u00e9tricos (descarga) TA1: Coordenadas polares (descarga) TA3: L\u00edmites - parte 1 (descarga) TA4: L\u00edmites - parte 2 (descarga) TA5: La derivada - Definici\u00f3n y t\u00e9cnicas b\u00e1sicas (descarga) TA6: Derivaci\u00f3n.- Regla de la Cadena y [&hellip;]<\/p>\n","protected":false},"author":9991,"featured_media":0,"parent":81,"menu_order":0,"comment_status":"closed","ping_status":"closed","template":"","meta":{"_monsterinsights_skip_tracking":false,"_monsterinsights_sitenote_active":false,"_monsterinsights_sitenote_note":"","_monsterinsights_sitenote_category":0,"footnotes":""},"class_list":["post-117","page","type-page","status-publish","hentry"],"_links":{"self":[{"href":"https:\/\/blog.espol.edu.ec\/imancero\/wp-json\/wp\/v2\/pages\/117","targetHints":{"allow":["GET"]}}],"collection":[{"href":"https:\/\/blog.espol.edu.ec\/imancero\/wp-json\/wp\/v2\/pages"}],"about":[{"href":"https:\/\/blog.espol.edu.ec\/imancero\/wp-json\/wp\/v2\/types\/page"}],"author":[{"embeddable":true,"href":"https:\/\/blog.espol.edu.ec\/imancero\/wp-json\/wp\/v2\/users\/9991"}],"replies":[{"embeddable":true,"href":"https:\/\/blog.espol.edu.ec\/imancero\/wp-json\/wp\/v2\/comments?post=117"}],"version-history":[{"count":7,"href":"https:\/\/blog.espol.edu.ec\/imancero\/wp-json\/wp\/v2\/pages\/117\/revisions"}],"predecessor-version":[{"id":221,"href":"https:\/\/blog.espol.edu.ec\/imancero\/wp-json\/wp\/v2\/pages\/117\/revisions\/221"}],"up":[{"embeddable":true,"href":"https:\/\/blog.espol.edu.ec\/imancero\/wp-json\/wp\/v2\/pages\/81"}],"wp:attachment":[{"href":"https:\/\/blog.espol.edu.ec\/imancero\/wp-json\/wp\/v2\/media?parent=117"}],"curies":[{"name":"wp","href":"https:\/\/api.w.org\/{rel}","templated":true}]}}