{"id":126,"date":"2020-05-05T12:41:01","date_gmt":"2020-05-05T12:41:01","guid":{"rendered":"http:\/\/blog.espol.edu.ec\/imancero\/?page_id=126"},"modified":"2025-04-18T04:52:02","modified_gmt":"2025-04-18T09:52:02","slug":"126-2","status":"publish","type":"page","link":"https:\/\/blog.espol.edu.ec\/imancero\/teaching\/126-2\/","title":{"rendered":""},"content":{"rendered":"<strong><span style=\"color: #0693e3\">\u00c1lgebra Lineal <\/span><\/strong><span style=\"color: #0693e3\">(ICM00604 \/ MATG1003 \/ MATG1049)<\/span>\r\n\r\n<!-- \/wp:post-content -->\r\n\r\n<!-- wp:media-text {\"mediaId\":152,\"mediaLink\":\"http:\/\/localhost:8888\/imancero\/teaching\/alge\/img_2318\/\",\"mediaType\":\"image\",\"mediaWidth\":44,\"verticalAlignment\":\"top\"} -->\r\n<div class=\"wp-block-media-text alignwide is-stacked-on-mobile is-vertically-aligned-top\">\r\n<figure class=\"wp-block-media-text__media\"><img loading=\"lazy\" decoding=\"async\" class=\"alignnone wp-image-135\" src=\"http:\/\/blog.espol.edu.ec\/imancero\/files\/2020\/05\/al1.jpg\" alt=\"\" width=\"226\" height=\"158\" srcset=\"https:\/\/blog.espol.edu.ec\/imancero\/files\/2020\/05\/al1.jpg 1024w, https:\/\/blog.espol.edu.ec\/imancero\/files\/2020\/05\/al1-300x210.jpg 300w, https:\/\/blog.espol.edu.ec\/imancero\/files\/2020\/05\/al1-768x538.jpg 768w\" sizes=\"auto, (max-width: 226px) 100vw, 226px\" \/><\/figure>\r\n<\/div>\r\n<strong><span style=\"color: #0693e3\"><span class=\"has-inline-color has-vivid-cyan-blue-color\">Videos de las cl\u00e1ses pr\u00e1cticas, y sesiones sobre demostraciones: <\/span><\/span><\/strong>\r\n\r\nLista reproducci\u00f3n de Youtube sugerida, con las clases de \u00c1lgebra Lineal correspondientes a un semestre regular de ESPOL:\r\n<ul>\r\n \t<li>Clases de ejercicios: <a href=\"https:\/\/www.youtube.com\/playlist?list=PLT9iRRUL7nFoII75UE4botk1C741_W0IU\">https:\/\/www.youtube.com\/playlist?list=PLT9iRRUL7nFoII75UE4botk1C741_W0IU<\/a><\/li>\r\n \t<li>Demostraciones y argumentaci\u00f3n: <a href=\"https:\/\/www.youtube.com\/playlist?list=PLT9iRRUL7nFoAD9smNGKlTh_BqkJdd83T\">https:\/\/www.youtube.com\/playlist?list=PLT9iRRUL7nFoAD9smNGKlTh_BqkJdd83T<\/a><\/li>\r\n<\/ul>\r\n<strong><span class=\"has-inline-color has-vivid-cyan-blue-color\" style=\"color: #0693e3\">Ejercicios propuestos \/ Trabajos aut\u00f3nomos:<\/span><\/strong>\r\n\r\n<!-- \/wp:media-text -->\r\n\r\n<!-- wp:list -->\r\n<ul>\r\n \t<li>TA1: Sistemas de ecuaciones lineales, matrices, determinantes (<a href=\"http:\/\/blog.espol.edu.ec\/imancero\/files\/2020\/05\/MATG1003-S02-TA01.pdf\">descarga<\/a>)<\/li>\r\n \t<li>TA2: Espacios vectoriales, campos escalares (<a href=\"http:\/\/blog.espol.edu.ec\/imancero\/files\/2020\/05\/MATG1003-S02-TA02.pdf\">descarga<\/a>)<\/li>\r\n \t<li>TA3: Subespacios (<a href=\"http:\/\/blog.espol.edu.ec\/imancero\/files\/2020\/05\/MATG1003-S02-TA03.pdf\">descarga<\/a>)<\/li>\r\n \t<li>TA4: Generaci\u00f3n e independencia lineal (<a href=\"http:\/\/blog.espol.edu.ec\/imancero\/files\/2020\/05\/MATG1003-S02-TA04.pdf\">descarga<\/a>)<\/li>\r\n \t<li>TA5: Bases y dimensi\u00f3n (<a href=\"http:\/\/blog.espol.edu.ec\/imancero\/files\/2020\/05\/MATG1003-S02-TA05.pdf\">descarga<\/a>)<\/li>\r\n \t<li>TA6: Operaciones entre subespacios (<a href=\"http:\/\/blog.espol.edu.ec\/imancero\/files\/2020\/05\/MATG1003-S02-TA06.pdf\">descarga<\/a>)<\/li>\r\n \t<li>TA7: Coordenadas y cambio de base (<a href=\"http:\/\/blog.espol.edu.ec\/imancero\/files\/2020\/05\/MATG1003-S02-TA07.pdf\">descarga<\/a>)<\/li>\r\n \t<li>TA8: Espacios asociados a una matriz (<a href=\"http:\/\/blog.espol.edu.ec\/imancero\/files\/2020\/05\/MATG1003-S02-TA08.pdf\">descarga<\/a>)<\/li>\r\n \t<li>TA9: Transformaciones lineales - parte 1 (<a href=\"http:\/\/blog.espol.edu.ec\/imancero\/files\/2020\/05\/MATG1003-S02-TA09.pdf\">descarga<\/a>)<\/li>\r\n \t<li>TA10: Transformaciones lineales - parte 2 (<a href=\"http:\/\/blog.espol.edu.ec\/imancero\/files\/2020\/05\/MATG1003-S02-TA10.pdf\">descarga<\/a>)<\/li>\r\n \t<li>TA11: Producto interno (<a href=\"http:\/\/blog.espol.edu.ec\/imancero\/files\/2020\/05\/MATG1003-S02-TA11.pdf\">descarga<\/a>)<\/li>\r\n \t<li>TA12: Vectores caracter\u00edsticos, diagonalizaci\u00f3n (<a href=\"http:\/\/blog.espol.edu.ec\/imancero\/files\/2020\/05\/MATG1003-S02-TA12_all.pdf\">descarga<\/a>)<\/li>\r\n<\/ul>\r\n<strong><span style=\"color: #0693e3\">Tutoriales:<\/span><\/strong>\r\n\r\n<!-- \/wp:list -->\r\n\r\n<!-- wp:paragraph -->\r\n\r\n<!-- \/wp:paragraph -->\r\n\r\n<!-- wp:list -->\r\n<ul>\r\n \t<li>Sistemas de ecuaciones lineales (<a href=\"http:\/\/blog.espol.edu.ec\/matg1049\/cl1-02-sistema-de-ecuaciones-lineales\/\">enlace<\/a>)<\/li>\r\n \t<li>Construcci\u00f3n de matrices de transformaci\u00f3n (<a href=\"http:\/\/blog.espol.edu.ec\/matg1049\/cl3-04-matriz-asociada-a-un-transformacion\/\">enlace<\/a>)<\/li>\r\n \t<li>Construcci\u00f3n de transformaciones lineales (enlace)<\/li>\r\n \t<li>Secciones c\u00f3nicas (<a href=\"http:\/\/blog.espol.edu.ec\/imancero\/files\/2025\/04\/AL_Formas_cuadraticas.pdf\">enlace<\/a>)<\/li>\r\n<\/ul>\r\n<!-- \/wp:list -->\r\n\r\n<!-- wp:image {\"align\":\"center\",\"id\":176,\"width\":332,\"height\":154,\"sizeSlug\":\"large\"} -->\r\n<div class=\"wp-block-image\">\r\n<figure class=\"aligncenter size-large is-resized\"><img loading=\"lazy\" decoding=\"async\" class=\"alignnone wp-image-134\" src=\"http:\/\/blog.espol.edu.ec\/imancero\/files\/2020\/05\/al2.jpg\" alt=\"\" width=\"326\" height=\"151\" srcset=\"https:\/\/blog.espol.edu.ec\/imancero\/files\/2020\/05\/al2.jpg 680w, https:\/\/blog.espol.edu.ec\/imancero\/files\/2020\/05\/al2-300x139.jpg 300w\" sizes=\"auto, (max-width: 326px) 100vw, 326px\" \/><\/figure>\r\n&nbsp;\r\n\r\n<strong><span style=\"color: #0693e3\">Proyectos:<\/span><\/strong>\r\n\r\n<\/div>\r\n<!-- \/wp:image -->\r\n\r\n<!-- wp:paragraph -->\r\n\r\n<!-- \/wp:paragraph -->\r\n\r\n<!-- wp:list -->\r\n<ul>\r\n \t<li>Modelo de reporte (<a href=\"http:\/\/blog.espol.edu.ec\/imancero\/files\/2023\/08\/ModeloReporteAL_v.4.docx\">descarga<\/a>)<\/li>\r\n \t<li>R\u00fabrica (<a href=\"http:\/\/blog.espol.edu.ec\/imancero\/files\/2020\/05\/Rubrica_ReporteAL.docx\">descarga<\/a>)<\/li>\r\n \t<li>Lista de proyectos<\/li>\r\n<\/ul>\r\n<p style=\"padding-left: 60px\"><strong><span style=\"color: #0693e3\">Aproximaci\u00f3n por m\u00ednimos cuadrados<\/span><\/strong>: Descarga el <a href=\"http:\/\/blog.espol.edu.ec\/imancero\/files\/2020\/08\/Proyectos_RegresionMM.pdf\">Archivo general<\/a>, y luego los del particular tema de estudio:<\/p>\r\n\r\n<ul>\r\n \t<li>Aeron\u00e1utica: <a href=\"http:\/\/blog.espol.edu.ec\/imancero\/files\/2020\/08\/Caso_de_Estudio_GRUPO1.pdf\">Descripci\u00f3n<\/a> del caso de estudio. <a href=\"http:\/\/blog.espol.edu.ec\/imancero\/files\/2020\/08\/Proyecto2020_Grupo1_Datos.xlsx\">Archivo de datos<\/a><\/li>\r\n \t<li>Biolog\u00eda: <a href=\"http:\/\/blog.espol.edu.ec\/imancero\/files\/2020\/08\/Caso_de_Estudio_GRUPO2.pdf\">Descripci\u00f3n<\/a> del caso de estudio. <a href=\"http:\/\/blog.espol.edu.ec\/imancero\/files\/2020\/08\/Proyecto2020_Grupo2_Datos.xlsx\">Archivo de datos<\/a><\/li>\r\n \t<li>Oceanograf\u00eda: <a href=\"http:\/\/blog.espol.edu.ec\/imancero\/files\/2020\/08\/Caso_de_Estudio_GRUPO3.pdf\">Descripci\u00f3n<\/a> del caso de estudio. <a href=\"http:\/\/blog.espol.edu.ec\/imancero\/files\/2020\/08\/Proyecto2020_Grupo3_Datos.xls\">Archivo de datos<\/a><\/li>\r\n \t<li>Meteorolog\u00eda: <a href=\"http:\/\/blog.espol.edu.ec\/imancero\/files\/2020\/08\/Caso_de_Estudio_GRUPO4.pdf\">Descripci\u00f3n<\/a> del caso de estudio. <a href=\"http:\/\/blog.espol.edu.ec\/imancero\/files\/2020\/08\/Proyecto2020_Grupo4_Datos.xlsx\">Archivo de datos<\/a><\/li>\r\n \t<li>Ecolog\u00eda: <a href=\"http:\/\/blog.espol.edu.ec\/imancero\/files\/2020\/08\/Caso_de_Estudio_GRUPO5.pdf\">Descripci\u00f3n<\/a> del caso de estudio. <a href=\"http:\/\/blog.espol.edu.ec\/imancero\/files\/2020\/08\/Proyecto2020_Grupo5_Datos.xls\">Archivo de datos<\/a><\/li>\r\n \t<li>Econom\u00eda: <a href=\"http:\/\/blog.espol.edu.ec\/imancero\/files\/2020\/08\/Caso_de_Estudio_GRUPO6.pdf\">Descripci\u00f3n<\/a> del caso de estudio. <a href=\"http:\/\/blog.espol.edu.ec\/imancero\/files\/2020\/08\/Proyecto2020_Grupo6_Datos.xlsx\">Archivo de datos<\/a><\/li>\r\n \t<li>Agronom\u00eda: <a href=\"http:\/\/blog.espol.edu.ec\/imancero\/files\/2020\/08\/Caso_de_Estudio_GRUPO7.pdf\">Descripci\u00f3n<\/a> del caso de estudio. <a href=\"http:\/\/blog.espol.edu.ec\/imancero\/files\/2020\/08\/Proyecto2020_Grupo7_Datos.xlsx\">Archivo de datos<\/a><\/li>\r\n<\/ul>\r\n<p style=\"padding-left: 60px\"><strong><span style=\"color: #0693e3\">Cadenas de Markov<\/span><\/strong>: Descarga el <a href=\"http:\/\/blog.espol.edu.ec\/imancero\/files\/2020\/08\/Proyecto_MARKOV_MM.pdf\">Archivo general<\/a>, y luego los del particular tema de estudio:<\/p>\r\n\r\n<ul>\r\n \t<li>Difusi\u00f3n molecular: <a href=\"http:\/\/blog.espol.edu.ec\/imancero\/files\/2020\/08\/Caso_de_EstudioGRUPO1.pdf\">Descripci\u00f3n<\/a> del caso de estudio.<\/li>\r\n \t<li>El precio del petr\u00f3leo: <a href=\"http:\/\/blog.espol.edu.ec\/imancero\/files\/2020\/08\/Caso_de_EstudioGRUPO2.pdf\">Descripci\u00f3n<\/a> del caso de estudio.<\/li>\r\n \t<li>El algoritmo de Google(TM): <a href=\"http:\/\/blog.espol.edu.ec\/imancero\/files\/2020\/08\/Caso_de_EstudioGRUPO3.pdf\">Descripci\u00f3n<\/a> del caso de estudio.<\/li>\r\n \t<li>Participaci\u00f3n de mercados: <a href=\"http:\/\/blog.espol.edu.ec\/imancero\/files\/2020\/08\/Caso_de_EstudioGRUPO4.pdf\">Descripci\u00f3n<\/a> del caso de estudio.<\/li>\r\n \t<li>Log\u00edstica de bibliotecas: <a href=\"http:\/\/blog.espol.edu.ec\/imancero\/files\/2020\/08\/Caso_de_EstudioGRUPO5.pdf\">Descripci\u00f3n<\/a> del caso de estudio.<\/li>\r\n<\/ul>\r\n<p style=\"padding-left: 60px\"><strong><span style=\"color: #0693e3\">Series de Fourier<\/span><\/strong>: Descarga el <a href=\"http:\/\/blog.espol.edu.ec\/imancero\/files\/2021\/08\/FuncionesOrtogonales_SeriesdeFourier_AureaMartinez.pdf\">archivo de referencia<\/a> general, y luego los de cada grupo de trabajo:<\/p>\r\n\r\n<ul>\r\n \t<li>Grupo 1: <a href=\"http:\/\/blog.espol.edu.ec\/imancero\/files\/2021\/08\/Proyecto_Fourier_Grupo1.pdf\">archivo gu\u00eda<\/a> y entregables<\/li>\r\n \t<li>Grupo 2: <a href=\"http:\/\/blog.espol.edu.ec\/imancero\/files\/2021\/08\/Proyecto_Fourier_Grupo2.pdf\">archivo gu\u00eda<\/a> y entregables<\/li>\r\n \t<li>Grupo 3: <a href=\"http:\/\/blog.espol.edu.ec\/imancero\/files\/2021\/08\/Proyecto_Fourier_Grupo3.pdf\">archivo gu\u00eda<\/a> y entregables<\/li>\r\n \t<li>Grupo 4: <a href=\"http:\/\/blog.espol.edu.ec\/imancero\/files\/2021\/08\/Proyecto_Fourier_Grupo4.pdf\">archivo gu\u00eda<\/a> y entregables<\/li>\r\n<\/ul>\r\n<p style=\"padding-left: 60px\"><strong><span style=\"color: #0693e3\">An\u00e1lisis Arm\u00f3nico<\/span><\/strong>: Relacionado al tema de Series de Fourier. Descarga el <a href=\"http:\/\/blog.espol.edu.ec\/imancero\/files\/2021\/08\/Proyecto_AnalisisArmonico.pdf\">archivo gu\u00eda<\/a> general, el archivo del <a href=\"http:\/\/blog.espol.edu.ec\/imancero\/files\/2021\/08\/Caso-de-Estudio_AnalisisArmonico.pdf\">caso de estudio<\/a> general, y luego los archivos de datos de cada grupo de trabajo:<\/p>\r\n\r\n<ul>\r\n \t<li>Grupo 1: <a href=\"http:\/\/blog.espol.edu.ec\/imancero\/files\/2021\/08\/AA_LIDO0504_grupo1.xlsx\">Archivo de datos<\/a> de marea (corrientes marinas), abril de 2005<\/li>\r\n \t<li>Grupo 2: <a href=\"http:\/\/blog.espol.edu.ec\/imancero\/files\/2021\/08\/AA_LIDO0505_grupo2.xlsx\">Archivo de datos<\/a> de marea (corrientes marinas), mayo de 2005<\/li>\r\n \t<li>Grupo 3: <a href=\"http:\/\/blog.espol.edu.ec\/imancero\/files\/2021\/08\/AA_LIDO0511_grupo3.xlsx\">Archivo de datos<\/a> de marea (corrientes marinas), noviembre de 2005<\/li>\r\n<\/ul>\r\n<p style=\"padding-left: 60px\">(Antiguo <a href=\"http:\/\/blog.espol.edu.ec\/matg1049\/Proyectos-2019-2020\/\">enlace<\/a> de proyectos \u2013 desactualizado)<\/p>\r\n&nbsp;\r\n\r\n<strong><span style=\"color: #0693e3\">Ejercicios resueltos <\/span><\/strong><span style=\"color: #0693e3\">(preprints)<\/span>\r\n\r\n<!-- \/wp:list -->\r\n\r\n<!-- wp:paragraph -->\r\n\r\n<!-- \/wp:paragraph -->\r\n\r\n<!-- wp:media-text {\"mediaId\":183,\"mediaType\":\"image\",\"mediaWidth\":31} -->\r\n<div class=\"wp-block-media-text alignwide is-stacked-on-mobile\">\r\n<div class=\"wp-block-media-text__content\">\r\n\r\n<img loading=\"lazy\" decoding=\"async\" class=\"alignleft wp-image-133\" src=\"http:\/\/blog.espol.edu.ec\/imancero\/files\/2020\/05\/al3.jpg\" alt=\"\" width=\"133\" height=\"133\" srcset=\"https:\/\/blog.espol.edu.ec\/imancero\/files\/2020\/05\/al3.jpg 1024w, https:\/\/blog.espol.edu.ec\/imancero\/files\/2020\/05\/al3-150x150.jpg 150w, https:\/\/blog.espol.edu.ec\/imancero\/files\/2020\/05\/al3-300x300.jpg 300w, https:\/\/blog.espol.edu.ec\/imancero\/files\/2020\/05\/al3-768x768.jpg 768w, https:\/\/blog.espol.edu.ec\/imancero\/files\/2020\/05\/al3-50x50.jpg 50w, https:\/\/blog.espol.edu.ec\/imancero\/files\/2020\/05\/al3-80x80.jpg 80w\" sizes=\"auto, (max-width: 133px) 100vw, 133px\" \/> Estos ejercicios se incluir\u00e1n en un documento m\u00e1s completo aun en preparaci\u00f3n.\r\n<ul>\r\n \t<li>Primera Evaluaci\u00f3n (<a href=\"http:\/\/blog.espol.edu.ec\/imancero\/files\/2020\/05\/SolvedAlgebra_1P.pdf\">descarga<\/a>)<\/li>\r\n \t<li>Segunda Evaluaci\u00f3n (<a href=\"http:\/\/blog.espol.edu.ec\/imancero\/files\/2020\/05\/SolvedAlgebra_2P.pdf\">descarga<\/a>)<\/li>\r\n<\/ul>\r\n<\/div>\r\n<\/div>\r\n<strong><span style=\"color: #0693e3\">Mis cursos anteriores:<\/span><\/strong>\r\n<ul>\r\n \t<li>T\u00e9rmino 2015 IS P5, P7<\/li>\r\n \t<li>T\u00e9rmino 2015 IIS P4, P13, P14<\/li>\r\n \t<li>T\u00e9rmino 2016 IIS P1, P2, P8, P13, P14<\/li>\r\n \t<li>T\u00e9rmino 2017 IS P1, P4, P7, P9, P12, P15<\/li>\r\n \t<li>T\u00e9rmino 2017 IIS P5, P9, P10, P13, P15, P17, P18, P19, P21<\/li>\r\n \t<li>T\u00e9rmino 2018 IS P2, P4, P10, P11, P18<\/li>\r\n \t<li>T\u00e9rmino 2018 IIS P2, P4, P10, P11, P18<\/li>\r\n \t<li>T\u00e9rmino 2019 IS P10, P12, P13, P14<\/li>\r\n \t<li>T\u00e9rmino 2019 IIS P1, P2, P6, P9, P20<\/li>\r\n \t<li>T\u00e9rmino 2020 IS P6, P7, P9, P10, P11<\/li>\r\n \t<li>T\u00e9rmino 2020 IIS P6, P7, P8, P9, P10<\/li>\r\n \t<li>T\u00e9rmino 2021 IS P5, P6, P9, P10<\/li>\r\n \t<li>T\u00e9rmino 2021 IIS P3, P5, P7, P9<\/li>\r\n \t<li>T\u00e9rmino 2022 IS P6, P7<\/li>\r\n \t<li>T\u00e9rmino 2022 IIS P6, P7, P10<\/li>\r\n \t<li>T\u00e9rmino 2023 IS P2, P4<\/li>\r\n \t<li>T\u00e9rmino 2023 IIS P4, P5, P8<\/li>\r\n \t<li><\/li>\r\n<\/ul>\r\n&nbsp;\r\n\r\n&nbsp;\r\n\r\n<!-- \/wp:media-text -->\r\n\r\n","protected":false},"excerpt":{"rendered":"<p>\u00c1lgebra Lineal (ICM00604 \/ MATG1003 \/ MATG1049) Videos de las cl\u00e1ses pr\u00e1cticas, y sesiones sobre demostraciones: Lista reproducci\u00f3n de Youtube sugerida, con las clases de \u00c1lgebra Lineal correspondientes a un semestre regular de ESPOL: Clases de ejercicios: https:\/\/www.youtube.com\/playlist?list=PLT9iRRUL7nFoII75UE4botk1C741_W0IU Demostraciones y argumentaci\u00f3n: https:\/\/www.youtube.com\/playlist?list=PLT9iRRUL7nFoAD9smNGKlTh_BqkJdd83T Ejercicios propuestos \/ Trabajos aut\u00f3nomos: TA1: Sistemas de ecuaciones lineales, matrices, determinantes (descarga) [&hellip;]<\/p>\n","protected":false},"author":9991,"featured_media":0,"parent":81,"menu_order":0,"comment_status":"closed","ping_status":"closed","template":"","meta":{"_monsterinsights_skip_tracking":false,"_monsterinsights_sitenote_active":false,"_monsterinsights_sitenote_note":"","_monsterinsights_sitenote_category":0,"footnotes":""},"class_list":["post-126","page","type-page","status-publish","hentry"],"_links":{"self":[{"href":"https:\/\/blog.espol.edu.ec\/imancero\/wp-json\/wp\/v2\/pages\/126","targetHints":{"allow":["GET"]}}],"collection":[{"href":"https:\/\/blog.espol.edu.ec\/imancero\/wp-json\/wp\/v2\/pages"}],"about":[{"href":"https:\/\/blog.espol.edu.ec\/imancero\/wp-json\/wp\/v2\/types\/page"}],"author":[{"embeddable":true,"href":"https:\/\/blog.espol.edu.ec\/imancero\/wp-json\/wp\/v2\/users\/9991"}],"replies":[{"embeddable":true,"href":"https:\/\/blog.espol.edu.ec\/imancero\/wp-json\/wp\/v2\/comments?post=126"}],"version-history":[{"count":36,"href":"https:\/\/blog.espol.edu.ec\/imancero\/wp-json\/wp\/v2\/pages\/126\/revisions"}],"predecessor-version":[{"id":550,"href":"https:\/\/blog.espol.edu.ec\/imancero\/wp-json\/wp\/v2\/pages\/126\/revisions\/550"}],"up":[{"embeddable":true,"href":"https:\/\/blog.espol.edu.ec\/imancero\/wp-json\/wp\/v2\/pages\/81"}],"wp:attachment":[{"href":"https:\/\/blog.espol.edu.ec\/imancero\/wp-json\/wp\/v2\/media?parent=126"}],"curies":[{"name":"wp","href":"https:\/\/api.w.org\/{rel}","templated":true}]}}