{"id":162,"date":"2020-05-05T13:53:30","date_gmt":"2020-05-05T13:53:30","guid":{"rendered":"http:\/\/blog.espol.edu.ec\/imancero\/?page_id=162"},"modified":"2020-05-05T14:26:59","modified_gmt":"2020-05-05T14:26:59","slug":"publications","status":"publish","type":"page","link":"https:\/\/blog.espol.edu.ec\/imancero\/research\/publications\/","title":{"rendered":"Publications"},"content":{"rendered":"<strong><span style=\"color: #cf2e2e\">Articles in international journals:<\/span><\/strong>\r\n<ul>\r\n \t<li>M. Bensi, A. Rubino, V. Cardin, D. Hainbucher, <strong>I. Mancero Mosquera<\/strong>, \u201cStructure and variability of the abyssal water masses in the Ionian Sea in the period 2003-2010\u201d, en <em>Journal of Geophysical Research<\/em>, Vol. 118, American Geophysical Union 2013, pp. 1-13.<\/li>\r\n \t<li><strong>I. Mancero Mosquera<\/strong>, M. Ga\u010di\u0107 and A. Mazzoldi, \u201cThe effect of wind on the residual current velocities in the inlets of venice lagoon\u201d, en <em>Continental Shelf Research<\/em>, Vol. 30, n. 8, Elsevier 2010, pp. 915-923.<\/li>\r\n \t<li>M. Ga\u010di\u0107,\u00a0 V. Kova\u010devi\u0107, S. Cosoli, A. Mazzoldi,\u00a0 J. D. Paduan, <strong>I. Mancero-Mosquera<\/strong>, S. Yari, \u201cSurface current patterns in front of the Venice Lagoon\u201d, en <em>Estuarine, Coastal and Shelf Science<\/em>, Volume 82, Issue 3, Elsevier 2009, pp. 485-494.<\/li>\r\n \t<li><strong>I. Mancero Mosquera<\/strong>, M. Ga\u010di\u0107, V. Kova\u010devi\u0107, A. Mazzoldi, F. Arena, \u201cWavelet analysis of non-tidal variability at the inlets of Venice lagoon\u201d, en <em>Integrated Coastal Area Management (ICAM) Series<\/em>, Dossier n. 3, UNESCO 2005.<\/li>\r\n \t<li>S. Cosoli, A. Mazzoldi, M. Ga\u010di\u0107, V. Kova\u010devi\u0107, <strong>I. Mancero Mosquera<\/strong>, V. Cardin, F. Arena, \u201cThe Venice Lagoon:\u00a0 Non Tidal Circulation Patterns Influenced by Scirocco and Bora Wind\u201d, en <em>Integrated Coastal Area Management (ICAM) Series<\/em>, Dossier N\u00b03. UNESCO 2005.<\/li>\r\n \t<li>V. Kova\u010devi\u0107, M. Ga\u010di\u0107, <strong>I. Mancero Mosquera<\/strong>, A. Mazzoldi, S. Marinetti, \u201cHF radar observations in the northern Adriatic: surface current field in front of the Venetian lagoon\u201d, en <em>Journal of Marine Systems<\/em>, Vol. 51, Elsevier 2004, pp. 95-122.<\/li>\r\n \t<li>M. Ga\u010di\u0107, <strong>I. Mancero Mosquera<\/strong>, V. Kova\u010devi\u0107, A. Mazzoldi, V. Cardin, F. Arena, G. Gelsi, \u201cTemporal variations of water flow between the Venetian lagoon and the open sea\u201d, en <em>Journal of Marine Systems<\/em>, Vol. 51, Elsevier 2004, pp 33-47.<\/li>\r\n \t<li>M. Ga\u010di\u0107, V. Kova\u010devi\u0107, A. Mazzoldi, <strong>I. Mancero Mosquera<\/strong>, J. Paduan, F. Arena, G. Gelsi, G. Arcari, \u201cMeasuring water exchange between the Venetian lagoon and the open sea\u201d, en <em>EOS Transactions<\/em>, Vol. 83, n. 20, American Geophysical Union 2002, pp. 217, 221-222.<\/li>\r\n<\/ul>\r\n<!-- \/wp:post-content -->\r\n\r\n<!-- wp:paragraph -->\r\n\r\n<strong><span class=\"has-inline-color has-vivid-red-color\" style=\"color: #cf2e2e\">Book chapters and contributing articles:<\/span><\/strong>\r\n\r\n<!-- \/wp:paragraph -->\r\n\r\n<!-- wp:list -->\r\n<ul>\r\n \t<li><strong>I. Mancero Mosquera<\/strong>, M. Ga\u010di\u0107, V. Kova\u010devi\u0107, A. Mazzoldi, S. Cosoli, J. D. Paduan, S. Yari, \u201cSurface current patterns in front of the Venetian lagoon and their variability at different wind regimes\u201d en <em>Scientific Research and Safeguarding of Venice<\/em>, Vol. 6, Istituto Veneto di Scienze, Lettere ed Arti, Venezia 2007, pp. 441-451.<\/li>\r\n \t<li>V. Kova\u010devi\u0107, V. Defendi, F. Arena, M. Ga\u010di\u0107, <strong>I. Mancero Mosquera<\/strong>, L. Zaggia, S. Don\u00e0, F. Costa, F. Simionato, A. Mazzoldi, \u201cWater and solid transport estimates through the Venetian lagoon inlets using Acoustic Doppler Current Profilers\u201d en <em>Scientific Research and Safeguarding of Venice<\/em>, Vol. 6, Istituto Veneto di Scienze, Lettere ed Arti, Venezia 2007, pp. 423-440.<\/li>\r\n \t<li><strong>I. Mancero Mosquera<\/strong>, M. Ga\u010di\u0107, A. Mazzoldi, \u201cAssessing long-term changes in the kinematics of inlets of the Venetian lagoon\u201d en <em>Scientific Research and Safeguarding of Venice<\/em>, Vol. 4, Istituto Veneto di Scienze, Lettere ed Arti, Venezia 2005, pp. 403-413.<\/li>\r\n \t<li>M. Ga\u010di\u0107, A. Mazzoldi, V. Kova\u010devi\u0107, S. Cosoli, <strong>I. Mancero Mosquera<\/strong>, F. Arena, V. Cardin, \u201cWater fluxes in Venice Lagoon inlets and coastal circulation\u201d en <em>Scientific Research and Safeguarding of Venice<\/em> a cura di P. Campostrini, Istituto Veneto di Scienze, Lettere ed Arti, Venezia 2005, pp. 311-321.<\/li>\r\n \t<li>M. Ga\u010di\u0107, V. Kova\u010devi\u0107, <strong>I. Mancero Mosquera<\/strong>, A. Mazzoldi, S. Cosoli, \u201cWater fluxes between the Venice lagoon and the Adriatic sea\u201d en <em>Flooding and Environmental Challenges for Venice and its Lagoon: State of Knowledge<\/em> a cura di C. A. Fletcher, T. Spencer, Cambridge University Press, Cambridge 2005, pp. 431-444.<\/li>\r\n \t<li>J. D. Paduan, M. Ga\u010di\u0107, V. Kova\u010devi\u0107, <strong>I. Mancero Mosquera<\/strong>, A. Mazzoldi, \u201cVorticity Patterns Offshore of the Venetian Lagoon from HF Radar Observations\u201d en <em>Scientific Research and Safeguarding of Venice<\/em> a cura di P. Campostrini, Istituto Veneto di Scienze, Lettere ed Arti, Venezia 2004, pp. 361-373.<\/li>\r\n \t<li>S. Cosoli, A. Mazzoldi, M. Ga\u010di\u0107, V. Kova\u010devi\u0107, <strong>I. Mancero Mosquera<\/strong>, V. Cardin, F. Arena, \u201cNon-tidal Response in Inlet Fluxes of the Venice Lagoon\u201d en <em>Scientific Research and Safeguarding of Venice<\/em> a cura di P. Campostrini, Istituto Veneto di Scienze, Lettere ed Arti, Venezia 2004, pp. 373-387.<\/li>\r\n \t<li>M. Ga\u010di\u0107, A. Mazzoldi, V. Kova\u010devi\u0107, F. Arena, <strong>I. Mancero Mosquera<\/strong>, G. Gelsi, G. Arcari, \u201cAnalysis of current measurements in inlets of the Venetian Lagoon\u201d en <em>Scientific Research and Safeguarding of Venice<\/em> a cura di P. Campostrini, Istituto Veneto di Scienze, Lettere ed Arti, Venezia 2002, pp. 489-498.<\/li>\r\n \t<li>V. Kovacevic, M. Gacic, A. Mazzoldi, <strong>I. Mancero Mosquera<\/strong>, S. Marinetti, \u201cCurrent Structure in front of the Lagoon of Venice as derived from the Coastal HF Radar Data\u201d en <em>Scientific Research and Safeguarding of Venice<\/em> a cura di P. Campostrini, Istituto Veneto di Scienze, Lettere ed Arti, Venezia 2002, pp. 477-487.<\/li>\r\n<\/ul>\r\n<!-- \/wp:list -->\r\n\r\n<!-- wp:paragraph -->\r\n\r\n<strong><span class=\"has-inline-color has-vivid-red-color\" style=\"color: #cf2e2e\">Italian scientific bulletins:<\/span><\/strong>\r\n\r\n<!-- \/wp:paragraph -->\r\n\r\n<!-- wp:list -->\r\n<ul>\r\n \t<li><strong>I. Mancero Mosquera<\/strong>, \u201cWater flow in the inlets of the Marano-Grado lagoon system (NE Italy)\u201d, en <em>Il Nuovo Cimento<\/em>, Vol. 36 C, n. 4, Societ\u00e0 Italiana di Fisica 2013, pp. 133-142.<\/li>\r\n \t<li><strong>I. Mancero Mosquera<\/strong>, M. Ga\u010di\u0107 and A. Mazzoldi, \u201cLong-term changes in the kinematics of inlets of the Venetian lagoon (NE Italy)\u201d, en <em>Il Nuovo Cimento<\/em>, Vol. 30 C, n. 2, Societ\u00e0 Italiana di Fisica 2007, pp. 149-156.<\/li>\r\n<\/ul>\r\n<!-- \/wp:list -->\r\n\r\n<!-- wp:paragraph -->\r\n\r\n<strong><span class=\"has-inline-color has-vivid-red-color\" style=\"color: #cf2e2e\">Ecuadorian scientific bulletins:<\/span><\/strong>\r\n<ul>\r\n \t<li><strong>I. Mancero Mosquera, <\/strong>X. Ochoa Chehab, \u201cAn\u00e1lisis de Fourier y Wavelet de las series de tiempo de la estaci\u00f3n meteorol\u00f3gica de Espol-Fimcbor\u201d, en <em>Revista Tecnol\u00f3gica Espol- RTE<\/em>, Vol. 28, N. 2, ESPOL 2015, pp. 34-50.<\/li>\r\n<\/ul>\r\n<!-- \/wp:paragraph -->\r\n\r\n<!-- wp:list -->\r\n\r\n<!-- \/wp:list -->\r\n\r\n<!-- wp:paragraph -->\r\n\r\n<!-- \/wp:paragraph -->","protected":false},"excerpt":{"rendered":"<p>Articles in international journals: M. Bensi, A. Rubino, V. Cardin, D. Hainbucher, I. Mancero Mosquera, \u201cStructure and variability of the abyssal water masses in the Ionian Sea in the period 2003-2010\u201d, en Journal of Geophysical Research, Vol. 118, American Geophysical Union 2013, pp. 1-13. I. Mancero Mosquera, M. Ga\u010di\u0107 and A. Mazzoldi, \u201cThe effect of [&hellip;]<\/p>\n","protected":false},"author":9991,"featured_media":0,"parent":88,"menu_order":0,"comment_status":"closed","ping_status":"closed","template":"","meta":{"_monsterinsights_skip_tracking":false,"_monsterinsights_sitenote_active":false,"_monsterinsights_sitenote_note":"","_monsterinsights_sitenote_category":0,"footnotes":""},"class_list":["post-162","page","type-page","status-publish","hentry"],"_links":{"self":[{"href":"https:\/\/blog.espol.edu.ec\/imancero\/wp-json\/wp\/v2\/pages\/162","targetHints":{"allow":["GET"]}}],"collection":[{"href":"https:\/\/blog.espol.edu.ec\/imancero\/wp-json\/wp\/v2\/pages"}],"about":[{"href":"https:\/\/blog.espol.edu.ec\/imancero\/wp-json\/wp\/v2\/types\/page"}],"author":[{"embeddable":true,"href":"https:\/\/blog.espol.edu.ec\/imancero\/wp-json\/wp\/v2\/users\/9991"}],"replies":[{"embeddable":true,"href":"https:\/\/blog.espol.edu.ec\/imancero\/wp-json\/wp\/v2\/comments?post=162"}],"version-history":[{"count":17,"href":"https:\/\/blog.espol.edu.ec\/imancero\/wp-json\/wp\/v2\/pages\/162\/revisions"}],"predecessor-version":[{"id":187,"href":"https:\/\/blog.espol.edu.ec\/imancero\/wp-json\/wp\/v2\/pages\/162\/revisions\/187"}],"up":[{"embeddable":true,"href":"https:\/\/blog.espol.edu.ec\/imancero\/wp-json\/wp\/v2\/pages\/88"}],"wp:attachment":[{"href":"https:\/\/blog.espol.edu.ec\/imancero\/wp-json\/wp\/v2\/media?parent=162"}],"curies":[{"name":"wp","href":"https:\/\/api.w.org\/{rel}","templated":true}]}}