{"id":180,"date":"2020-05-05T14:19:56","date_gmt":"2020-05-05T14:19:56","guid":{"rendered":"http:\/\/blog.espol.edu.ec\/imancero\/?page_id=180"},"modified":"2020-05-05T14:28:00","modified_gmt":"2020-05-05T14:28:00","slug":"minor-publications","status":"publish","type":"page","link":"https:\/\/blog.espol.edu.ec\/imancero\/research\/minor-publications\/","title":{"rendered":"Minor publications"},"content":{"rendered":"\r\n\r\n<strong><span class=\"has-inline-color has-vivid-red-color\" style=\"color: #cf2e2e\">Abstracts, extended abstracts, conference memories:<\/span><\/strong>\r\n\r\n\r\n\r\n\r\n<ul class=\"wp-block-list\">\r\n \t<li><strong>I. Mancero Mosquera<\/strong>, V. Kova\u010devi\u0107, M. Lipizer, A. Triches, F. Arena, R. Villalta, G. Fontolan, \u201cAnalysis of the inlet currents of Grado-Marano lagoon system and comparison with the Venetian lagoon\u201d, en <em>40th Report of the Mediterranean Science Commission (CIESM)<\/em>, presidido por Su Alteza Seren\u00edsima Pr\u00edncipe Alberto II de M\u00f3naco; Marseille, Francia. Noviembre, 2013.<\/li>\r\n \t<li><strong>I. Mancero Mosquera<\/strong>, R. Gerin, E. Mauri, P-M. Poulain, \u201cWavelet Analysis of Glider Data\u201d, en el XXI Congreso de la Asociaci\u00f3n Italiana de Oceanograf\u00eda y Limnolog\u00eda (AIOL). Lignano, Italia. Septiembre, 2013.<\/li>\r\n \t<li><strong>I. Mancero Mosquera<\/strong>, R. Gerin, E. Mauri, P-M. Poulain, \u201cFrequency content in glider data\u201d, en <em>Geophysical Research Abstracts<\/em>, Vol. 15, EGU2013-6357-2, European Geophysical Union, Viena, Austria. Abril, 2013.<\/li>\r\n \t<li><strong>I. Mancero Mosquera<\/strong>, V. Kova\u010devi\u0107, M. Lipizer, R. Villalta, F. Arena, A. Triches, G. Fontolan, \u201cWater flow in the inlets of the Grado-Marano lagoon system, Northern Adriatic Sea\u201d, en el XCVIII Congreso Nacional de la Sociedad Italiana de F\u00edsica (SIF). Segundo Premio a la Mejor Exposici\u00f3n, secci\u00f3n F\u00edsica del Ambiente. N\u00e1poles. Septiembre, 2012.<\/li>\r\n \t<li><strong>I. Mancero Mosquera<\/strong>, M. Ga\u010di\u0107 and A. Mazzoldi, \u201cNorth Adriatic winds and the residual currents in the inlets of the Venice lagoon\u201d, en <em>39th Report of the Mediterranean Science Commission (CIESM)<\/em>, presidido por Su Alteza Seren\u00edsima Pr\u00edncipe Alberto II de M\u00f3naco; Venecia, Italia. Mayo, 2010.<\/li>\r\n \t<li>L. Ursella, V. Kova\u010devi\u0107, M. Ga\u010di\u0107, <strong>I. Mancero Mosquera<\/strong>, \u201cFootprints of mesoscale eddy passages in the Otranto strait (Adriatic sea)\u201d en <em>39th Report of the Mediterranean Science Commission (CIESM)<\/em>, presidido por Su Alteza Seren\u00edsima Pr\u00edncipe Alberto II de M\u00f3naco; Venecia, Italia. Mayo, 2010.<\/li>\r\n \t<li><strong>I. Mancero Mosquera<\/strong>, M. Ga\u010di\u0107, A. Mazzoldi, \u201cQuantifying The Effect of Bora Wind Conditions on the Currents Velocities at the Inlets of the Venetian Lagoon\u201d, en <em>Geophysical Research Abstracts<\/em>, Vol. 11, EGU2009-10306, European Geophysical Union, Viena, Austria. Abril, 2009.<\/li>\r\n \t<li><strong>I. Mancero Mosquera<\/strong>, M. Ga\u010di\u0107, A. Mazzoldi, \u201cEvaluating the impact of civil works on water flow in the inlets of the Venetian lagoon\u201d, en <em>38th Report of the Mediterranean Science Commission (CIESM)<\/em>, presidido por Su Alteza Seren\u00edsima Pr\u00edncipe Alberto II de M\u00f3naco; Estambul, Turqu\u00eda. Abril, 2007.<\/li>\r\n \t<li><strong>I. Mancero Mosquera<\/strong>, M. Ga\u010di\u0107, \u201cMeasuring of sea bottom subsidence: how wavelets can help\u201d, en <em>Geophysical Research Abstracts<\/em>, Vol. 8, EGU06-A-09070, European Geophysical Union, Viena, Austria. Abril, 2006.<\/li>\r\n \t<li>A. Kne\u017eevi\u0107, <strong>I. Mancero Mosquera<\/strong>, M. Ga\u010di\u0107, A. Mazzoldi, \u201cNon-linear features of non-tidal flow in the inlets of Venetian lagoon\u201d, en <em>Geophysical Research Abstracts<\/em>, Vol. 7, EGU05-A-10054, European Geophysical Union, Viena, Austria. Abril, 2005.<\/li>\r\n \t<li>V. Kova\u010devi\u0107, M. Ga\u010di\u0107, <strong>I. Mancero Mosquera<\/strong>, A. Mazzoldi, \u201cAssessment of the Inter-Annual Variability of the Surface Coastal Flow in Front of the Venetian Lagoon (North Adriatic Sea) by the HF Radar System\u201d, en <em>Geophysical Research Abstracts<\/em>, Vol. 7, EGU05-A-08418, European Geosciences Union, Viena, Austria. Abril, 2005.<\/li>\r\n \t<li><strong>I. Mancero Mosquera<\/strong>, S. Cosoli, M. Ga\u010di\u0107, A. Mazzoldi, \u201cWind Forcing and Non-Tidal Flow in the Inlets of the Venetian Lagoon\u201d, en <em>Geophysical Research Abstracts<\/em>, Vol. 7, EGU05-A-10197, European Geosciences Union, Viena, Austria. Abril, 2005.<\/li>\r\n \t<li><strong>I. Mancero Mosquera<\/strong>, M. Ga\u010di\u0107, V. Kova\u010devi\u0107, A. Mazzoldi, F. Arena, \u201cWavelet analysis of the nontidal flow in the inlets of the Venetian lagoon\u201d, en <em>Geophysical Research Abstracts<\/em>, Vol. 6, EGU04-A-05266, European Geophysical Society, Niza, Francia. Abril, 2004.<\/li>\r\n \t<li>V. Kovacevic, M. Gacic, <strong>I. Mancero Mosquera<\/strong>, A. Mazzoldi, S. Marinetti, \u201cSurface Flow Characteristics and Variability Observed by HF Radar in front of the Venetian Lagoon\u201d, en <em>Geophysical Research Abstracts<\/em>, Vol. 5, EAE03-A-09324, Asamblea Conjunta de la European Geophysical Society y la American Geophysical Union, Niza, Francia. Abril, 2003.<\/li>\r\n \t<li>M. Gacic, <strong>I. Mancero Mosquera<\/strong>, A. Mazzoldi, V. Kovacevic, \u201cCurrent flow analysis in the inlets of the Venice lagoon\u201d, en <em>Geophysical Research Abstracts<\/em>, Vol. 4, EGS02-A-05567, 27<sup>th<\/sup> General Assembly of the European Geophysical Society, Niza, Francia. Abril, 2002.<\/li>\r\n<\/ul>\r\n","protected":false},"excerpt":{"rendered":"<p>Abstracts, extended abstracts, conference memories: I. Mancero Mosquera, V. Kova\u010devi\u0107, M. Lipizer, A. Triches, F. Arena, R. Villalta, G. Fontolan, \u201cAnalysis of the inlet currents of Grado-Marano lagoon system and comparison with the Venetian lagoon\u201d, en 40th Report of the Mediterranean Science Commission (CIESM), presidido por Su Alteza Seren\u00edsima Pr\u00edncipe Alberto II de M\u00f3naco; Marseille, [&hellip;]<\/p>\n","protected":false},"author":9991,"featured_media":0,"parent":88,"menu_order":0,"comment_status":"closed","ping_status":"closed","template":"","meta":{"_monsterinsights_skip_tracking":false,"_monsterinsights_sitenote_active":false,"_monsterinsights_sitenote_note":"","_monsterinsights_sitenote_category":0,"footnotes":""},"class_list":["post-180","page","type-page","status-publish","hentry"],"_links":{"self":[{"href":"https:\/\/blog.espol.edu.ec\/imancero\/wp-json\/wp\/v2\/pages\/180","targetHints":{"allow":["GET"]}}],"collection":[{"href":"https:\/\/blog.espol.edu.ec\/imancero\/wp-json\/wp\/v2\/pages"}],"about":[{"href":"https:\/\/blog.espol.edu.ec\/imancero\/wp-json\/wp\/v2\/types\/page"}],"author":[{"embeddable":true,"href":"https:\/\/blog.espol.edu.ec\/imancero\/wp-json\/wp\/v2\/users\/9991"}],"replies":[{"embeddable":true,"href":"https:\/\/blog.espol.edu.ec\/imancero\/wp-json\/wp\/v2\/comments?post=180"}],"version-history":[{"count":2,"href":"https:\/\/blog.espol.edu.ec\/imancero\/wp-json\/wp\/v2\/pages\/180\/revisions"}],"predecessor-version":[{"id":188,"href":"https:\/\/blog.espol.edu.ec\/imancero\/wp-json\/wp\/v2\/pages\/180\/revisions\/188"}],"up":[{"embeddable":true,"href":"https:\/\/blog.espol.edu.ec\/imancero\/wp-json\/wp\/v2\/pages\/88"}],"wp:attachment":[{"href":"https:\/\/blog.espol.edu.ec\/imancero\/wp-json\/wp\/v2\/media?parent=180"}],"curies":[{"name":"wp","href":"https:\/\/api.w.org\/{rel}","templated":true}]}}