{"id":182,"date":"2020-05-05T14:20:42","date_gmt":"2020-05-05T14:20:42","guid":{"rendered":"http:\/\/blog.espol.edu.ec\/imancero\/?page_id=182"},"modified":"2020-05-05T14:20:42","modified_gmt":"2020-05-05T14:20:42","slug":"conferences-given","status":"publish","type":"page","link":"https:\/\/blog.espol.edu.ec\/imancero\/research\/conferences-given\/","title":{"rendered":"Conferences given"},"content":{"rendered":"\r\n<ul class=\"wp-block-list\"><li><strong>10 A\u00f1os de Investigaci\u00f3n en la Laguna de Venecia<\/strong>: charla sobre aplicaciones del Algebra Lineal en investigaci\u00f3n; dirigida a los estudiantes del curso regular de \u00c1lgebra Lineal. Guayaquil, Ecuador. Febrero, 2014.<\/li><li><strong>Water flow in the inlets of the Grado-Marano lagoon system, Northern Adriatic Sea<\/strong>, durante el \u201cCaf\u00e9 Cient\u00edfico\u201d, evento en el Istituto Nazionale di Oceanografia e di Geofisica Sperimentale, Trieste, Italia. Diciembre, 2012.<\/li><li><strong>The connection between Bora, Scirocco and the residual current velocity in the Inlets of the Venice lagoon<\/strong>. Taller conjunto OGS-ISMAR-CNR, Venecia, Italia. Junio, 2009.<\/li><li><strong>Wavelets: detecting trends and sudden changes in time series<\/strong>; seminario interno en el Istituto Nazionale di Oceanografia e di Geofisica Sperimentale, Trieste, Italia. Julio, 2006.<\/li><li><strong>Monitoring of Sea Bottom Subsidence via a Pressure Measuring Network<\/strong>, lectura interna del Istituto Nazionale di Oceanografia e di Geofisica Sperimentale, Trieste, Italia. Diciembre, 2004.<\/li><li><strong>Grandes y peque\u00f1as ondas: introducci\u00f3n a la teor\u00eda wavelet<\/strong>; durante \u201cLa Conferencia del Mi\u00e9rcoles\u201d, en la Facultad de Ingenier\u00eda en Electricidad y Computaci\u00f3n (FIEC) de la Escuela Superior Polit\u00e9cnica del Litoral ESPOL. Guayaquil, Ecuador. Octubre, 2004.<\/li><li><strong>Introduction to the Wavelet analysis. Case of study: the ADCP record in the inlets of the Venetian lagoon<\/strong>. Conferencista invitado por el Consejo Nacional de Investigaci\u00f3n de Italia (CNR) y el Istituto di Scienze Marine (ISMAR), Venecia, Italia. Enero, 2004.<\/li><li><strong>Wavelet analysis: introduction and case of study in Venice<\/strong>; lectura interna en el Istituto Nazionale di Oceanografia e di Geofisica Sperimentale, Trieste, Italia. Diciembre, 2003.<\/li><li><strong>Radar applications (CODAR) in oceanography<\/strong>. Lectura solicitada en el seno del \u201cVLIR-Project\u201d, en la Facultad de Ingenier\u00eda Mar\u00edtima y Ciencias del Mar (hoy FIMCBOR), de la Escuela Superior Polit\u00e9cnica del Litoral (ESPOL), Guayaquil, Ecuador. Agosto, 2003.<\/li><li><strong>Preliminary results from the ADCP current measurements in inlets of the Venice lagoon<\/strong>, lectura interna en el Istituto Nazionale di Oceanografia e di Geofisica Sperimentale, Trieste, Italia. Diciembre, 2001.<\/li><\/ul>\r\n","protected":false},"excerpt":{"rendered":"<p>10 A\u00f1os de Investigaci\u00f3n en la Laguna de Venecia: charla sobre aplicaciones del Algebra Lineal en investigaci\u00f3n; dirigida a los estudiantes del curso regular de \u00c1lgebra Lineal. Guayaquil, Ecuador. Febrero, 2014. Water flow in the inlets of the Grado-Marano lagoon system, Northern Adriatic Sea, durante el \u201cCaf\u00e9 Cient\u00edfico\u201d, evento en el Istituto Nazionale di Oceanografia [&hellip;]<\/p>\n","protected":false},"author":9991,"featured_media":0,"parent":88,"menu_order":0,"comment_status":"closed","ping_status":"closed","template":"","meta":{"_monsterinsights_skip_tracking":false,"_monsterinsights_sitenote_active":false,"_monsterinsights_sitenote_note":"","_monsterinsights_sitenote_category":0,"footnotes":""},"class_list":["post-182","page","type-page","status-publish","hentry"],"_links":{"self":[{"href":"https:\/\/blog.espol.edu.ec\/imancero\/wp-json\/wp\/v2\/pages\/182","targetHints":{"allow":["GET"]}}],"collection":[{"href":"https:\/\/blog.espol.edu.ec\/imancero\/wp-json\/wp\/v2\/pages"}],"about":[{"href":"https:\/\/blog.espol.edu.ec\/imancero\/wp-json\/wp\/v2\/types\/page"}],"author":[{"embeddable":true,"href":"https:\/\/blog.espol.edu.ec\/imancero\/wp-json\/wp\/v2\/users\/9991"}],"replies":[{"embeddable":true,"href":"https:\/\/blog.espol.edu.ec\/imancero\/wp-json\/wp\/v2\/comments?post=182"}],"version-history":[{"count":1,"href":"https:\/\/blog.espol.edu.ec\/imancero\/wp-json\/wp\/v2\/pages\/182\/revisions"}],"predecessor-version":[{"id":183,"href":"https:\/\/blog.espol.edu.ec\/imancero\/wp-json\/wp\/v2\/pages\/182\/revisions\/183"}],"up":[{"embeddable":true,"href":"https:\/\/blog.espol.edu.ec\/imancero\/wp-json\/wp\/v2\/pages\/88"}],"wp:attachment":[{"href":"https:\/\/blog.espol.edu.ec\/imancero\/wp-json\/wp\/v2\/media?parent=182"}],"curies":[{"name":"wp","href":"https:\/\/api.w.org\/{rel}","templated":true}]}}