{"id":184,"date":"2020-05-05T14:22:24","date_gmt":"2020-05-05T14:22:24","guid":{"rendered":"http:\/\/blog.espol.edu.ec\/imancero\/?page_id=184"},"modified":"2020-05-05T14:22:24","modified_gmt":"2020-05-05T14:22:24","slug":"workshops-and-conferences-assisted","status":"publish","type":"page","link":"https:\/\/blog.espol.edu.ec\/imancero\/research\/workshops-and-conferences-assisted\/","title":{"rendered":"Workshops and conferences assisted"},"content":{"rendered":"\r\n<ul class=\"wp-block-list\"><li><strong>Analisis de variable compleja, <\/strong>en la Escuela Superior Polit\u00e9cnica del Litoral (ESPOL), Guayaquil, Ecuador. Febrero de 2017<\/li><li><strong>topolog\u00eda, <\/strong>en la Escuela Superior Polit\u00e9cnica del Litoral (ESPOL), Guayaquil, Ecuador. Febrero de 2017<\/li><li><strong>\u00c1lgebra y C\u00e1lculo Matricial, <\/strong>en la Escuela Superior Polit\u00e9cnica del Litoral (ESPOL), Guayaquil, Ecuador. Septiembre de 2016<\/li><li><strong>Ecuaciones Diferenciales Parciales para la Fisica Matem\u00e1tica, <\/strong>en la Escuela Superior Polit\u00e9cnica del Litoral (ESPOL), Guayaquil, Ecuador. Octubre 2015.<\/li><li><strong>International Training Workshop on FPGA Design for Scientific Instrumentation and Computing, <\/strong>en el \u201cAbdus Salam\u201d International Centre for Theoretical Physics (ICTP), Trieste, Italia. 11-22 Noviembre de 2013.<\/li><li><strong>2nd GROOM General Assembly (Gliders for Research, Ocean Observation and Management) , <\/strong>en el marco del European Union Project FP-7, Trieste, Italia. 4-5 Junio de 2013<\/li><li><strong>Conference on decadal predictability, <\/strong>en el \u201cAbdus Salam\u201d International Centre for Theoretical Physics (ICTP), Trieste, Italia. 16-20 Agosto 2010.<\/li><li><strong>Targeted training activity: statistical methods in seasonal prediction<\/strong>, en el \u201cAbdus Salam\u201d International Centre for Theoretical Physics (ICTP), Trieste, Italia. 2-13 Agosto 2010.<\/li><li><strong>Summer school and advanced workshop on trends and developments in linear algebra<\/strong>, en el \u201cAbdus Salam\u201d International Centre for Theoretical Physics (ICTP), Trieste, Italia. 22 Junio - 10 Julio 2009.<\/li><li><strong>Conference on teleconnections in the atmosphere and oceans, <\/strong>en el \u201cAbdus Salam\u201d International Centre for Theoretical Physics (ICTP), Trieste, Italia. 17-20 Noviembre 2008.<\/li><li><strong>Ninth workshop on three-dimentional modeling of seismic waves generation, propagation and their inversion, <\/strong>en el\u201cAbdus Salam\u201d International Centre for Theoretical Physics (ICTP), Trieste, Italia. 22 Septiembre - 4 Octubre 2008.<\/li><li><strong>Training on <em>in-situ<\/em> data recovering, Monitoring of Venice inlets<\/strong>, en altamar cerca de Alberoni, isla Lido di Venezia, Italia. 26-29 Febrero 2008.<\/li><li><strong>SeaSonde (radar) advanced training course<\/strong>, organizado por CODAR Europe, en Baiona, Espa\u00f1a. 15-16 Noviembre 2007.<\/li><li><strong>Ninth workshop on non-linear dynamics and earthquake predictions, <\/strong>en el \u201cAbdus Salam\u201d International Centre for Theoretical Physics (ICTP), Trieste, Italia. 1-3 Octubre 2007<\/li><li><strong>Research workshop: perspectives on nonlinear dynamics <\/strong>durante el<strong> STATPHYS 23<\/strong> en el \u201cAbdus Salam\u201d International Centre for Theoretical Physics (ICTP), Trieste, Italia. 16-27 Julio 2007.<\/li><li><strong>Advanced school on oceanography: \u201cWorld climate and overturning circulation in oceans and mediterranean seas\u201d, <\/strong>en el \u201cAbdus Salam\u201d International Centre for Theoretical Physics (ICTP), Trieste, Italia. 30 Abril - 11 Mayo 2007.<\/li><li><strong>ADCP data collection and operation protocols for coastal areas<\/strong>, organizado por Communication Technology Srl, en Cesenatico, Italia, 8-9 Mayo 2006.<\/li><li><strong>Practical applications of fractals, <\/strong>en el\u201cAbdus Salam\u201d International Centre for Theoretical Physics (ICTP), Trieste, Italia. 17-19 Noviembre 2004.<\/li><li><strong>Oceanographic workshop on the Adriatic Sea<\/strong>, organizado por el Ru\u0111er Bo\u0161kovi\u0107 Institute, en Rovinj, Croacia, Octubre 2003.<\/li><li><strong>2<sup>nd<\/sup> international conference on the teaching of mathematics, at undergraduate level,<\/strong> organizado por la Universidad de Creta, en Hersonissos, Grecia. 1-6 Julio 2002.<\/li><\/ul>\r\n","protected":false},"excerpt":{"rendered":"<p>Analisis de variable compleja, en la Escuela Superior Polit\u00e9cnica del Litoral (ESPOL), Guayaquil, Ecuador. Febrero de 2017 topolog\u00eda, en la Escuela Superior Polit\u00e9cnica del Litoral (ESPOL), Guayaquil, Ecuador. Febrero de 2017 \u00c1lgebra y C\u00e1lculo Matricial, en la Escuela Superior Polit\u00e9cnica del Litoral (ESPOL), Guayaquil, Ecuador. Septiembre de 2016 Ecuaciones Diferenciales Parciales para la Fisica Matem\u00e1tica, [&hellip;]<\/p>\n","protected":false},"author":9991,"featured_media":0,"parent":88,"menu_order":0,"comment_status":"closed","ping_status":"closed","template":"","meta":{"_monsterinsights_skip_tracking":false,"_monsterinsights_sitenote_active":false,"_monsterinsights_sitenote_note":"","_monsterinsights_sitenote_category":0,"footnotes":""},"class_list":["post-184","page","type-page","status-publish","hentry"],"_links":{"self":[{"href":"https:\/\/blog.espol.edu.ec\/imancero\/wp-json\/wp\/v2\/pages\/184","targetHints":{"allow":["GET"]}}],"collection":[{"href":"https:\/\/blog.espol.edu.ec\/imancero\/wp-json\/wp\/v2\/pages"}],"about":[{"href":"https:\/\/blog.espol.edu.ec\/imancero\/wp-json\/wp\/v2\/types\/page"}],"author":[{"embeddable":true,"href":"https:\/\/blog.espol.edu.ec\/imancero\/wp-json\/wp\/v2\/users\/9991"}],"replies":[{"embeddable":true,"href":"https:\/\/blog.espol.edu.ec\/imancero\/wp-json\/wp\/v2\/comments?post=184"}],"version-history":[{"count":1,"href":"https:\/\/blog.espol.edu.ec\/imancero\/wp-json\/wp\/v2\/pages\/184\/revisions"}],"predecessor-version":[{"id":185,"href":"https:\/\/blog.espol.edu.ec\/imancero\/wp-json\/wp\/v2\/pages\/184\/revisions\/185"}],"up":[{"embeddable":true,"href":"https:\/\/blog.espol.edu.ec\/imancero\/wp-json\/wp\/v2\/pages\/88"}],"wp:attachment":[{"href":"https:\/\/blog.espol.edu.ec\/imancero\/wp-json\/wp\/v2\/media?parent=184"}],"curies":[{"name":"wp","href":"https:\/\/api.w.org\/{rel}","templated":true}]}}