{"id":494,"date":"2024-02-19T03:18:07","date_gmt":"2024-02-19T08:18:07","guid":{"rendered":"http:\/\/blog.espol.edu.ec\/imancero\/?page_id=494"},"modified":"2026-04-24T01:30:30","modified_gmt":"2026-04-24T06:30:30","slug":"494-2","status":"publish","type":"page","link":"https:\/\/blog.espol.edu.ec\/imancero\/teaching\/494-2\/","title":{"rendered":"Matem\u00e1ticas"},"content":{"rendered":"<p><strong><span style=\"color: #ff0000\">Matem\u00e1ticas para el Dise\u00f1o y la Comunicaci\u00f3n <\/span><\/strong><span style=\"color: #ff0000\">(MATG2009)<\/span><\/p>\n<p><img loading=\"lazy\" decoding=\"async\" class=\"alignnone wp-image-518\" src=\"http:\/\/blog.espol.edu.ec\/imancero\/files\/2024\/02\/Schermata-2024-02-19-alle-5.47.10-AM.png\" alt=\"\" width=\"161\" height=\"160\" srcset=\"https:\/\/blog.espol.edu.ec\/imancero\/files\/2024\/02\/Schermata-2024-02-19-alle-5.47.10-AM.png 1270w, https:\/\/blog.espol.edu.ec\/imancero\/files\/2024\/02\/Schermata-2024-02-19-alle-5.47.10-AM-150x150.png 150w, https:\/\/blog.espol.edu.ec\/imancero\/files\/2024\/02\/Schermata-2024-02-19-alle-5.47.10-AM-300x300.png 300w, https:\/\/blog.espol.edu.ec\/imancero\/files\/2024\/02\/Schermata-2024-02-19-alle-5.47.10-AM-768x764.png 768w, https:\/\/blog.espol.edu.ec\/imancero\/files\/2024\/02\/Schermata-2024-02-19-alle-5.47.10-AM-1024x1019.png 1024w, https:\/\/blog.espol.edu.ec\/imancero\/files\/2024\/02\/Schermata-2024-02-19-alle-5.47.10-AM-50x50.png 50w, https:\/\/blog.espol.edu.ec\/imancero\/files\/2024\/02\/Schermata-2024-02-19-alle-5.47.10-AM-80x80.png 80w\" sizes=\"auto, (max-width: 161px) 100vw, 161px\" \/><img loading=\"lazy\" decoding=\"async\" class=\"alignnone wp-image-520\" src=\"http:\/\/blog.espol.edu.ec\/imancero\/files\/2024\/02\/Schermata-2024-02-19-alle-5.50.21-AM.png\" alt=\"\" width=\"211\" height=\"160\" srcset=\"https:\/\/blog.espol.edu.ec\/imancero\/files\/2024\/02\/Schermata-2024-02-19-alle-5.50.21-AM.png 1046w, https:\/\/blog.espol.edu.ec\/imancero\/files\/2024\/02\/Schermata-2024-02-19-alle-5.50.21-AM-300x227.png 300w, https:\/\/blog.espol.edu.ec\/imancero\/files\/2024\/02\/Schermata-2024-02-19-alle-5.50.21-AM-768x582.png 768w, https:\/\/blog.espol.edu.ec\/imancero\/files\/2024\/02\/Schermata-2024-02-19-alle-5.50.21-AM-1024x775.png 1024w\" sizes=\"auto, (max-width: 211px) 100vw, 211px\" \/><\/p>\n<p><strong><span style=\"color: #ff0000\">Videos<\/span> <\/strong><\/p>\n<ul>\n<li>Una <a href=\"https:\/\/www.youtube.com\/playlist?list=PLT9iRRUL7nFrFDQXz1EFnF6NiUFLCTbJE\">lista de videos<\/a> (Youtube) de los dias de virtualidad.<\/li>\n<\/ul>\n<p><a href=\"http:\/\/blog.espol.edu.ec\/imancero\/files\/2024\/02\/painterly_anime_artwork_Siames-copia.jpeg\"><img loading=\"lazy\" decoding=\"async\" class=\"alignnone wp-image-514\" src=\"http:\/\/blog.espol.edu.ec\/imancero\/files\/2024\/02\/painterly_anime_artwork_Siames-copia.jpeg\" alt=\"\" width=\"240\" height=\"160\" srcset=\"https:\/\/blog.espol.edu.ec\/imancero\/files\/2024\/02\/painterly_anime_artwork_Siames-copia.jpeg 768w, https:\/\/blog.espol.edu.ec\/imancero\/files\/2024\/02\/painterly_anime_artwork_Siames-copia-300x200.jpeg 300w, https:\/\/blog.espol.edu.ec\/imancero\/files\/2024\/02\/painterly_anime_artwork_Siames-copia-272x182.jpeg 272w\" sizes=\"auto, (max-width: 240px) 100vw, 240px\" \/><\/a><\/p>\n<p><span style=\"color: #ff0000\"><strong>Proyectos<\/strong> (trabajo aut\u00f3nomo) <\/span><\/p>\n<ul>\n<li>Dise\u00f1ando <a href=\"http:\/\/blog.espol.edu.ec\/imancero\/files\/2024\/11\/Fadcom_Teselaciones.pdf\">teselaciones en el plano<\/a>.<\/li>\n<li>Investigando sobre <a href=\"http:\/\/blog.espol.edu.ec\/imancero\/files\/2024\/11\/Fadcom_Fractal.pdf\">fractales<\/a>.<\/li>\n<li><a href=\"http:\/\/blog.espol.edu.ec\/imancero\/files\/2024\/09\/Fadcom_Geometri\u0301a_factorizacio\u0301n.pdf\">Geometr\u00eda y factorizaci\u00f3n.<\/a><\/li>\n<li>Las <a href=\"http:\/\/blog.espol.edu.ec\/imancero\/files\/2024\/10\/Fadcom_CurvasBezier.pdf\">Curvas de B\u00e9zier<\/a> .<\/li>\n<li><a href=\"http:\/\/blog.espol.edu.ec\/imancero\/files\/2024\/12\/Fadcom06_Geometri\u0301a_Bota\u0301nica_.pdf\">Caracterizaciones geom\u00e9tricas en Bot\u00e1nica<\/a>.<\/li>\n<\/ul>\n<p><img loading=\"lazy\" decoding=\"async\" class=\"alignnone wp-image-499\" src=\"http:\/\/blog.espol.edu.ec\/imancero\/files\/2024\/02\/423422364_1521552471752056_1886441788683556880_n.jpg\" alt=\"\" width=\"149\" height=\"160\" srcset=\"https:\/\/blog.espol.edu.ec\/imancero\/files\/2024\/02\/423422364_1521552471752056_1886441788683556880_n.jpg 693w, https:\/\/blog.espol.edu.ec\/imancero\/files\/2024\/02\/423422364_1521552471752056_1886441788683556880_n-280x300.jpg 280w\" sizes=\"auto, (max-width: 149px) 100vw, 149px\" \/><img loading=\"lazy\" decoding=\"async\" class=\"alignnone wp-image-504\" src=\"http:\/\/blog.espol.edu.ec\/imancero\/files\/2024\/02\/IMG_7687.jpeg\" alt=\"\" width=\"228\" height=\"160\" srcset=\"https:\/\/blog.espol.edu.ec\/imancero\/files\/2024\/02\/IMG_7687.jpeg 3708w, https:\/\/blog.espol.edu.ec\/imancero\/files\/2024\/02\/IMG_7687-300x211.jpeg 300w, https:\/\/blog.espol.edu.ec\/imancero\/files\/2024\/02\/IMG_7687-768x540.jpeg 768w, https:\/\/blog.espol.edu.ec\/imancero\/files\/2024\/02\/IMG_7687-1024x720.jpeg 1024w\" sizes=\"auto, (max-width: 228px) 100vw, 228px\" \/><\/p>\n<p><strong><span style=\"color: #ff0000\">Pr\u00e1cticas al aire libre<\/span><\/strong><\/p>\n<ul>\n<li>Visita a Aj\u00e1-Parque de la Ciencia<\/li>\n<li>Midiendo con el <a href=\"http:\/\/blog.espol.edu.ec\/imancero\/files\/2024\/09\/Fadcom_Clino\u0301metro.pdf\">Clin\u00f3metro<\/a>.<\/li>\n<\/ul>\n<p><img loading=\"lazy\" decoding=\"async\" class=\"alignnone wp-image-501\" src=\"http:\/\/blog.espol.edu.ec\/imancero\/files\/2024\/02\/Schermata-2024-02-19-alle-2.59.38-AM.png\" alt=\"\" width=\"206\" height=\"160\" srcset=\"https:\/\/blog.espol.edu.ec\/imancero\/files\/2024\/02\/Schermata-2024-02-19-alle-2.59.38-AM.png 1258w, https:\/\/blog.espol.edu.ec\/imancero\/files\/2024\/02\/Schermata-2024-02-19-alle-2.59.38-AM-300x233.png 300w, https:\/\/blog.espol.edu.ec\/imancero\/files\/2024\/02\/Schermata-2024-02-19-alle-2.59.38-AM-768x597.png 768w, https:\/\/blog.espol.edu.ec\/imancero\/files\/2024\/02\/Schermata-2024-02-19-alle-2.59.38-AM-1024x796.png 1024w\" sizes=\"auto, (max-width: 206px) 100vw, 206px\" \/><img loading=\"lazy\" decoding=\"async\" class=\"alignnone wp-image-503\" src=\"http:\/\/blog.espol.edu.ec\/imancero\/files\/2024\/02\/IMG_6045.jpeg\" alt=\"\" width=\"234\" height=\"160\" srcset=\"https:\/\/blog.espol.edu.ec\/imancero\/files\/2024\/02\/IMG_6045.jpeg 2678w, https:\/\/blog.espol.edu.ec\/imancero\/files\/2024\/02\/IMG_6045-300x206.jpeg 300w, https:\/\/blog.espol.edu.ec\/imancero\/files\/2024\/02\/IMG_6045-768x526.jpeg 768w, https:\/\/blog.espol.edu.ec\/imancero\/files\/2024\/02\/IMG_6045-1024x702.jpeg 1024w\" sizes=\"auto, (max-width: 234px) 100vw, 234px\" \/><\/p>\n<p><strong><span style=\"color: #ff0000\">Mis cursos anteriores:<\/span><\/strong><\/p>\n<ul>\n<li>T\u00e9rmino 2022 IS P1, P2, P3, P4<\/li>\n<li>T\u00e9rmino 2022 IIS P1, P2, P3<\/li>\n<li>T\u00e9rmino 2023 IS P1, P2, P3, P4<\/li>\n<li>T\u00e9rmino 2023 IIS P1, P2, P3<\/li>\n<li>T\u00e9rmino 2024 IS P1, P2, P3, P4<\/li>\n<li>T\u00e9rmino 2024 IIS P1, P2, P3<\/li>\n<li>T\u00e9rmino 2025 IS P1<\/li>\n<\/ul>\n","protected":false},"excerpt":{"rendered":"<p>Matem\u00e1ticas para el Dise\u00f1o y la Comunicaci\u00f3n (MATG2009) Videos Una lista de videos (Youtube) de los dias de virtualidad. Proyectos (trabajo aut\u00f3nomo) Dise\u00f1ando teselaciones en el plano. Investigando sobre fractales. Geometr\u00eda y factorizaci\u00f3n. Las Curvas de B\u00e9zier . Caracterizaciones geom\u00e9tricas en Bot\u00e1nica. Pr\u00e1cticas al aire libre Visita a Aj\u00e1-Parque de la Ciencia Midiendo con el [&hellip;]<\/p>\n","protected":false},"author":9991,"featured_media":0,"parent":81,"menu_order":0,"comment_status":"closed","ping_status":"closed","template":"","meta":{"_monsterinsights_skip_tracking":false,"_monsterinsights_sitenote_active":false,"_monsterinsights_sitenote_note":"","_monsterinsights_sitenote_category":0,"footnotes":""},"class_list":["post-494","page","type-page","status-publish","hentry"],"_links":{"self":[{"href":"https:\/\/blog.espol.edu.ec\/imancero\/wp-json\/wp\/v2\/pages\/494","targetHints":{"allow":["GET"]}}],"collection":[{"href":"https:\/\/blog.espol.edu.ec\/imancero\/wp-json\/wp\/v2\/pages"}],"about":[{"href":"https:\/\/blog.espol.edu.ec\/imancero\/wp-json\/wp\/v2\/types\/page"}],"author":[{"embeddable":true,"href":"https:\/\/blog.espol.edu.ec\/imancero\/wp-json\/wp\/v2\/users\/9991"}],"replies":[{"embeddable":true,"href":"https:\/\/blog.espol.edu.ec\/imancero\/wp-json\/wp\/v2\/comments?post=494"}],"version-history":[{"count":20,"href":"https:\/\/blog.espol.edu.ec\/imancero\/wp-json\/wp\/v2\/pages\/494\/revisions"}],"predecessor-version":[{"id":588,"href":"https:\/\/blog.espol.edu.ec\/imancero\/wp-json\/wp\/v2\/pages\/494\/revisions\/588"}],"up":[{"embeddable":true,"href":"https:\/\/blog.espol.edu.ec\/imancero\/wp-json\/wp\/v2\/pages\/81"}],"wp:attachment":[{"href":"https:\/\/blog.espol.edu.ec\/imancero\/wp-json\/wp\/v2\/media?parent=494"}],"curies":[{"name":"wp","href":"https:\/\/api.w.org\/{rel}","templated":true}]}}