{"id":61,"date":"2020-05-05T06:57:47","date_gmt":"2020-05-05T06:57:47","guid":{"rendered":"http:\/\/blog.espol.edu.ec\/imancero\/?page_id=61"},"modified":"2024-10-08T23:50:06","modified_gmt":"2024-10-09T04:50:06","slug":"hola-mundo","status":"publish","type":"page","link":"https:\/\/blog.espol.edu.ec\/imancero\/","title":{"rendered":"Home"},"content":{"rendered":"<p>\u00a1Hola!<\/p>\n<p>Este semestre estar\u00e9 trabajando en C\u00e1lculo de Varias Variables y en <strong><a href=\"http:\/\/blog.espol.edu.ec\/imancero\/teaching\/494-2\/\">Matem\u00e1ticas<\/a><\/strong> para FADCOM; pero si est\u00e1s buscando material de <strong><a href=\"http:\/\/blog.espol.edu.ec\/imancero\/teaching\/126-2\/\">\u00c1lgebra Lineal<\/a><\/strong>, en el enlace indicado lo hallar\u00e1s. La p\u00e1gina de Varias Variables est\u00e1 aun en construcci\u00f3n.<\/p>\n<p>En particular: Lista reproducci\u00f3n de Youtube sugerida, con las clases de \u00c1lgebra Lineal correspondientes a un semestre regular de ESPOL:<\/p>\n<ul>\n<li>Clases de ejercicios: <a href=\"https:\/\/www.youtube.com\/playlist?list=PLT9iRRUL7nFoII75UE4botk1C741_W0IU\">https:\/\/www.youtube.com\/playlist?list=PLT9iRRUL7nFoII75UE4botk1C741_W0IU<\/a><\/li>\n<li>Demostraciones y argumentaci\u00f3n: <a href=\"https:\/\/www.youtube.com\/playlist?list=PLT9iRRUL7nFoAD9smNGKlTh_BqkJdd83T\">https:\/\/www.youtube.com\/playlist?list=PLT9iRRUL7nFoAD9smNGKlTh_BqkJdd83T<\/a><\/li>\n<\/ul>\n<p>Otra informaci\u00f3n sobre mi trabajo la encontrar\u00e1s navegando en el men\u00fa.<\/p>\n<p>\u00a1Saludos!<\/p>\n","protected":false},"excerpt":{"rendered":"<p>\u00a1Hola! Este semestre estar\u00e9 trabajando en C\u00e1lculo de Varias Variables y en Matem\u00e1ticas para FADCOM; pero si est\u00e1s buscando material de \u00c1lgebra Lineal, en el enlace indicado lo hallar\u00e1s. La p\u00e1gina de Varias Variables est\u00e1 aun en construcci\u00f3n. En particular: Lista reproducci\u00f3n de Youtube sugerida, con las clases de \u00c1lgebra Lineal correspondientes a un semestre [&hellip;]<\/p>\n","protected":false},"author":9991,"featured_media":0,"parent":0,"menu_order":0,"comment_status":"closed","ping_status":"closed","template":"","meta":{"_monsterinsights_skip_tracking":false,"_monsterinsights_sitenote_active":false,"_monsterinsights_sitenote_note":"","_monsterinsights_sitenote_category":0,"footnotes":""},"class_list":["post-61","page","type-page","status-publish","hentry"],"_links":{"self":[{"href":"https:\/\/blog.espol.edu.ec\/imancero\/wp-json\/wp\/v2\/pages\/61","targetHints":{"allow":["GET"]}}],"collection":[{"href":"https:\/\/blog.espol.edu.ec\/imancero\/wp-json\/wp\/v2\/pages"}],"about":[{"href":"https:\/\/blog.espol.edu.ec\/imancero\/wp-json\/wp\/v2\/types\/page"}],"author":[{"embeddable":true,"href":"https:\/\/blog.espol.edu.ec\/imancero\/wp-json\/wp\/v2\/users\/9991"}],"replies":[{"embeddable":true,"href":"https:\/\/blog.espol.edu.ec\/imancero\/wp-json\/wp\/v2\/comments?post=61"}],"version-history":[{"count":101,"href":"https:\/\/blog.espol.edu.ec\/imancero\/wp-json\/wp\/v2\/pages\/61\/revisions"}],"predecessor-version":[{"id":537,"href":"https:\/\/blog.espol.edu.ec\/imancero\/wp-json\/wp\/v2\/pages\/61\/revisions\/537"}],"wp:attachment":[{"href":"https:\/\/blog.espol.edu.ec\/imancero\/wp-json\/wp\/v2\/media?parent=61"}],"curies":[{"name":"wp","href":"https:\/\/api.w.org\/{rel}","templated":true}]}}