{"id":81,"date":"2020-05-05T11:30:51","date_gmt":"2020-05-05T11:30:51","guid":{"rendered":"http:\/\/blog.espol.edu.ec\/imancero\/?page_id=81"},"modified":"2024-02-19T03:19:15","modified_gmt":"2024-02-19T08:19:15","slug":"teaching","status":"publish","type":"page","link":"https:\/\/blog.espol.edu.ec\/imancero\/teaching\/","title":{"rendered":"Teaching"},"content":{"rendered":"<a href=\"http:\/\/blog.espol.edu.ec\/imancero\/files\/2020\/05\/Index3.png\"><img loading=\"lazy\" decoding=\"async\" class=\"wp-image-151 alignnone\" src=\"http:\/\/blog.espol.edu.ec\/imancero\/files\/2020\/05\/Index3.png\" alt=\"\" width=\"378\" height=\"107\" srcset=\"https:\/\/blog.espol.edu.ec\/imancero\/files\/2020\/05\/Index3.png 707w, https:\/\/blog.espol.edu.ec\/imancero\/files\/2020\/05\/Index3-300x85.png 300w\" sizes=\"auto, (max-width: 378px) 100vw, 378px\" \/><\/a>\r\n\r\nMi trabajo actual en docencia se circunscribe al <strong><span style=\"color: #0693e3\"><a style=\"color: #0693e3\" href=\"http:\/\/blog.espol.edu.ec\/imancero\/teaching\/126-2\/\"><span class=\"has-inline-color has-vivid-cyan-blue-color\">\u00c1lgebra<\/span><span class=\"has-inline-color has-vivid-cyan-blue-color\"> L<\/span><span class=\"has-inline-color has-vivid-cyan-blue-color\">ineal<\/span><\/a><\/span><\/strong>.\r\n\r\n<!-- \/wp:post-content -->\r\n\r\n<!-- wp:paragraph -->\r\n\r\nY tambi\u00e9n a <span style=\"color: #ff0000\"><strong><a style=\"color: #ff0000\" href=\"http:\/\/blog.espol.edu.ec\/imancero\/teaching\/494-2\/\">Matem\u00e1ticas<\/a><\/strong><\/span>, para las carreras de Dise\u00f1o y Producci\u00f3n (FADCOM).\r\n\r\nEn el pasado trabaj\u00e9 en <a href=\"http:\/\/blog.espol.edu.ec\/imancero\/teaching\/117-2\/\"><span class=\"has-inline-color\" style=\"color: #118669\"><strong><span style=\"color: #339966\">C\u00e1lculo Diferencial<\/span><\/strong><\/span><\/a> (una variable).\r\n\r\n<!-- \/wp:paragraph -->\r\n\r\n<!-- wp:paragraph -->\r\n\r\nColaboraci\u00f3n con <a href=\"http:\/\/blog.espol.edu.ec\/imancero\/teaching\/153-2\/\"><strong><span style=\"color: #ff6900\">Aj\u00e1 - Parque de la Ciencia<\/span><\/strong><\/a>.\r\n\r\n<!-- \/wp:paragraph -->\r\n\r\n<!-- wp:image {\"id\":110,\"sizeSlug\":\"large\"} -->\r\n\r\n<!-- \/wp:image -->\r\n\r\n<!-- wp:paragraph -->\r\n\r\nColaboraci\u00f3n con Admisiones.","protected":false},"excerpt":{"rendered":"<p>Mi trabajo actual en docencia se circunscribe al \u00c1lgebra Lineal. Y tambi\u00e9n a Matem\u00e1ticas, para las carreras de Dise\u00f1o y Producci\u00f3n (FADCOM). En el pasado trabaj\u00e9 en C\u00e1lculo Diferencial (una variable). Colaboraci\u00f3n con Aj\u00e1 - Parque de la Ciencia. Colaboraci\u00f3n con Admisiones.<\/p>\n","protected":false},"author":9991,"featured_media":0,"parent":0,"menu_order":0,"comment_status":"closed","ping_status":"closed","template":"","meta":{"_monsterinsights_skip_tracking":false,"_monsterinsights_sitenote_active":false,"_monsterinsights_sitenote_note":"","_monsterinsights_sitenote_category":0,"footnotes":""},"class_list":["post-81","page","type-page","status-publish","hentry"],"_links":{"self":[{"href":"https:\/\/blog.espol.edu.ec\/imancero\/wp-json\/wp\/v2\/pages\/81","targetHints":{"allow":["GET"]}}],"collection":[{"href":"https:\/\/blog.espol.edu.ec\/imancero\/wp-json\/wp\/v2\/pages"}],"about":[{"href":"https:\/\/blog.espol.edu.ec\/imancero\/wp-json\/wp\/v2\/types\/page"}],"author":[{"embeddable":true,"href":"https:\/\/blog.espol.edu.ec\/imancero\/wp-json\/wp\/v2\/users\/9991"}],"replies":[{"embeddable":true,"href":"https:\/\/blog.espol.edu.ec\/imancero\/wp-json\/wp\/v2\/comments?post=81"}],"version-history":[{"count":12,"href":"https:\/\/blog.espol.edu.ec\/imancero\/wp-json\/wp\/v2\/pages\/81\/revisions"}],"predecessor-version":[{"id":506,"href":"https:\/\/blog.espol.edu.ec\/imancero\/wp-json\/wp\/v2\/pages\/81\/revisions\/506"}],"wp:attachment":[{"href":"https:\/\/blog.espol.edu.ec\/imancero\/wp-json\/wp\/v2\/media?parent=81"}],"curies":[{"name":"wp","href":"https:\/\/api.w.org\/{rel}","templated":true}]}}